{"id":8261,"date":"2023-04-11T15:09:59","date_gmt":"2023-04-11T12:09:59","guid":{"rendered":"https:\/\/dia24.eu\/?post_type=product&#038;p=8261"},"modified":"2025-09-17T22:21:19","modified_gmt":"2025-09-17T19:21:19","slug":"dexcom-one-starter-kit-transmitter-and-sensor","status":"publish","type":"product","link":"https:\/\/dia24.eu\/es\/product\/dexcom-one-kit-inicio-transmisor-y-sensor\/","title":{"rendered":"Dexcom ONE Kit Inicio (Transmisor + Sensor)"},"content":{"rendered":"<p><strong><span style=\"color: #ff0000;\">IMPORTANTE<\/span> Este sistema de sensores dejar\u00e1 de funcionar en el primer semestre de 2025 <\/strong>ya que se detendr\u00e1 su producci\u00f3n.<br \/>\nTiene la opci\u00f3n de cambiar al nuevo <a href=\"https:\/\/dia24.eu\/es\/product\/dexcom-one-plus\/\"><strong>UNO+<\/strong><\/a> u otros sensores.<\/p>\n<p>El paquete consta de dos art\u00edculos separados:<\/p>\n<ul>\n<li>Sensor Dexcom ONE<\/li>\n<li>Dexcom ONE Transmisor<\/li>\n<\/ul>\n<p>El sensor Dexcom ONE mide continuamente los niveles de glucosa.<br \/>\nEl sensor viene con un aplicador que hace que la inserci\u00f3n sea muy r\u00e1pida y sencilla. El sensor puede llevarse hasta 10 d\u00edas.<br \/>\nRequiere el transmisor Dexcom ONE (puede adquirirse por separado)<\/p>\n<ul>\n<li>El sensor puede llevarse hasta 10 d\u00edas (recomendado)<\/li>\n<li>Viene con un autoaplicador<\/li>\n<\/ul>\n<p>El transmisor Dexcom ONE se acopla al sensor y env\u00eda lecturas de glucosa en tiempo real de forma inal\u00e1mbrica a un smartphone a trav\u00e9s de Bluetooth. Cada transmisor tiene una bater\u00eda de 3 meses de duraci\u00f3n y puede reutilizarse con varios sensores.<\/p>\n<ul>\n<li>Bater\u00eda de 3 meses de duraci\u00f3n<\/li>\n<li>Puede reutilizarse con varios sensores<\/li>\n<li>Aplicaciones compatibles: Dexcom ONE \/ xDrip \/ xDrip4iOS<\/li>\n<\/ul>","protected":false},"excerpt":{"rendered":"<p><strong>Oferta especial<\/strong><br \/>\nPack de inicio del sistema de monitorizaci\u00f3n continua de glucosa Dexcom ONE compuesto por 1 transmisor y 1 sensor.<\/p>\n<p><b>\u00daLTIMAS EXISTENCIAS<\/b><\/p>","protected":false},"featured_media":8276,"comment_status":"open","ping_status":"closed","template":"","meta":[],"etheme_brands":[{"term_id":91,"name":"Dexcom","slug":"dexcom","term_group":0,"term_taxonomy_id":91,"taxonomy":"brand","description":"Dexcom CGM","parent":0,"count":3,"filter":"raw"}],"product_brand":[],"product_cat":[78,79],"product_tag":[],"class_list":{"0":"post-8261","1":"product","2":"type-product","3":"status-publish","4":"has-post-thumbnail","6":"brand-dexcom","7":"product_cat-glucose-sensors-cgm","8":"product_cat-dexcom-one-cgm","10":"first","11":"outofstock","12":"featured","13":"shipping-taxable","14":"purchasable","15":"product-type-simple"},"aioseo_notices":[],"_links":{"self":[{"href":"https:\/\/dia24.eu\/es\/wp-json\/wp\/v2\/product\/8261","targetHints":{"allow":["GET"]}}],"collection":[{"href":"https:\/\/dia24.eu\/es\/wp-json\/wp\/v2\/product"}],"about":[{"href":"https:\/\/dia24.eu\/es\/wp-json\/wp\/v2\/types\/product"}],"replies":[{"embeddable":true,"href":"https:\/\/dia24.eu\/es\/wp-json\/wp\/v2\/comments?post=8261"}],"version-history":[{"count":13,"href":"https:\/\/dia24.eu\/es\/wp-json\/wp\/v2\/product\/8261\/revisions"}],"predecessor-version":[{"id":15127,"href":"https:\/\/dia24.eu\/es\/wp-json\/wp\/v2\/product\/8261\/revisions\/15127"}],"wp:featuredmedia":[{"embeddable":true,"href":"https:\/\/dia24.eu\/es\/wp-json\/wp\/v2\/media\/8276"}],"wp:attachment":[{"href":"https:\/\/dia24.eu\/es\/wp-json\/wp\/v2\/media?parent=8261"}],"wp:term":[{"taxonomy":"brand","embeddable":true,"href":"https:\/\/dia24.eu\/es\/wp-json\/wp\/v2\/etheme_brands?post=8261"},{"taxonomy":"product_brand","embeddable":true,"href":"https:\/\/dia24.eu\/es\/wp-json\/wp\/v2\/product_brand?post=8261"},{"taxonomy":"product_cat","embeddable":true,"href":"https:\/\/dia24.eu\/es\/wp-json\/wp\/v2\/product_cat?post=8261"},{"taxonomy":"product_tag","embeddable":true,"href":"https:\/\/dia24.eu\/es\/wp-json\/wp\/v2\/product_tag?post=8261"}],"curies":[{"name":"wp","href":"https:\/\/api.w.org\/{rel}","templated":true}]}}