{"id":8500,"date":"2023-05-23T00:30:23","date_gmt":"2023-05-22T21:30:23","guid":{"rendered":"https:\/\/dia24.eu\/?post_type=product&#038;p=8500"},"modified":"2025-08-18T09:48:08","modified_gmt":"2025-08-18T06:48:08","slug":"dexcom-one-sensors-2-pack-with-transmitter","status":"publish","type":"product","link":"https:\/\/dia24.eu\/es\/product\/dexcom-one-sensores-2-pack-transmisor\/","title":{"rendered":"Sensores Dexcom ONE (paquete de 2) + Transmisor"},"content":{"rendered":"<p>El sensor Dexcom ONE mide continuamente los niveles de glucosa.<br \/>\nEl sensor viene con un aplicador que hace que la inserci\u00f3n sea muy r\u00e1pida y sencilla. El sensor puede llevarse hasta 10 d\u00edas.<br \/>\nRequiere el transmisor Dexcom ONE (incluido en este paquete)<\/p>\n<ul>\n<li>El sensor puede llevarse hasta 10 d\u00edas (recomendado)<\/li>\n<li>Viene con un autoaplicador<\/li>\n<li>Requiere <strong><a href=\"https:\/\/dia24.eu\/es\/product\/dexcom-one-transmisor\/\">Dexcom ONE Transmisor<\/a><\/strong><\/li>\n<\/ul>","protected":false},"excerpt":{"rendered":"<p>Sensores Dexcom ONE (paquete de 2) para la medici\u00f3n continua del nivel de glucosa con el transmisor Dexcom ONE.<\/p>","protected":false},"featured_media":8501,"comment_status":"closed","ping_status":"closed","template":"","meta":[],"etheme_brands":[],"product_brand":[],"product_cat":[79,78],"product_tag":[110,94,107,108,109],"class_list":{"0":"post-8500","1":"product","2":"type-product","3":"status-publish","4":"has-post-thumbnail","6":"product_cat-dexcom-one-cgm","7":"product_cat-glucose-sensors-cgm","8":"product_tag-cgm","9":"product_tag-dexcom-one","10":"product_tag-kit","11":"product_tag-sensor","12":"product_tag-transmitter","14":"first","15":"outofstock","16":"sale","17":"shipping-taxable","18":"purchasable","19":"product-type-simple"},"aioseo_notices":[],"_links":{"self":[{"href":"https:\/\/dia24.eu\/es\/wp-json\/wp\/v2\/product\/8500","targetHints":{"allow":["GET"]}}],"collection":[{"href":"https:\/\/dia24.eu\/es\/wp-json\/wp\/v2\/product"}],"about":[{"href":"https:\/\/dia24.eu\/es\/wp-json\/wp\/v2\/types\/product"}],"replies":[{"embeddable":true,"href":"https:\/\/dia24.eu\/es\/wp-json\/wp\/v2\/comments?post=8500"}],"version-history":[{"count":1,"href":"https:\/\/dia24.eu\/es\/wp-json\/wp\/v2\/product\/8500\/revisions"}],"predecessor-version":[{"id":8502,"href":"https:\/\/dia24.eu\/es\/wp-json\/wp\/v2\/product\/8500\/revisions\/8502"}],"wp:featuredmedia":[{"embeddable":true,"href":"https:\/\/dia24.eu\/es\/wp-json\/wp\/v2\/media\/8501"}],"wp:attachment":[{"href":"https:\/\/dia24.eu\/es\/wp-json\/wp\/v2\/media?parent=8500"}],"wp:term":[{"taxonomy":"brand","embeddable":true,"href":"https:\/\/dia24.eu\/es\/wp-json\/wp\/v2\/etheme_brands?post=8500"},{"taxonomy":"product_brand","embeddable":true,"href":"https:\/\/dia24.eu\/es\/wp-json\/wp\/v2\/product_brand?post=8500"},{"taxonomy":"product_cat","embeddable":true,"href":"https:\/\/dia24.eu\/es\/wp-json\/wp\/v2\/product_cat?post=8500"},{"taxonomy":"product_tag","embeddable":true,"href":"https:\/\/dia24.eu\/es\/wp-json\/wp\/v2\/product_tag?post=8500"}],"curies":[{"name":"wp","href":"https:\/\/api.w.org\/{rel}","templated":true}]}}