{"id":8902,"date":"2023-06-04T00:14:20","date_gmt":"2023-06-03T21:14:20","guid":{"rendered":"https:\/\/dia24.eu\/?post_type=product&#038;p=8902"},"modified":"2024-07-29T20:07:38","modified_gmt":"2024-07-29T17:07:38","slug":"microlet-lancets-pack-of-200","status":"publish","type":"product","link":"https:\/\/dia24.eu\/es\/product\/microlet-lancets-pack-of-200\/","title":{"rendered":"Lancetas Microlet (Paquete de 200)"},"content":{"rendered":"<p>Lancetas de colores recubiertas de silicona.<br \/>\nPara uso con todos los dispositivos de punci\u00f3n Microlet\u00ae de Bayer.<br \/>\nDise\u00f1adas para adaptarse a la mayor\u00eda de los dispositivos de punci\u00f3n est\u00e1ndar del mercado, para que pueda empezar a utilizarlas con su dispositivo de punci\u00f3n favorito de inmediato.<\/p>\n<p><strong>Instrucciones de uso<\/strong><br \/>\n1. Introduzca la lanceta y desenrosque el capuch\u00f3n protector.<br \/>\n2. Despu\u00e9s del uso, coloque la tapa protectora sobre suelo nivelado. 2. Empuje la lanceta firmemente en el lado abierto del capuch\u00f3n.<br \/>\n3. Tire de la palanca de reinicio y la lanceta se liberar\u00e1.<\/p>\n<p><strong>Advertencias y precauciones<\/strong><br \/>\nNo utilizar por segunda vez, o si ya se ha desenroscado el tap\u00f3n protector.<\/p>\n<p>El idioma del envase puede diferir de la imagen del producto, debido a los distintos mercados.<\/p>","protected":false},"excerpt":{"rendered":"<p>Lancetas de colores recubiertas de silicona, paquete de 200.<br \/>\nPara uso con todos los dispositivos de punci\u00f3n Microlet\u00ae de Bayer.<\/p>","protected":false},"featured_media":8903,"comment_status":"open","ping_status":"closed","template":"","meta":[],"etheme_brands":[],"product_brand":[],"product_cat":[88,96],"product_tag":[],"class_list":{"0":"post-8902","1":"product","2":"type-product","3":"status-publish","4":"has-post-thumbnail","6":"product_cat-accessories","7":"product_cat-blood-glucose-meters","9":"first","10":"instock","11":"shipping-taxable","12":"purchasable","13":"product-type-simple"},"aioseo_notices":[],"_links":{"self":[{"href":"https:\/\/dia24.eu\/es\/wp-json\/wp\/v2\/product\/8902","targetHints":{"allow":["GET"]}}],"collection":[{"href":"https:\/\/dia24.eu\/es\/wp-json\/wp\/v2\/product"}],"about":[{"href":"https:\/\/dia24.eu\/es\/wp-json\/wp\/v2\/types\/product"}],"replies":[{"embeddable":true,"href":"https:\/\/dia24.eu\/es\/wp-json\/wp\/v2\/comments?post=8902"}],"version-history":[{"count":3,"href":"https:\/\/dia24.eu\/es\/wp-json\/wp\/v2\/product\/8902\/revisions"}],"predecessor-version":[{"id":8907,"href":"https:\/\/dia24.eu\/es\/wp-json\/wp\/v2\/product\/8902\/revisions\/8907"}],"wp:featuredmedia":[{"embeddable":true,"href":"https:\/\/dia24.eu\/es\/wp-json\/wp\/v2\/media\/8903"}],"wp:attachment":[{"href":"https:\/\/dia24.eu\/es\/wp-json\/wp\/v2\/media?parent=8902"}],"wp:term":[{"taxonomy":"brand","embeddable":true,"href":"https:\/\/dia24.eu\/es\/wp-json\/wp\/v2\/etheme_brands?post=8902"},{"taxonomy":"product_brand","embeddable":true,"href":"https:\/\/dia24.eu\/es\/wp-json\/wp\/v2\/product_brand?post=8902"},{"taxonomy":"product_cat","embeddable":true,"href":"https:\/\/dia24.eu\/es\/wp-json\/wp\/v2\/product_cat?post=8902"},{"taxonomy":"product_tag","embeddable":true,"href":"https:\/\/dia24.eu\/es\/wp-json\/wp\/v2\/product_tag?post=8902"}],"curies":[{"name":"wp","href":"https:\/\/api.w.org\/{rel}","templated":true}]}}