{"id":8924,"date":"2023-06-04T02:44:15","date_gmt":"2023-06-03T23:44:15","guid":{"rendered":"https:\/\/dia24.eu\/?post_type=product&#038;p=8924"},"modified":"2024-07-29T20:07:20","modified_gmt":"2024-07-29T17:07:20","slug":"livsane-glucose-tablets-raspberry-flavoured-n17","status":"publish","type":"product","link":"https:\/\/dia24.eu\/es\/product\/livsane-glucose-tablets-raspberry-flavoured-n17\/","title":{"rendered":"Livsane Glucosa Comprimidos sabor frambuesa N17"},"content":{"rendered":"<p>Una ayuda r\u00e1pida en casos de hipoglucemia, eleva r\u00e1pidamente el nivel de glucosa en sangre.<br \/>\nUna deliciosa alternativa para el apoyo diario de las funciones del sistema inmunitario. Ayuda a prevenir la sensaci\u00f3n de fatiga por rendimiento. Agradable sabor a frambuesa.<\/p>\n<ul>\n<li>Sin gluten<\/li>\n<li>Sin lactosa<\/li>\n<li>Apto para vegetarianos<\/li>\n<li>Apto para veganos<\/li>\n<\/ul>\n<p><strong>Ingredientes<\/strong><br \/>\nDextrosa (88%), \u00e1cido L-asc\u00f3rbico, grasas vegetales totalmente hidrogenadas (colza, coco), antiaglomerante: sales magn\u00e9sicas de \u00e1cidos grasos, aromas.<\/p>\n<p><strong>Una dosis diaria recomendada de 2 comprimidos contiene:<br \/>\n<\/strong>Dextrosa 4,5 g<br \/>\nVitamina C 80 mg (100% VRN*)<br \/>\n*Porcentaje de la Ingesta Diaria de Referencia para adultos (VRN - Valor Nutricional de Referencia).<\/p>\n<p>Es importante seguir una dieta variada y equilibrada y llevar un estilo de vida saludable.<br \/>\nNo sobrepase la dosis diaria recomendada.<\/p>","protected":false},"excerpt":{"rendered":"<p>Los comprimidos de dextrosa con sabor a frambuesa LIVSANE aportan al organismo cantidades adecuadas de glucosa y vitamina C.<br \/>\nContiene 17 comprimidos masticables.<\/p>","protected":false},"featured_media":8925,"comment_status":"open","ping_status":"closed","template":"","meta":[],"etheme_brands":[],"product_brand":[],"product_cat":[113,83],"product_tag":[],"class_list":{"0":"post-8924","1":"product","2":"type-product","3":"status-publish","4":"has-post-thumbnail","6":"product_cat-glucose-tablets","7":"product_cat-first-aid-and-care","9":"first","10":"outofstock","11":"shipping-taxable","12":"purchasable","13":"product-type-simple"},"aioseo_notices":[],"_links":{"self":[{"href":"https:\/\/dia24.eu\/es\/wp-json\/wp\/v2\/product\/8924","targetHints":{"allow":["GET"]}}],"collection":[{"href":"https:\/\/dia24.eu\/es\/wp-json\/wp\/v2\/product"}],"about":[{"href":"https:\/\/dia24.eu\/es\/wp-json\/wp\/v2\/types\/product"}],"replies":[{"embeddable":true,"href":"https:\/\/dia24.eu\/es\/wp-json\/wp\/v2\/comments?post=8924"}],"version-history":[{"count":1,"href":"https:\/\/dia24.eu\/es\/wp-json\/wp\/v2\/product\/8924\/revisions"}],"predecessor-version":[{"id":8926,"href":"https:\/\/dia24.eu\/es\/wp-json\/wp\/v2\/product\/8924\/revisions\/8926"}],"wp:featuredmedia":[{"embeddable":true,"href":"https:\/\/dia24.eu\/es\/wp-json\/wp\/v2\/media\/8925"}],"wp:attachment":[{"href":"https:\/\/dia24.eu\/es\/wp-json\/wp\/v2\/media?parent=8924"}],"wp:term":[{"taxonomy":"brand","embeddable":true,"href":"https:\/\/dia24.eu\/es\/wp-json\/wp\/v2\/etheme_brands?post=8924"},{"taxonomy":"product_brand","embeddable":true,"href":"https:\/\/dia24.eu\/es\/wp-json\/wp\/v2\/product_brand?post=8924"},{"taxonomy":"product_cat","embeddable":true,"href":"https:\/\/dia24.eu\/es\/wp-json\/wp\/v2\/product_cat?post=8924"},{"taxonomy":"product_tag","embeddable":true,"href":"https:\/\/dia24.eu\/es\/wp-json\/wp\/v2\/product_tag?post=8924"}],"curies":[{"name":"wp","href":"https:\/\/api.w.org\/{rel}","templated":true}]}}