{"id":9795,"date":"2023-07-18T23:27:48","date_gmt":"2023-07-18T20:27:48","guid":{"rendered":"https:\/\/dia24.eu\/?post_type=product&#038;p=9795"},"modified":"2025-08-14T12:17:15","modified_gmt":"2025-08-14T09:17:15","slug":"medismart-ruby-blood-glucose-test-strips-n50","status":"publish","type":"product","link":"https:\/\/dia24.eu\/es\/product\/medismart-ruby-blood-glucose-test-strips-n50\/","title":{"rendered":"MediSmart Ruby Tiras reactivas de glucosa en sangre N50"},"content":{"rendered":"<p>Tiras reactivas MediSmart Ruby para el uso con el gluc\u00f3metro Ruby.<br>Cons\u00e9rvese en un lugar fr\u00edo y protegido de la luz solar directa. Una vez abierto, util\u00edcese antes de 6 meses.<\/p>","protected":false},"excerpt":{"rendered":"<p>Tiras reactivas de glucosa en sangre, caja de 50 tiras.<\/p>","protected":false},"featured_media":9796,"comment_status":"open","ping_status":"closed","template":"","meta":[],"etheme_brands":[],"product_brand":[],"product_cat":[88,96],"product_tag":[],"class_list":{"0":"post-9795","1":"product","2":"type-product","3":"status-publish","4":"has-post-thumbnail","6":"product_cat-accessories","7":"product_cat-blood-glucose-meters","9":"first","10":"instock","11":"shipping-taxable","12":"purchasable","13":"product-type-simple"},"aioseo_notices":[],"_links":{"self":[{"href":"https:\/\/dia24.eu\/es\/wp-json\/wp\/v2\/product\/9795","targetHints":{"allow":["GET"]}}],"collection":[{"href":"https:\/\/dia24.eu\/es\/wp-json\/wp\/v2\/product"}],"about":[{"href":"https:\/\/dia24.eu\/es\/wp-json\/wp\/v2\/types\/product"}],"replies":[{"embeddable":true,"href":"https:\/\/dia24.eu\/es\/wp-json\/wp\/v2\/comments?post=9795"}],"version-history":[{"count":1,"href":"https:\/\/dia24.eu\/es\/wp-json\/wp\/v2\/product\/9795\/revisions"}],"predecessor-version":[{"id":9797,"href":"https:\/\/dia24.eu\/es\/wp-json\/wp\/v2\/product\/9795\/revisions\/9797"}],"wp:featuredmedia":[{"embeddable":true,"href":"https:\/\/dia24.eu\/es\/wp-json\/wp\/v2\/media\/9796"}],"wp:attachment":[{"href":"https:\/\/dia24.eu\/es\/wp-json\/wp\/v2\/media?parent=9795"}],"wp:term":[{"taxonomy":"brand","embeddable":true,"href":"https:\/\/dia24.eu\/es\/wp-json\/wp\/v2\/etheme_brands?post=9795"},{"taxonomy":"product_brand","embeddable":true,"href":"https:\/\/dia24.eu\/es\/wp-json\/wp\/v2\/product_brand?post=9795"},{"taxonomy":"product_cat","embeddable":true,"href":"https:\/\/dia24.eu\/es\/wp-json\/wp\/v2\/product_cat?post=9795"},{"taxonomy":"product_tag","embeddable":true,"href":"https:\/\/dia24.eu\/es\/wp-json\/wp\/v2\/product_tag?post=9795"}],"curies":[{"name":"wp","href":"https:\/\/api.w.org\/{rel}","templated":true}]}}