{"id":12,"date":"2018-07-31T12:15:26","date_gmt":"2018-07-31T09:15:26","guid":{"rendered":"https:\/\/xstore.8theme.com\/?page_id=3"},"modified":"2025-09-18T16:52:45","modified_gmt":"2025-09-18T13:52:45","slug":"privacy-policy","status":"publish","type":"page","link":"https:\/\/dia24.eu\/fr\/privacy-policy\/","title":{"rendered":"Politique de confidentialit\u00e9"},"content":{"rendered":"<div data-elementor-type=\"wp-page\" data-elementor-id=\"12\" class=\"elementor elementor-12\">\n\t\t\t\t\t\t<section class=\"elementor-section elementor-top-section elementor-element elementor-element-24d6b1cf elementor-section-boxed elementor-section-height-default elementor-section-height-default\" data-id=\"24d6b1cf\" data-element_type=\"section\" data-e-type=\"section\">\n\t\t\t\t\t\t<div class=\"elementor-container elementor-column-gap-default\">\n\t\t\t\t\t<div class=\"elementor-column elementor-col-100 elementor-top-column elementor-element elementor-element-671c4de7\" data-id=\"671c4de7\" data-element_type=\"column\" data-e-type=\"column\">\n\t\t\t<div class=\"elementor-widget-wrap elementor-element-populated\">\n\t\t\t\t\t\t<div class=\"elementor-element elementor-element-59e8796d elementor-widget elementor-widget-text-editor\" data-id=\"59e8796d\" data-element_type=\"widget\" data-e-type=\"widget\" data-widget_type=\"text-editor.default\">\n\t\t\t\t<div class=\"elementor-widget-container\">\n\t\t\t\t\t\t\t\t\t<h2>Politique de confidentialit\u00e9<\/h2><p>dia24.eu (l'entreprise) est le responsable du traitement des donn\u00e9es \u00e0 caract\u00e8re personnel.\u00a0<\/p><h3>Collecte et utilisation des donn\u00e9es \u00e0 caract\u00e8re personnel<\/h3><p>Les donn\u00e9es personnelles sont des donn\u00e9es que dia24.eu recueille pour identifier ou contacter une personne individuelle. Les donn\u00e9es personnelles peuvent \u00eatre collect\u00e9es avec le consentement du client de la mani\u00e8re suivante :<\/p><ul><li>Coordonn\u00e9es : le client fournit ses coordonn\u00e9es, \u00e0 savoir son nom, son adresse postale, son num\u00e9ro de t\u00e9l\u00e9phone et son adresse \u00e9lectronique en utilisant notre boutique en ligne.<\/li><li>En utilisant notre site web (dia24.eu) via des cookies<\/li><\/ul><p>Les donn\u00e9es personnelles collect\u00e9es nous permettent d'informer les clients de leurs commandes, des modifications apport\u00e9es aux d\u00e9tails de la commande et de nos actualit\u00e9s.<br \/>Les donn\u00e9es personnelles seront \u00e9galement utilis\u00e9es pour la livraison des marchandises et pour remplir nos obligations envers le client.<\/p><h3>Protection des donn\u00e9es personnelles<\/h3><p>dia24.eu prend toutes les pr\u00e9cautions, y compris les mesures administratives, techniques et physiques pour prot\u00e9ger les donn\u00e9es personnelles des clients. Les donn\u00e9es personnelles ne peuvent \u00eatre consult\u00e9es et modifi\u00e9es que par des personnes autoris\u00e9es.<\/p><h3>S\u00e9curit\u00e9<\/h3><p>Toutes les donn\u00e9es personnelles divulgu\u00e9es lors de la visite de notre boutique en ligne et des achats seront trait\u00e9es comme des informations confidentielles. dia24.eu utilise des canaux de communication crypt\u00e9s et s\u00e9curis\u00e9s avec les passerelles de paiement et sur son site web.<\/p><h3>Modifications de la politique de confidentialit\u00e9<\/h3><p>Nous nous r\u00e9servons le droit de modifier cette politique de confidentialit\u00e9 si n\u00e9cessaire. En acc\u00e9dant \u00e0 notre site web et en l'utilisant, nous supposons que vous avez lu et accept\u00e9 cette politique. Si vous avez des questions suppl\u00e9mentaires, veuillez nous contacter.<\/p>\t\t\t\t\t\t\t\t<\/div>\n\t\t\t\t<\/div>\n\t\t\t\t\t<\/div>\n\t\t<\/div>\n\t\t\t\t\t<\/div>\n\t\t<\/section>\n\t\t\t\t<\/div>","protected":false},"excerpt":{"rendered":"<p>Privacy policy dia24.eu (Company) is the processor of personal data.\u00a0 Collection and use of personal data Personal data is data that dia24.eu collects to identify or contact an individual person. Personal data may be collected with the consent of the customer in the following ways:&#8230;<\/p>","protected":false},"author":1,"featured_media":0,"parent":0,"menu_order":0,"comment_status":"closed","ping_status":"closed","template":"","meta":{"footnotes":""},"class_list":["post-12","page","type-page","status-publish","hentry"],"aioseo_notices":[],"_links":{"self":[{"href":"https:\/\/dia24.eu\/fr\/wp-json\/wp\/v2\/pages\/12","targetHints":{"allow":["GET"]}}],"collection":[{"href":"https:\/\/dia24.eu\/fr\/wp-json\/wp\/v2\/pages"}],"about":[{"href":"https:\/\/dia24.eu\/fr\/wp-json\/wp\/v2\/types\/page"}],"author":[{"embeddable":true,"href":"https:\/\/dia24.eu\/fr\/wp-json\/wp\/v2\/users\/1"}],"replies":[{"embeddable":true,"href":"https:\/\/dia24.eu\/fr\/wp-json\/wp\/v2\/comments?post=12"}],"version-history":[{"count":6,"href":"https:\/\/dia24.eu\/fr\/wp-json\/wp\/v2\/pages\/12\/revisions"}],"predecessor-version":[{"id":15854,"href":"https:\/\/dia24.eu\/fr\/wp-json\/wp\/v2\/pages\/12\/revisions\/15854"}],"wp:attachment":[{"href":"https:\/\/dia24.eu\/fr\/wp-json\/wp\/v2\/media?parent=12"}],"curies":[{"name":"wp","href":"https:\/\/api.w.org\/{rel}","templated":true}]}}