{"id":7602,"date":"2023-03-03T21:00:52","date_gmt":"2023-03-03T19:00:52","guid":{"rendered":"https:\/\/dia24.eu\/?page_id=7602"},"modified":"2023-03-03T22:13:47","modified_gmt":"2023-03-03T20:13:47","slug":"questions-answers","status":"publish","type":"page","link":"https:\/\/dia24.eu\/fr\/questions-reponses\/","title":{"rendered":"Questions et r\u00e9ponses"},"content":{"rendered":"<div data-elementor-type=\"wp-page\" data-elementor-id=\"7602\" class=\"elementor elementor-7602\">\n\t\t\t\t\t\t<section class=\"elementor-section elementor-top-section elementor-element elementor-element-6ea251b elementor-section-boxed elementor-section-height-default elementor-section-height-default\" data-id=\"6ea251b\" data-element_type=\"section\">\n\t\t\t\t\t\t<div class=\"elementor-container elementor-column-gap-default\">\n\t\t\t\t\t<div class=\"elementor-column elementor-col-100 elementor-top-column elementor-element elementor-element-0bfeff4\" data-id=\"0bfeff4\" data-element_type=\"column\">\n\t\t\t<div class=\"elementor-widget-wrap elementor-element-populated\">\n\t\t\t\t\t\t<div class=\"elementor-element elementor-element-836a1d9 elementor-widget elementor-widget-heading\" data-id=\"836a1d9\" data-element_type=\"widget\" data-widget_type=\"heading.default\">\n\t\t\t\t<div class=\"elementor-widget-container\">\n\t\t\t\t\t<h1 class=\"elementor-heading-title elementor-size-default\">Questions et r\u00e9ponses<\/h1>\t\t\t\t<\/div>\n\t\t\t\t<\/div>\n\t\t\t\t\t<\/div>\n\t\t<\/div>\n\t\t\t\t\t<\/div>\n\t\t<\/section>\n\t\t\t\t<section class=\"elementor-section elementor-top-section elementor-element elementor-element-2356efa elementor-section-boxed elementor-section-height-default elementor-section-height-default\" data-id=\"2356efa\" data-element_type=\"section\">\n\t\t\t\t\t\t<div class=\"elementor-container elementor-column-gap-default\">\n\t\t\t\t\t<div class=\"elementor-column elementor-col-66 elementor-top-column elementor-element elementor-element-99ef93c\" data-id=\"99ef93c\" data-element_type=\"column\">\n\t\t\t<div class=\"elementor-widget-wrap elementor-element-populated\">\n\t\t\t\t\t\t<div class=\"elementor-element elementor-element-72f8c4e elementor-widget elementor-widget-heading\" data-id=\"72f8c4e\" data-element_type=\"widget\" data-widget_type=\"heading.default\">\n\t\t\t\t<div class=\"elementor-widget-container\">\n\t\t\t\t\t<h3 class=\"elementor-heading-title elementor-size-default\">Mesure continue du glucose<\/h3>\t\t\t\t<\/div>\n\t\t\t\t<\/div>\n\t\t\t\t<div class=\"elementor-element elementor-element-00a7ca7 elementor-widget elementor-widget-accordion\" data-id=\"00a7ca7\" data-element_type=\"widget\" data-widget_type=\"accordion.default\">\n\t\t\t\t<div class=\"elementor-widget-container\">\n\t\t\t\t\t\t\t<div class=\"elementor-accordion\">\n\t\t\t\t\t\t\t<div class=\"elementor-accordion-item\">\n\t\t\t\t\t<div id=\"elementor-tab-title-6871\" class=\"elementor-tab-title\" data-tab=\"1\" role=\"button\" aria-controls=\"elementor-tab-content-6871\" aria-expanded=\"false\">\n\t\t\t\t\t\t\t\t\t\t\t\t<a class=\"elementor-accordion-title\" tabindex=\"0\">Puis-je utiliser xDrip avec un capteur Dexcom One ?<\/a>\n\t\t\t\t\t<\/div>\n\t\t\t\t\t<div id=\"elementor-tab-content-6871\" class=\"elementor-tab-content elementor-clearfix\" data-tab=\"1\" role=\"region\" aria-labelledby=\"elementor-tab-title-6871\"><p>Oui, xDrip prend en charge les capteurs Dexcom ONE \u00e0 partir de 2021.<br \/>Veuillez utiliser la derni\u00e8re version de xDrip et suivre les instructions suivantes <span style=\"text-decoration: underline;\"><strong><a href=\"https:\/\/xdrip.readthedocs.io\/en\/latest\/install\/g6\/\" target=\"_blank\" rel=\"noopener\">instructions d'installation du capteur G6\/ONE<\/a><\/strong><\/span>.<\/p><\/div>\n\t\t\t\t<\/div>\n\t\t\t\t\t\t\t<div class=\"elementor-accordion-item\">\n\t\t\t\t\t<div id=\"elementor-tab-title-6872\" class=\"elementor-tab-title\" data-tab=\"2\" role=\"button\" aria-controls=\"elementor-tab-content-6872\" aria-expanded=\"false\">\n\t\t\t\t\t\t\t\t\t\t\t\t<a class=\"elementor-accordion-title\" tabindex=\"0\">Puis-je prolonger le capteur Dexcom ONE ?<\/a>\n\t\t\t\t\t<\/div>\n\t\t\t\t\t<div id=\"elementor-tab-content-6872\" class=\"elementor-tab-content elementor-clearfix\" data-tab=\"2\" role=\"region\" aria-labelledby=\"elementor-tab-title-6872\"><p>Bien que le fabricant ait fix\u00e9 la dur\u00e9e de vie du capteur \u00e0 10 jours, vous pouvez la prolonger si vous utilisez l'application xDrip.<br \/>Pour ce faire, vous devez retirer l'\u00e9metteur avec pr\u00e9caution et attendre au moins 10 minutes, puis remettre l'\u00e9metteur sur le capteur et red\u00e9marrer le m\u00eame capteur comme s'il s'agissait d'un nouveau capteur.<\/p><\/div>\n\t\t\t\t<\/div>\n\t\t\t\t\t\t\t<div class=\"elementor-accordion-item\">\n\t\t\t\t\t<div id=\"elementor-tab-title-6873\" class=\"elementor-tab-title\" data-tab=\"3\" role=\"button\" aria-controls=\"elementor-tab-content-6873\" aria-expanded=\"false\">\n\t\t\t\t\t\t\t\t\t\t\t\t<a class=\"elementor-accordion-title\" tabindex=\"0\">Pendant combien de temps puis-je prolonger la dur\u00e9e de vie du capteur ?<\/a>\n\t\t\t\t\t<\/div>\n\t\t\t\t\t<div id=\"elementor-tab-content-6873\" class=\"elementor-tab-content elementor-clearfix\" data-tab=\"3\" role=\"region\" aria-labelledby=\"elementor-tab-title-6873\"><p>La dur\u00e9e de vie du capteur est individuelle et d\u00e9pend de la qualit\u00e9 de la fixation du capteur et de la tenue du patch.<br \/>Certains utilisateurs prolongent la dur\u00e9e de vie du capteur jusqu'\u00e0 5-10 jours.<br \/>Cela fait un total d'environ 15-20 jours.<\/p><\/div>\n\t\t\t\t<\/div>\n\t\t\t\t\t\t\t<div class=\"elementor-accordion-item\">\n\t\t\t\t\t<div id=\"elementor-tab-title-6874\" class=\"elementor-tab-title\" data-tab=\"4\" role=\"button\" aria-controls=\"elementor-tab-content-6874\" aria-expanded=\"false\">\n\t\t\t\t\t\t\t\t\t\t\t\t<a class=\"elementor-accordion-title\" tabindex=\"0\">Dans quels pays le Dexcom ONE est-il pris en charge ?<\/a>\n\t\t\t\t\t<\/div>\n\t\t\t\t\t<div id=\"elementor-tab-content-6874\" class=\"elementor-tab-content elementor-clearfix\" data-tab=\"4\" role=\"region\" aria-labelledby=\"elementor-tab-title-6874\"><p>Le Dexcom ONE n'est officiellement disponible que dans les pays europ\u00e9ens list\u00e9s.<br \/>Vous trouverez plus d'informations sur le site officiel.<\/p><\/div>\n\t\t\t\t<\/div>\n\t\t\t\t\t\t\t<div class=\"elementor-accordion-item\">\n\t\t\t\t\t<div id=\"elementor-tab-title-6875\" class=\"elementor-tab-title\" data-tab=\"5\" role=\"button\" aria-controls=\"elementor-tab-content-6875\" aria-expanded=\"false\">\n\t\t\t\t\t\t\t\t\t\t\t\t<a class=\"elementor-accordion-title\" tabindex=\"0\">Puis-je t\u00e9l\u00e9charger l'application officielle si le Dexcom ONE n'est pas pris en charge dans mon pays ?<\/a>\n\t\t\t\t\t<\/div>\n\t\t\t\t\t<div id=\"elementor-tab-content-6875\" class=\"elementor-tab-content elementor-clearfix\" data-tab=\"5\" role=\"region\" aria-labelledby=\"elementor-tab-title-6875\"><p>\u00c0 notre connaissance, cette possibilit\u00e9 n'existe pas.<br \/>Vous pouvez \u00e9galement utiliser l'application xDrip.<\/p><\/div>\n\t\t\t\t<\/div>\n\t\t\t\t\t\t\t<div class=\"elementor-accordion-item\">\n\t\t\t\t\t<div id=\"elementor-tab-title-6876\" class=\"elementor-tab-title\" data-tab=\"6\" role=\"button\" aria-controls=\"elementor-tab-content-6876\" aria-expanded=\"false\">\n\t\t\t\t\t\t\t\t\t\t\t\t<a class=\"elementor-accordion-title\" tabindex=\"0\">Qu'est-ce que xDrip et quelles sont ses capacit\u00e9s ?<\/a>\n\t\t\t\t\t<\/div>\n\t\t\t\t\t<div id=\"elementor-tab-content-6876\" class=\"elementor-tab-content elementor-clearfix\" data-tab=\"6\" role=\"region\" aria-labelledby=\"elementor-tab-title-6876\"><p>xDrip est une application open-source qui vous permet de connecter des capteurs de diff\u00e9rents fabricants.<br \/>Pour plus d'informations, cliquez ici : <span style=\"text-decoration: underline;\"><strong><a href=\"https:\/\/xdrip.readthedocs.io\/en\/latest\/use\/mainUI\/\" target=\"_blank\" rel=\"noopener\">xDrip+ (goutte \u00e0 goutte)<\/a><\/strong><\/span><\/p><\/div>\n\t\t\t\t<\/div>\n\t\t\t\t\t\t\t<div class=\"elementor-accordion-item\">\n\t\t\t\t\t<div id=\"elementor-tab-title-6877\" class=\"elementor-tab-title\" data-tab=\"7\" role=\"button\" aria-controls=\"elementor-tab-content-6877\" aria-expanded=\"false\">\n\t\t\t\t\t\t\t\t\t\t\t\t<a class=\"elementor-accordion-title\" tabindex=\"0\">xDrip prend-il en charge les alarmes ?<\/a>\n\t\t\t\t\t<\/div>\n\t\t\t\t\t<div id=\"elementor-tab-content-6877\" class=\"elementor-tab-content elementor-clearfix\" data-tab=\"7\" role=\"region\" aria-labelledby=\"elementor-tab-title-6877\"><p>xDrip dispose d'un tr\u00e8s large \u00e9ventail de fonctionnalit\u00e9s.<br \/>Les alarmes d'hypoglyc\u00e9mie et d'hyperglyc\u00e9mie sont l'une de ses caract\u00e9ristiques, vous pouvez les r\u00e9gler et les configurer vous-m\u00eame.<\/p><\/div>\n\t\t\t\t<\/div>\n\t\t\t\t\t\t\t<div class=\"elementor-accordion-item\">\n\t\t\t\t\t<div id=\"elementor-tab-title-6878\" class=\"elementor-tab-title\" data-tab=\"8\" role=\"button\" aria-controls=\"elementor-tab-content-6878\" aria-expanded=\"false\">\n\t\t\t\t\t\t\t\t\t\t\t\t<a class=\"elementor-accordion-title\" tabindex=\"0\">xDrip supporte-t-il Novopen Echo Plus ?<\/a>\n\t\t\t\t\t<\/div>\n\t\t\t\t\t<div id=\"elementor-tab-content-6878\" class=\"elementor-tab-content elementor-clearfix\" data-tab=\"8\" role=\"region\" aria-labelledby=\"elementor-tab-title-6878\"><p>Oui, les derni\u00e8res versions de xDrip supportent les Novopen Echo Plus lisibles par NFC.<br \/>Cela vous permet d'enregistrer vos derni\u00e8res injections directement dans l'application xDrip. Le xDrip pr\u00e9dit alors votre glyc\u00e9mie quelques heures \u00e0 l'avance, \u00e0 utiliser avec pr\u00e9caution.<\/p><\/div>\n\t\t\t\t<\/div>\n\t\t\t\t\t\t\t<div class=\"elementor-accordion-item\">\n\t\t\t\t\t<div id=\"elementor-tab-title-6879\" class=\"elementor-tab-title\" data-tab=\"9\" role=\"button\" aria-controls=\"elementor-tab-content-6879\" aria-expanded=\"false\">\n\t\t\t\t\t\t\t\t\t\t\t\t<a class=\"elementor-accordion-title\" tabindex=\"0\">O\u00f9 puis-je obtenir de l'aide pour des questions relatives \u00e0 xDrip ?<\/a>\n\t\t\t\t\t<\/div>\n\t\t\t\t\t<div id=\"elementor-tab-content-6879\" class=\"elementor-tab-content elementor-clearfix\" data-tab=\"9\" role=\"region\" aria-labelledby=\"elementor-tab-title-6879\"><p><span style=\"text-decoration: underline;\"><strong><a href=\"https:\/\/www.facebook.com\/groups\/xDripG5\/\" target=\"_blank\" rel=\"noopener\">Groupe officiel xDrip sur Facebook<\/a><\/strong><\/span><br \/>Dans ce groupe, vous pouvez poser des questions et demander de l'aide aux autres utilisateurs.<\/p><\/div>\n\t\t\t\t<\/div>\n\t\t\t\t\t\t\t\t\t\t<script type=\"application\/ld+json\">{\n    \"@context\": \"https:\\\/\\\/schema.org\",\n    \"@type\": \"FAQPage\",\n    \"mainEntity\": [\n        {\n            \"@type\": \"Question\",\n            \"name\": \"Can I use xDrip with a Dexcom One sensor?\",\n            \"acceptedAnswer\": {\n                \"@type\": \"Answer\",\n                \"text\": \"<p>Yes, xDrip supports Dexcom ONE sensors from 2021.<br \\\/>Please use the latest version of xDrip and follow the <span style=\\\"text-decoration: underline;\\\"><strong><a href=\\\"https:\\\/\\\/xdrip.readthedocs.io\\\/en\\\/latest\\\/install\\\/g6\\\/\\\" target=\\\"_blank\\\" rel=\\\"noopener\\\">installation instructions for the G6\\\/ONE sensor<\\\/a><\\\/strong><\\\/span>.<\\\/p>\"\n            }\n        },\n        {\n            \"@type\": \"Question\",\n            \"name\": \"Can I extend the Dexcom ONE sensor?\",\n            \"acceptedAnswer\": {\n                \"@type\": \"Answer\",\n                \"text\": \"<p>Although the manufacturer has set the lifetime of the sensor to 10 days, you can extend the lifetime if you use the xDrip app.<br \\\/>To do this, you will need to carefully remove the transmitter and wait at least 10 minutes, then attach the transmitter back to the sensor and start the same sensor as new.<\\\/p>\"\n            }\n        },\n        {\n            \"@type\": \"Question\",\n            \"name\": \"For how long can I extend the lifetime of the sensor?\",\n            \"acceptedAnswer\": {\n                \"@type\": \"Answer\",\n                \"text\": \"<p>The lifetime of the sensor is individual and depends on how well the sensor is attached and whether the patch will hold.<br \\\/>Some users prolong the sensor for up to 5-10 days.<br \\\/>That makes a total of about 15-20 days.<\\\/p>\"\n            }\n        },\n        {\n            \"@type\": \"Question\",\n            \"name\": \"In which countries is Dexcom ONE supported\",\n            \"acceptedAnswer\": {\n                \"@type\": \"Answer\",\n                \"text\": \"<p>Dexcom ONE is officially available only in listed European countries.<br \\\/>More information can be found on the official website.<\\\/p>\"\n            }\n        },\n        {\n            \"@type\": \"Question\",\n            \"name\": \"Can I download the official app if Dexcom ONE is not supported in my country?\",\n            \"acceptedAnswer\": {\n                \"@type\": \"Answer\",\n                \"text\": \"<p>As far as we know, there is no such possibility.<br \\\/>Alternatively, you can use the xDrip app.<\\\/p>\"\n            }\n        },\n        {\n            \"@type\": \"Question\",\n            \"name\": \"What is xDrip and what are its capabilities?\",\n            \"acceptedAnswer\": {\n                \"@type\": \"Answer\",\n                \"text\": \"<p>xDrip is an open-source app that allows you to connect sensors from different manufacturers.<br \\\/>More information can be found here: <span style=\\\"text-decoration: underline;\\\"><strong><a href=\\\"https:\\\/\\\/xdrip.readthedocs.io\\\/en\\\/latest\\\/use\\\/mainUI\\\/\\\" target=\\\"_blank\\\" rel=\\\"noopener\\\">xDrip+<\\\/a><\\\/strong><\\\/span><\\\/p>\"\n            }\n        },\n        {\n            \"@type\": \"Question\",\n            \"name\": \"Does xDrip support alarms?\",\n            \"acceptedAnswer\": {\n                \"@type\": \"Answer\",\n                \"text\": \"<p>xDrip has a very wide range of features.<br \\\/>Low and high blood glucose alarms are one of its features, you can set and configure them yourself.<\\\/p>\"\n            }\n        },\n        {\n            \"@type\": \"Question\",\n            \"name\": \"Does xDrip support Novopen Echo Plus?\",\n            \"acceptedAnswer\": {\n                \"@type\": \"Answer\",\n                \"text\": \"<p>Yes, the latest versions of xDrip support NFC readable Novopen Echo Plus.<br \\\/>This allows you to record your last injections directly into the xDrip app. The xDrip then predicts your blood sugar movement a few hours in advance, use with caution.<\\\/p>\"\n            }\n        },\n        {\n            \"@type\": \"Question\",\n            \"name\": \"Where can I get help with xDrip related questions?\",\n            \"acceptedAnswer\": {\n                \"@type\": \"Answer\",\n                \"text\": \"<p><span style=\\\"text-decoration: underline;\\\"><strong><a href=\\\"https:\\\/\\\/www.facebook.com\\\/groups\\\/xDripG5\\\/\\\" target=\\\"_blank\\\" rel=\\\"noopener\\\">Official xDrip group on Facebook<\\\/a><\\\/strong><\\\/span><br \\\/>In this group you can ask questions and ask for help from other users.<\\\/p>\"\n            }\n        }\n    ]\n}<\/script>\n\t\t\t\t\t<\/div>\n\t\t\t\t\t\t<\/div>\n\t\t\t\t<\/div>\n\t\t\t\t\t<\/div>\n\t\t<\/div>\n\t\t\t\t<div class=\"elementor-column elementor-col-33 elementor-top-column elementor-element elementor-element-82d50ad\" data-id=\"82d50ad\" data-element_type=\"column\">\n\t\t\t<div class=\"elementor-widget-wrap\">\n\t\t\t\t\t\t\t<\/div>\n\t\t<\/div>\n\t\t\t\t\t<\/div>\n\t\t<\/section>\n\t\t\t\t<section class=\"elementor-section elementor-top-section elementor-element elementor-element-bb1df42 elementor-section-boxed elementor-section-height-default elementor-section-height-default\" data-id=\"bb1df42\" data-element_type=\"section\">\n\t\t\t\t\t\t<div class=\"elementor-container elementor-column-gap-default\">\n\t\t\t\t\t<div class=\"elementor-column elementor-col-66 elementor-top-column elementor-element elementor-element-fb34621\" data-id=\"fb34621\" data-element_type=\"column\">\n\t\t\t<div class=\"elementor-widget-wrap elementor-element-populated\">\n\t\t\t\t\t\t<div class=\"elementor-element elementor-element-e288f14 elementor-widget elementor-widget-heading\" data-id=\"e288f14\" data-element_type=\"widget\" data-widget_type=\"heading.default\">\n\t\t\t\t<div class=\"elementor-widget-container\">\n\t\t\t\t\t<h3 class=\"elementor-heading-title elementor-size-default\">Produits, date de p\u00e9remption, transport<\/h3>\t\t\t\t<\/div>\n\t\t\t\t<\/div>\n\t\t\t\t<div class=\"elementor-element elementor-element-03d2d43 elementor-widget elementor-widget-accordion\" data-id=\"03d2d43\" data-element_type=\"widget\" data-widget_type=\"accordion.default\">\n\t\t\t\t<div class=\"elementor-widget-container\">\n\t\t\t\t\t\t\t<div class=\"elementor-accordion\">\n\t\t\t\t\t\t\t<div class=\"elementor-accordion-item\">\n\t\t\t\t\t<div id=\"elementor-tab-title-4001\" class=\"elementor-tab-title\" data-tab=\"1\" role=\"button\" aria-controls=\"elementor-tab-content-4001\" aria-expanded=\"false\">\n\t\t\t\t\t\t\t\t\t\t\t\t<a class=\"elementor-accordion-title\" tabindex=\"0\">Quelle est la date de p\u00e9remption des produits vendus ?<\/a>\n\t\t\t\t\t<\/div>\n\t\t\t\t\t<div id=\"elementor-tab-content-4001\" class=\"elementor-tab-content elementor-clearfix\" data-tab=\"1\" role=\"region\" aria-labelledby=\"elementor-tab-title-4001\"><p>Tous les produits vendus ont la meilleure date de p\u00e9remption possible.<br \/>De nombreux produits ont une p\u00e9riode de validit\u00e9 de 2 \u00e0 3 ans.<\/p><\/div>\n\t\t\t\t<\/div>\n\t\t\t\t\t\t\t<div class=\"elementor-accordion-item\">\n\t\t\t\t\t<div id=\"elementor-tab-title-4002\" class=\"elementor-tab-title\" data-tab=\"2\" role=\"button\" aria-controls=\"elementor-tab-content-4002\" aria-expanded=\"false\">\n\t\t\t\t\t\t\t\t\t\t\t\t<a class=\"elementor-accordion-title\" tabindex=\"0\">Est-il possible de suivre un achat \u00e0 l'aide d'un num\u00e9ro de suivi ?<\/a>\n\t\t\t\t\t<\/div>\n\t\t\t\t\t<div id=\"elementor-tab-content-4002\" class=\"elementor-tab-content elementor-clearfix\" data-tab=\"2\" role=\"region\" aria-labelledby=\"elementor-tab-title-4002\"><p>Oui, nous n'utilisons que des envois recommand\u00e9s.<br \/>D\u00e8s que votre commande est exp\u00e9di\u00e9e, vous trouverez le code de suivi dans les d\u00e9tails de la commande.<\/p><\/div>\n\t\t\t\t<\/div>\n\t\t\t\t\t\t\t\t\t\t<script type=\"application\/ld+json\">{\n    \"@context\": \"https:\\\/\\\/schema.org\",\n    \"@type\": \"FAQPage\",\n    \"mainEntity\": [\n        {\n            \"@type\": \"Question\",\n            \"name\": \"What is the expiry date of the products sold?\",\n            \"acceptedAnswer\": {\n                \"@type\": \"Answer\",\n                \"text\": \"<p>All products sold have the best possible expiry date.<br \\\/>Many products have a 2-3 year validity period.<\\\/p>\"\n            }\n        },\n        {\n            \"@type\": \"Question\",\n            \"name\": \"Is it possible to track a purchase with a tracking number?\",\n            \"acceptedAnswer\": {\n                \"@type\": \"Answer\",\n                \"text\": \"<p>Yes, we only use registered shipments.<br \\\/>As soon as your order is dispatched, you will find the tracking code in the order details.<\\\/p>\"\n            }\n        }\n    ]\n}<\/script>\n\t\t\t\t\t<\/div>\n\t\t\t\t\t\t<\/div>\n\t\t\t\t<\/div>\n\t\t\t\t\t<\/div>\n\t\t<\/div>\n\t\t\t\t<div class=\"elementor-column elementor-col-33 elementor-top-column elementor-element elementor-element-acaf749\" data-id=\"acaf749\" data-element_type=\"column\">\n\t\t\t<div class=\"elementor-widget-wrap\">\n\t\t\t\t\t\t\t<\/div>\n\t\t<\/div>\n\t\t\t\t\t<\/div>\n\t\t<\/section>\n\t\t\t\t<\/div>","protected":false},"excerpt":{"rendered":"<p>Questions and Answers Continuous glucose measurement Can I use xDrip with a Dexcom One sensor? Yes, xDrip supports Dexcom ONE sensors from 2021. Please use the latest version of xDrip and follow the installation instructions for the G6\/ONE sensor. Can I extend the Dexcom ONE&#8230;<\/p>","protected":false},"author":1,"featured_media":0,"parent":0,"menu_order":0,"comment_status":"closed","ping_status":"closed","template":"","meta":{"footnotes":""},"class_list":["post-7602","page","type-page","status-publish","hentry"],"aioseo_notices":[],"_links":{"self":[{"href":"https:\/\/dia24.eu\/fr\/wp-json\/wp\/v2\/pages\/7602","targetHints":{"allow":["GET"]}}],"collection":[{"href":"https:\/\/dia24.eu\/fr\/wp-json\/wp\/v2\/pages"}],"about":[{"href":"https:\/\/dia24.eu\/fr\/wp-json\/wp\/v2\/types\/page"}],"author":[{"embeddable":true,"href":"https:\/\/dia24.eu\/fr\/wp-json\/wp\/v2\/users\/1"}],"replies":[{"embeddable":true,"href":"https:\/\/dia24.eu\/fr\/wp-json\/wp\/v2\/comments?post=7602"}],"version-history":[{"count":62,"href":"https:\/\/dia24.eu\/fr\/wp-json\/wp\/v2\/pages\/7602\/revisions"}],"predecessor-version":[{"id":7674,"href":"https:\/\/dia24.eu\/fr\/wp-json\/wp\/v2\/pages\/7602\/revisions\/7674"}],"wp:attachment":[{"href":"https:\/\/dia24.eu\/fr\/wp-json\/wp\/v2\/media?parent=7602"}],"curies":[{"name":"wp","href":"https:\/\/api.w.org\/{rel}","templated":true}]}}