{"id":9016,"date":"2023-06-06T02:00:35","date_gmt":"2023-06-05T23:00:35","guid":{"rendered":"https:\/\/dia24.eu\/?page_id=9016"},"modified":"2023-06-06T02:14:09","modified_gmt":"2023-06-05T23:14:09","slug":"quantity-discounts","status":"publish","type":"page","link":"https:\/\/dia24.eu\/fr\/quantity-discounts\/","title":{"rendered":"Remises quantitatives"},"content":{"rendered":"<div data-elementor-type=\"wp-page\" data-elementor-id=\"9016\" class=\"elementor elementor-9016\">\n\t\t\t\t\t\t<section class=\"elementor-section elementor-top-section elementor-element elementor-element-b116fce elementor-section-boxed elementor-section-height-default elementor-section-height-default\" data-id=\"b116fce\" data-element_type=\"section\">\n\t\t\t\t\t\t<div class=\"elementor-container elementor-column-gap-default\">\n\t\t\t\t\t<div class=\"elementor-column elementor-col-100 elementor-top-column elementor-element elementor-element-17b2801\" data-id=\"17b2801\" data-element_type=\"column\">\n\t\t\t<div class=\"elementor-widget-wrap elementor-element-populated\">\n\t\t\t\t\t\t<div class=\"elementor-element elementor-element-c0f3ccc elementor-widget elementor-widget-heading\" data-id=\"c0f3ccc\" data-element_type=\"widget\" data-widget_type=\"heading.default\">\n\t\t\t\t<div class=\"elementor-widget-container\">\n\t\t\t\t\t<h1 class=\"elementor-heading-title elementor-size-default\">Remises quantitatives<\/h1>\t\t\t\t<\/div>\n\t\t\t\t<\/div>\n\t\t\t\t<div class=\"elementor-element elementor-element-ecacf47 elementor-widget elementor-widget-text-editor\" data-id=\"ecacf47\" data-element_type=\"widget\" data-widget_type=\"text-editor.default\">\n\t\t\t\t<div class=\"elementor-widget-container\">\n\t\t\t\t\t\t\t\t\t<p>Dans notre boutique, vous trouverez de nombreux produits qui b\u00e9n\u00e9ficient d'une r\u00e9duction suppl\u00e9mentaire si vous en achetez plusieurs.<\/p><h2><strong>R\u00e9ductions<\/strong><\/h2><ol><li>Vous trouverez un tableau des remises quantitatives sous chaque description de produit.<\/li><li>Si un produit n'est pas assorti d'un tableau de rabais de quantit\u00e9, il ne sera malheureusement pas possible de l'acheter en plus grande quantit\u00e9 avec un rabais.<\/li><\/ol><h2>D\u00e9lais de livraison pour les commandes group\u00e9es<\/h2><ol><li>Veuillez noter que la pr\u00e9paration de votre commande en gros peut prendre plus de temps.<\/li><li>La pr\u00e9paration d'une commande group\u00e9e peut prendre jusqu'\u00e0 une semaine ouvrable.\u00a0<\/li><\/ol><h2>B2B et commandes importantes<\/h2><ol><li>Si vous \u00eates une entreprise et que vous souhaitez commander une plus grande quantit\u00e9, veuillez nous contacter et nous envoyer une demande.<\/li><\/ol>\t\t\t\t\t\t\t\t<\/div>\n\t\t\t\t<\/div>\n\t\t\t\t\t<\/div>\n\t\t<\/div>\n\t\t\t\t\t<\/div>\n\t\t<\/section>\n\t\t\t\t<\/div>","protected":false},"excerpt":{"rendered":"<p>Quantity discounts In our shop you will find many products that are available with an extra discount if you buy more than one. Discounts A table with quantity discounts can be found under each product description. If a product does not have a quantity discount&#8230;<\/p>","protected":false},"author":1,"featured_media":0,"parent":0,"menu_order":0,"comment_status":"closed","ping_status":"closed","template":"","meta":{"footnotes":""},"class_list":["post-9016","page","type-page","status-publish","hentry"],"aioseo_notices":[],"_links":{"self":[{"href":"https:\/\/dia24.eu\/fr\/wp-json\/wp\/v2\/pages\/9016","targetHints":{"allow":["GET"]}}],"collection":[{"href":"https:\/\/dia24.eu\/fr\/wp-json\/wp\/v2\/pages"}],"about":[{"href":"https:\/\/dia24.eu\/fr\/wp-json\/wp\/v2\/types\/page"}],"author":[{"embeddable":true,"href":"https:\/\/dia24.eu\/fr\/wp-json\/wp\/v2\/users\/1"}],"replies":[{"embeddable":true,"href":"https:\/\/dia24.eu\/fr\/wp-json\/wp\/v2\/comments?post=9016"}],"version-history":[{"count":4,"href":"https:\/\/dia24.eu\/fr\/wp-json\/wp\/v2\/pages\/9016\/revisions"}],"predecessor-version":[{"id":9021,"href":"https:\/\/dia24.eu\/fr\/wp-json\/wp\/v2\/pages\/9016\/revisions\/9021"}],"wp:attachment":[{"href":"https:\/\/dia24.eu\/fr\/wp-json\/wp\/v2\/media?parent=9016"}],"curies":[{"name":"wp","href":"https:\/\/api.w.org\/{rel}","templated":true}]}}