{"id":9049,"date":"2023-06-09T15:50:48","date_gmt":"2023-06-09T12:50:48","guid":{"rendered":"https:\/\/dia24.eu\/?page_id=9049"},"modified":"2023-09-07T19:49:34","modified_gmt":"2023-09-07T16:49:34","slug":"dexcom-one-cgm","status":"publish","type":"page","link":"https:\/\/dia24.eu\/fr\/dexcom-one-cgm\/","title":{"rendered":"Dexcom ONE CGM"},"content":{"rendered":"<div data-elementor-type=\"wp-page\" data-elementor-id=\"9049\" class=\"elementor elementor-9049\">\n\t\t\t\t\t\t<section class=\"elementor-section elementor-top-section elementor-element elementor-element-854cb14 elementor-section-boxed elementor-section-height-default elementor-section-height-default\" data-id=\"854cb14\" data-element_type=\"section\">\n\t\t\t\t\t\t<div class=\"elementor-container elementor-column-gap-default\">\n\t\t\t\t\t<div class=\"elementor-column elementor-col-50 elementor-top-column elementor-element elementor-element-5140cfc\" data-id=\"5140cfc\" data-element_type=\"column\">\n\t\t\t<div class=\"elementor-widget-wrap elementor-element-populated\">\n\t\t\t\t\t\t<div class=\"elementor-element elementor-element-46fafcd elementor-widget elementor-widget-heading\" data-id=\"46fafcd\" data-element_type=\"widget\" data-widget_type=\"heading.default\">\n\t\t\t\t<div class=\"elementor-widget-container\">\n\t\t\t\t\t<h1 class=\"elementor-heading-title elementor-size-default\">Surveillance du glucose en temps r\u00e9el<\/h1>\t\t\t\t<\/div>\n\t\t\t\t<\/div>\n\t\t\t\t<div class=\"elementor-element elementor-element-3ab2442 elementor-widget elementor-widget-text-editor\" data-id=\"3ab2442\" data-element_type=\"widget\" data-widget_type=\"text-editor.default\">\n\t\t\t\t<div class=\"elementor-widget-container\">\n\t\t\t\t\t\t\t\t\t<p>Dexcom ONE est un syst\u00e8me moderne de surveillance du glucose.<br \/>Il se compose d'un capteur et d'un \u00e9metteur, qui envoie les mesures directement \u00e0 votre smartphone.<br \/>Chaque capteur est livr\u00e9 avec un applicateur automatique et peut \u00eatre port\u00e9 jusqu'\u00e0 10 jours. 100% r\u00e9sistant \u00e0 l'eau.<br \/>Fonctionne avec l'application Dexcom ONE, xDrip+ et xDrip4iOS<\/p>\t\t\t\t\t\t\t\t<\/div>\n\t\t\t\t<\/div>\n\t\t\t\t<div class=\"elementor-element elementor-element-88e91e5 elementor-widget elementor-widget-etheme_animated_headline\" data-id=\"88e91e5\" data-element_type=\"widget\" data-settings=\"{&quot;shape&quot;:&quot;underline&quot;,&quot;duration&quot;:{&quot;unit&quot;:&quot;px&quot;,&quot;size&quot;:2,&quot;sizes&quot;:[]},&quot;delay&quot;:{&quot;unit&quot;:&quot;px&quot;,&quot;size&quot;:1.2,&quot;sizes&quot;:[]},&quot;_animation&quot;:&quot;none&quot;,&quot;text_style&quot;:&quot;highlight&quot;}\" data-widget_type=\"etheme_animated_headline.default\">\n\t\t\t\t<div class=\"elementor-widget-container\">\n\t\t\t\t\t        \n        <div class=\"etheme-headline-wrapper\">\n            <h3 class=\"etheme-headline\" data-style=\"highlight\">\n\t\t                        <span class=\"etheme-headline-text-wrapper\">\n                \n\t\t        Toujours avec vous, sur votre smartphone, dans votre poche.<svg xmlns=\"http:\/\/www.w3.org\/2000\/svg\" viewbox=\"0 0 500 150\" preserveaspectratio=\"none\"><path d=\"M5.5 125.883C149.207 118.384 329.838 103.383 495.5 125.883\"><\/path><\/svg>                \n                <\/span>\n                            <\/h3>\n        <\/div>\n        \n\t\t\t\t\t\t<\/div>\n\t\t\t\t<\/div>\n\t\t\t\t\t<\/div>\n\t\t<\/div>\n\t\t\t\t<div class=\"elementor-column elementor-col-50 elementor-top-column elementor-element elementor-element-a591d80\" data-id=\"a591d80\" data-element_type=\"column\">\n\t\t\t<div class=\"elementor-widget-wrap elementor-element-populated\">\n\t\t\t\t\t\t<div class=\"elementor-element elementor-element-b575452 elementor-align-left elementor-widget elementor-widget-etheme_icon_box\" data-id=\"b575452\" data-element_type=\"widget\" data-settings=\"{&quot;icon_type&quot;:&quot;icon&quot;}\" data-widget_type=\"etheme_icon_box.default\">\n\t\t\t\t<div class=\"elementor-widget-container\">\n\t\t\t\t\t\t\t\t<div class=\"etheme-icon-box etheme-icon-box-icon-position-left\">\n        \n                            \n                <div class=\"etheme-icon-box-icon etheme-icon-box-icon-type-icon\">\n        \n                <i aria-hidden=\"true\" class=\"fas fa-shipping-fast\"><\/i>        \n                <\/div>\n            \n                <div class=\"etheme-icon-box-content\">\n\t\t\n                                        \n                                            <h4 class=\"etheme-icon-box-title\">\n                            <span>Livraison rapide<\/span>\n                        <\/h4>\n                    \t\t\n                                            <p class=\"etheme-icon-box-description\">\n                            A partir de 8\u20ac par commande                        <\/p>\n                    \n                            \n                <\/div>\n\t\t\t<\/div>\n\t\t\t\t\t\t<\/div>\n\t\t\t\t<\/div>\n\t\t\t\t<div class=\"elementor-element elementor-element-38f0c2d elementor-align-left elementor-widget elementor-widget-etheme_icon_box\" data-id=\"38f0c2d\" data-element_type=\"widget\" data-settings=\"{&quot;icon_type&quot;:&quot;icon&quot;}\" data-widget_type=\"etheme_icon_box.default\">\n\t\t\t\t<div class=\"elementor-widget-container\">\n\t\t\t\t\t\t\t\t<div class=\"etheme-icon-box etheme-icon-box-icon-position-left\">\n        \n                            \n                <div class=\"etheme-icon-box-icon etheme-icon-box-icon-type-icon\">\n        \n                <i aria-hidden=\"true\" class=\"fas fa-percent\"><\/i>        \n                <\/div>\n            \n                <div class=\"etheme-icon-box-content\">\n\t\t\n                                        \n                                            <h4 class=\"etheme-icon-box-title\">\n                            <span>Remises quantitatives<\/span>\n                        <\/h4>\n                    \t\t\n                                            <p class=\"etheme-icon-box-description\">\n                            Achetez plus, \u00e9conomisez plus !                        <\/p>\n                    \n                            \n                <\/div>\n\t\t\t<\/div>\n\t\t\t\t\t\t<\/div>\n\t\t\t\t<\/div>\n\t\t\t\t\t<\/div>\n\t\t<\/div>\n\t\t\t\t\t<\/div>\n\t\t<\/section>\n\t\t\t\t<section class=\"elementor-section elementor-top-section elementor-element elementor-element-6a736f7 elementor-section-boxed elementor-section-height-default elementor-section-height-default\" data-id=\"6a736f7\" data-element_type=\"section\">\n\t\t\t\t\t\t<div class=\"elementor-container elementor-column-gap-default\">\n\t\t\t\t\t<div class=\"elementor-column elementor-col-100 elementor-top-column elementor-element elementor-element-15007ad\" data-id=\"15007ad\" data-element_type=\"column\">\n\t\t\t<div class=\"elementor-widget-wrap elementor-element-populated\">\n\t\t\t\t\t\t<div class=\"elementor-element elementor-element-97303de elementor-widget elementor-widget-heading\" data-id=\"97303de\" data-element_type=\"widget\" data-widget_type=\"heading.default\">\n\t\t\t\t<div class=\"elementor-widget-container\">\n\t\t\t\t\t<h3 class=\"elementor-heading-title elementor-size-default\">Prix du Dexcom ONE<\/h3>\t\t\t\t<\/div>\n\t\t\t\t<\/div>\n\t\t\t\t<div class=\"elementor-element elementor-element-8cea06a etheme-elementor-product-align-left elementor-widget elementor-widget-etheme_product_list\" data-id=\"8cea06a\" data-element_type=\"widget\" data-settings=\"{&quot;query_type&quot;:&quot;all&quot;,&quot;navigation&quot;:&quot;none&quot;,&quot;cols_gap&quot;:{&quot;unit&quot;:&quot;px&quot;,&quot;size&quot;:&quot;&quot;,&quot;sizes&quot;:[]},&quot;cols_gap_tablet&quot;:{&quot;unit&quot;:&quot;px&quot;,&quot;size&quot;:&quot;&quot;,&quot;sizes&quot;:[]},&quot;cols_gap_mobile&quot;:{&quot;unit&quot;:&quot;px&quot;,&quot;size&quot;:&quot;&quot;,&quot;sizes&quot;:[]}}\" data-widget_type=\"etheme_product_list.default\">\n\t\t\t\t<div class=\"elementor-widget-container\">\n\t\t\t\t\t<div class=\"etheme-product-list\">\n\n        <div class=\"etheme-product-list-item product type-product post-7044 status-publish first outofstock product_cat-dexcom-one-cgm product_cat-glucose-sensors-cgm has-post-thumbnail sale shipping-taxable purchasable product-type-simple\">\n        \n        <div class=\"etheme-product-list-image\"><a href=\"https:\/\/dia24.eu\/fr\/product\/dexcom-one-transmitter\/\"><img fetchpriority=\"high\" decoding=\"async\" width=\"300\" height=\"300\" src=\"https:\/\/dia24.eu\/wp-content\/uploads\/2023\/02\/Dexcom-ONE-Transmitter-300x300.png\" class=\"attachment-woocommerce_thumbnail size-woocommerce_thumbnail\" alt=\"\u00c9metteur Dexcom ONE\" srcset=\"https:\/\/dia24.eu\/wp-content\/uploads\/2023\/02\/Dexcom-ONE-Transmitter-e1681562151865.png 300w, https:\/\/dia24.eu\/wp-content\/uploads\/2023\/02\/Dexcom-ONE-Transmitter-e1681562151865-150x150.png 150w, https:\/\/dia24.eu\/wp-content\/uploads\/2023\/02\/Dexcom-ONE-Transmitter-768x768.png 768w, https:\/\/dia24.eu\/wp-content\/uploads\/2023\/02\/Dexcom-ONE-Transmitter-e1681562151865-12x12.png 12w, https:\/\/dia24.eu\/wp-content\/uploads\/2023\/02\/Dexcom-ONE-Transmitter-600x600.png 600w, https:\/\/dia24.eu\/wp-content\/uploads\/2023\/02\/Dexcom-ONE-Transmitter-e1681562151865-100x100.png 100w, https:\/\/dia24.eu\/wp-content\/uploads\/2023\/02\/Dexcom-ONE-Transmitter-e1681562151865-1x1.png 1w, https:\/\/dia24.eu\/wp-content\/uploads\/2023\/02\/Dexcom-ONE-Transmitter-e1681562151865-10x10.png 10w\" sizes=\"(max-width: 300px) 100vw, 300px\" \/><\/a><\/div><div class=\"etheme-product-list-content\"><h2 class=\"woocommerce-loop-product__title etheme-product-list-title\"><a href=\"https:\/\/dia24.eu\/fr\/product\/dexcom-one-transmitter\/\">\u00c9metteur Dexcom ONE<\/a><\/h2>\n\t<span class=\"price\"><del aria-hidden=\"true\"><span class=\"woocommerce-Price-amount amount\"><bdi>34,90&nbsp;<span class=\"woocommerce-Price-currencySymbol\">\u20ac<\/span><\/bdi><\/span><\/del> <span class=\"screen-reader-text\" data-no-translation=\"\" data-trp-gettext=\"\">Le prix initial \u00e9tait\u00a0: 34,90&nbsp;&euro;.<\/span><ins aria-hidden=\"true\"><span class=\"woocommerce-Price-amount amount\"><bdi>24,50&nbsp;<span class=\"woocommerce-Price-currencySymbol\">\u20ac<\/span><\/bdi><\/span><\/ins><span class=\"screen-reader-text\" data-no-translation=\"\" data-trp-gettext=\"\">Le prix actuel est\u00a0: 24,50&nbsp;&euro;.<\/span><\/span>\n<\/div>        <\/div>\n                <div class=\"etheme-product-list-item product type-product post-7084 status-publish outofstock product_cat-dexcom-one-cgm product_cat-glucose-sensors-cgm has-post-thumbnail shipping-taxable purchasable product-type-simple\">\n        \n        <div class=\"etheme-product-list-image\"><a href=\"https:\/\/dia24.eu\/fr\/product\/dexcom-one-sensor-1-pack\/\"><img decoding=\"async\" width=\"300\" height=\"300\" src=\"https:\/\/dia24.eu\/wp-content\/uploads\/2023\/02\/DX1-Sensor-300x300.png\" class=\"attachment-woocommerce_thumbnail size-woocommerce_thumbnail\" alt=\"Capteur Dexcom ONE (paquet de 1)\" srcset=\"https:\/\/dia24.eu\/wp-content\/uploads\/2023\/02\/DX1-Sensor-300x300.png 300w, https:\/\/dia24.eu\/wp-content\/uploads\/2023\/02\/DX1-Sensor-150x150.png 150w, https:\/\/dia24.eu\/wp-content\/uploads\/2023\/02\/DX1-Sensor-768x768.png 768w, https:\/\/dia24.eu\/wp-content\/uploads\/2023\/02\/DX1-Sensor-12x12.png 12w, https:\/\/dia24.eu\/wp-content\/uploads\/2023\/02\/DX1-Sensor-600x600.png 600w, https:\/\/dia24.eu\/wp-content\/uploads\/2023\/02\/DX1-Sensor-100x100.png 100w, https:\/\/dia24.eu\/wp-content\/uploads\/2023\/02\/DX1-Sensor-1x1.png 1w, https:\/\/dia24.eu\/wp-content\/uploads\/2023\/02\/DX1-Sensor-10x10.png 10w, https:\/\/dia24.eu\/wp-content\/uploads\/2023\/02\/DX1-Sensor.png 1000w\" sizes=\"(max-width: 300px) 100vw, 300px\" \/><\/a><\/div><div class=\"etheme-product-list-content\"><h2 class=\"woocommerce-loop-product__title etheme-product-list-title\"><a href=\"https:\/\/dia24.eu\/fr\/product\/dexcom-one-sensor-1-pack\/\">Capteur Dexcom ONE (paquet de 1)<\/a><\/h2>\n\t<span class=\"price\"><span class=\"woocommerce-Price-amount amount\"><bdi>49,80&nbsp;<span class=\"woocommerce-Price-currencySymbol\">\u20ac<\/span><\/bdi><\/span><\/span>\n<\/div>        <\/div>\n                <div class=\"etheme-product-list-item product type-product post-7091 status-publish outofstock product_cat-dexcom-one-cgm product_cat-glucose-sensors-cgm has-post-thumbnail sale shipping-taxable purchasable product-type-simple yith-wcbm-product-has-badges\">\n        \n        <div class=\"etheme-product-list-image\"><a href=\"https:\/\/dia24.eu\/fr\/product\/dexcom-one-sensors-3-pack\/\"><div class='container-image-and-badge'><img decoding=\"async\" width=\"300\" height=\"300\" src=\"\/\/dia24.eu\/wp-content\/uploads\/2023\/02\/DX1-Sensors-3-pack-300x300.png\" class=\"attachment-woocommerce_thumbnail size-woocommerce_thumbnail\" alt=\"Capteurs Dexcom ONE (paquet de 3)\" srcset=\"\" sizes=\"(max-width: 300px) 100vw, 300px\" data-srcset=\"\" \/>\n<div class='yith-wcbm-badge yith-wcbm-badge-10704 yith-wcbm-badge-text yith-wcbm-badge--on-product-7091 yith-wcbm-badge-text' data-position='{&quot;top&quot;:&quot;0&quot;,&quot;right&quot;:&quot;0&quot;,&quot;bottom&quot;:&quot;auto&quot;,&quot;left&quot;:&quot;auto&quot;}' data-transform=\"\">\n\t<div class='yith-wcbm-badge__wrap'>\n\t\t<div class=\"yith-wcbm-badge-text\"><p><span style=\"font-size: 10pt\"><strong><span style=\"color: #ffffff\">Achetez 2 \u00e9conomisez 10%<\/span><\/strong><\/span><\/p><\/div>\n\t<\/div>\n<\/div>\n<!--yith-wcbm-badge-->\n<\/div><!--container-image-and-badge--><\/a><\/div><div class=\"etheme-product-list-content\"><h2 class=\"woocommerce-loop-product__title etheme-product-list-title\"><a href=\"https:\/\/dia24.eu\/fr\/product\/dexcom-one-sensors-3-pack\/\">Capteurs Dexcom ONE (paquet de 3)<\/a><\/h2>\n\t<span class=\"price\"><del aria-hidden=\"true\"><span class=\"woocommerce-Price-amount amount\"><bdi>155,00&nbsp;<span class=\"woocommerce-Price-currencySymbol\">\u20ac<\/span><\/bdi><\/span><\/del> <span class=\"screen-reader-text\" data-no-translation=\"\" data-trp-gettext=\"\">Le prix initial \u00e9tait\u00a0: 155,00&nbsp;&euro;.<\/span><ins aria-hidden=\"true\"><span class=\"woocommerce-Price-amount amount\"><bdi>145,00&nbsp;<span class=\"woocommerce-Price-currencySymbol\">\u20ac<\/span><\/bdi><\/span><\/ins><span class=\"screen-reader-text\" data-no-translation=\"\" data-trp-gettext=\"\">Le prix actuel est\u00a0: 145,00&nbsp;&euro;.<\/span><\/span>\n<\/div>        <\/div>\n                <div class=\"etheme-product-list-item product type-product post-8261 status-publish last outofstock product_cat-dexcom-one-cgm product_cat-glucose-sensors-cgm has-post-thumbnail featured shipping-taxable purchasable product-type-simple yith-wcbm-product-has-badges\">\n        \n        <div class=\"etheme-product-list-image\"><a href=\"https:\/\/dia24.eu\/fr\/product\/dexcom-one-starter-kit-transmitter-and-sensor\/\"><img loading=\"lazy\" decoding=\"async\" width=\"300\" height=\"300\" src=\"https:\/\/dia24.eu\/wp-content\/uploads\/2023\/04\/dexcom-one-kit-300x300.png\" class=\"attachment-woocommerce_thumbnail size-woocommerce_thumbnail\" alt=\"Kit de d\u00e9marrage Dexcom ONE (\u00e9metteur + capteur)\" srcset=\"https:\/\/dia24.eu\/wp-content\/uploads\/2023\/04\/dexcom-one-kit-300x300.png 300w, https:\/\/dia24.eu\/wp-content\/uploads\/2023\/04\/dexcom-one-kit-150x150.png 150w, https:\/\/dia24.eu\/wp-content\/uploads\/2023\/04\/dexcom-one-kit-768x768.png 768w, https:\/\/dia24.eu\/wp-content\/uploads\/2023\/04\/dexcom-one-kit-12x12.png 12w, https:\/\/dia24.eu\/wp-content\/uploads\/2023\/04\/dexcom-one-kit-600x600.png 600w, https:\/\/dia24.eu\/wp-content\/uploads\/2023\/04\/dexcom-one-kit-100x100.png 100w, https:\/\/dia24.eu\/wp-content\/uploads\/2023\/04\/dexcom-one-kit-1x1.png 1w, https:\/\/dia24.eu\/wp-content\/uploads\/2023\/04\/dexcom-one-kit-10x10.png 10w, https:\/\/dia24.eu\/wp-content\/uploads\/2023\/04\/dexcom-one-kit.png 1000w\" sizes=\"(max-width: 300px) 100vw, 300px\" \/><\/a><\/div><div class=\"etheme-product-list-content\"><h2 class=\"woocommerce-loop-product__title etheme-product-list-title\"><a href=\"https:\/\/dia24.eu\/fr\/product\/dexcom-one-starter-kit-transmitter-and-sensor\/\">Kit de d\u00e9marrage Dexcom ONE (\u00e9metteur + capteur)<\/a><\/h2>\n\t<span class=\"price\"><span class=\"woocommerce-Price-amount amount\"><bdi>75,00&nbsp;<span class=\"woocommerce-Price-currencySymbol\">\u20ac<\/span><\/bdi><\/span><\/span>\n<\/div>        <\/div>\n                <div class=\"etheme-product-list-item product type-product post-8430 status-publish first outofstock product_cat-dexcom-one-cgm product_cat-glucose-sensors-cgm has-post-thumbnail sold-individually shipping-taxable purchasable product-type-simple\">\n        \n        <div class=\"etheme-product-list-image\"><a href=\"https:\/\/dia24.eu\/fr\/product\/dexcom-one-receiver-bluetooth\/\"><img loading=\"lazy\" decoding=\"async\" width=\"300\" height=\"300\" src=\"https:\/\/dia24.eu\/wp-content\/uploads\/2023\/04\/DXO-RR-300x300.png\" class=\"attachment-woocommerce_thumbnail size-woocommerce_thumbnail\" alt=\"R\u00e9cepteur Dexcom ONE (Bluetooth)\" srcset=\"https:\/\/dia24.eu\/wp-content\/uploads\/2023\/04\/DXO-RR-300x300.png 300w, https:\/\/dia24.eu\/wp-content\/uploads\/2023\/04\/DXO-RR-150x150.png 150w, https:\/\/dia24.eu\/wp-content\/uploads\/2023\/04\/DXO-RR-768x768.png 768w, https:\/\/dia24.eu\/wp-content\/uploads\/2023\/04\/DXO-RR-12x12.png 12w, https:\/\/dia24.eu\/wp-content\/uploads\/2023\/04\/DXO-RR-600x600.png 600w, https:\/\/dia24.eu\/wp-content\/uploads\/2023\/04\/DXO-RR-100x100.png 100w, https:\/\/dia24.eu\/wp-content\/uploads\/2023\/04\/DXO-RR-1x1.png 1w, https:\/\/dia24.eu\/wp-content\/uploads\/2023\/04\/DXO-RR-10x10.png 10w, https:\/\/dia24.eu\/wp-content\/uploads\/2023\/04\/DXO-RR.png 1000w\" sizes=\"(max-width: 300px) 100vw, 300px\" \/><\/a><\/div><div class=\"etheme-product-list-content\"><h2 class=\"woocommerce-loop-product__title etheme-product-list-title\"><a href=\"https:\/\/dia24.eu\/fr\/product\/dexcom-one-receiver-bluetooth\/\">R\u00e9cepteur Dexcom ONE (Bluetooth)<\/a><\/h2>\n\t<span class=\"price\"><span class=\"woocommerce-Price-amount amount\"><bdi>95,00&nbsp;<span class=\"woocommerce-Price-currencySymbol\">\u20ac<\/span><\/bdi><\/span><\/span>\n<\/div>        <\/div>\n                <div class=\"etheme-product-list-item product type-product post-8500 status-publish outofstock product_cat-dexcom-one-cgm product_cat-glucose-sensors-cgm product_tag-cgm product_tag-dexcom-one product_tag-kit product_tag-sensor product_tag-transmitter has-post-thumbnail sale shipping-taxable purchasable product-type-simple\">\n        \n        <div class=\"etheme-product-list-image\"><a href=\"https:\/\/dia24.eu\/fr\/product\/dexcom-one-sensors-2-pack-with-transmitter\/\"><img loading=\"lazy\" decoding=\"async\" width=\"300\" height=\"300\" src=\"https:\/\/dia24.eu\/wp-content\/uploads\/2023\/05\/Dexcom-One-Sensors-2-pack-plus-transmitter-300x300.png\" class=\"attachment-woocommerce_thumbnail size-woocommerce_thumbnail\" alt=\"Capteurs Dexcom ONE (lot de 2) + \u00e9metteur\" srcset=\"https:\/\/dia24.eu\/wp-content\/uploads\/2023\/05\/Dexcom-One-Sensors-2-pack-plus-transmitter-300x300.png 300w, https:\/\/dia24.eu\/wp-content\/uploads\/2023\/05\/Dexcom-One-Sensors-2-pack-plus-transmitter-150x150.png 150w, https:\/\/dia24.eu\/wp-content\/uploads\/2023\/05\/Dexcom-One-Sensors-2-pack-plus-transmitter-768x768.png 768w, https:\/\/dia24.eu\/wp-content\/uploads\/2023\/05\/Dexcom-One-Sensors-2-pack-plus-transmitter-12x12.png 12w, https:\/\/dia24.eu\/wp-content\/uploads\/2023\/05\/Dexcom-One-Sensors-2-pack-plus-transmitter-600x600.png 600w, https:\/\/dia24.eu\/wp-content\/uploads\/2023\/05\/Dexcom-One-Sensors-2-pack-plus-transmitter-100x100.png 100w, https:\/\/dia24.eu\/wp-content\/uploads\/2023\/05\/Dexcom-One-Sensors-2-pack-plus-transmitter-1x1.png 1w, https:\/\/dia24.eu\/wp-content\/uploads\/2023\/05\/Dexcom-One-Sensors-2-pack-plus-transmitter-10x10.png 10w, https:\/\/dia24.eu\/wp-content\/uploads\/2023\/05\/Dexcom-One-Sensors-2-pack-plus-transmitter.png 1000w\" sizes=\"(max-width: 300px) 100vw, 300px\" \/><\/a><\/div><div class=\"etheme-product-list-content\"><h2 class=\"woocommerce-loop-product__title etheme-product-list-title\"><a href=\"https:\/\/dia24.eu\/fr\/product\/dexcom-one-sensors-2-pack-with-transmitter\/\">Capteurs Dexcom ONE (lot de 2) + \u00e9metteur<\/a><\/h2>\n\t<span class=\"price\"><del aria-hidden=\"true\"><span class=\"woocommerce-Price-amount amount\"><bdi>125,00&nbsp;<span class=\"woocommerce-Price-currencySymbol\">\u20ac<\/span><\/bdi><\/span><\/del> <span class=\"screen-reader-text\" data-no-translation=\"\" data-trp-gettext=\"\">Le prix initial \u00e9tait\u00a0: 125,00&nbsp;&euro;.<\/span><ins aria-hidden=\"true\"><span class=\"woocommerce-Price-amount amount\"><bdi>105,00&nbsp;<span class=\"woocommerce-Price-currencySymbol\">\u20ac<\/span><\/bdi><\/span><\/ins><span class=\"screen-reader-text\" data-no-translation=\"\" data-trp-gettext=\"\">Le prix actuel est\u00a0: 105,00&nbsp;&euro;.<\/span><\/span>\n<\/div>        <\/div>\n                <div class=\"etheme-product-list-item product type-product post-10302 status-publish instock product_cat-dexcom-one-cgm product_cat-dexcom-one-plus product_cat-glucose-sensors-cgm has-post-thumbnail sale featured shipping-taxable purchasable product-type-simple\">\n        \n        <div class=\"etheme-product-list-image\"><a href=\"https:\/\/dia24.eu\/fr\/product\/dexcom-one-plus\/\"><img loading=\"lazy\" decoding=\"async\" width=\"300\" height=\"300\" src=\"https:\/\/dia24.eu\/wp-content\/uploads\/2024\/01\/ONEplus-sensor-applicator-300x300.png\" class=\"attachment-woocommerce_thumbnail size-woocommerce_thumbnail\" alt=\"Capteur Dexcom ONE+ (1 paquet)\" srcset=\"https:\/\/dia24.eu\/wp-content\/uploads\/2024\/01\/ONEplus-sensor-applicator-300x300.png 300w, https:\/\/dia24.eu\/wp-content\/uploads\/2024\/01\/ONEplus-sensor-applicator-150x150.png 150w, https:\/\/dia24.eu\/wp-content\/uploads\/2024\/01\/ONEplus-sensor-applicator-768x768.png 768w, https:\/\/dia24.eu\/wp-content\/uploads\/2024\/01\/ONEplus-sensor-applicator-12x12.png 12w, https:\/\/dia24.eu\/wp-content\/uploads\/2024\/01\/ONEplus-sensor-applicator-600x600.png 600w, https:\/\/dia24.eu\/wp-content\/uploads\/2024\/01\/ONEplus-sensor-applicator-100x100.png 100w, https:\/\/dia24.eu\/wp-content\/uploads\/2024\/01\/ONEplus-sensor-applicator-1x1.png 1w, https:\/\/dia24.eu\/wp-content\/uploads\/2024\/01\/ONEplus-sensor-applicator-10x10.png 10w, https:\/\/dia24.eu\/wp-content\/uploads\/2024\/01\/ONEplus-sensor-applicator.png 1000w\" sizes=\"(max-width: 300px) 100vw, 300px\" \/><\/a><\/div><div class=\"etheme-product-list-content\"><h2 class=\"woocommerce-loop-product__title etheme-product-list-title\"><a href=\"https:\/\/dia24.eu\/fr\/product\/dexcom-one-plus\/\">Capteur Dexcom ONE+ (1 paquet)<\/a><\/h2>\n\t<span class=\"price\"><del aria-hidden=\"true\"><span class=\"woocommerce-Price-amount amount\"><bdi>51,50&nbsp;<span class=\"woocommerce-Price-currencySymbol\">\u20ac<\/span><\/bdi><\/span><\/del> <span class=\"screen-reader-text\" data-no-translation=\"\" data-trp-gettext=\"\">Le prix initial \u00e9tait\u00a0: 51,50&nbsp;&euro;.<\/span><ins aria-hidden=\"true\"><span class=\"woocommerce-Price-amount amount\"><bdi>48,00&nbsp;<span class=\"woocommerce-Price-currencySymbol\">\u20ac<\/span><\/bdi><\/span><\/ins><span class=\"screen-reader-text\" data-no-translation=\"\" data-trp-gettext=\"\">Le prix actuel est\u00a0: 48,00&nbsp;&euro;.<\/span><\/span>\n<\/div>        <\/div>\n                <div class=\"etheme-product-list-item product type-product post-11469 status-publish last instock product_cat-dexcom-one-cgm product_cat-dexcom-one-plus product_cat-glucose-sensors-cgm has-post-thumbnail sale featured shipping-taxable purchasable product-type-simple\">\n        \n        <div class=\"etheme-product-list-image\"><a href=\"https:\/\/dia24.eu\/fr\/product\/dexcom-one-sensors-set-of-3\/\"><img loading=\"lazy\" decoding=\"async\" width=\"300\" height=\"300\" src=\"\/\/dia24.eu\/wp-content\/uploads\/2024\/12\/ONEplus-sensor-applicator-set-3-300x300.png\" class=\"attachment-woocommerce_thumbnail size-woocommerce_thumbnail\" alt=\"Jeu de 3 capteurs Dexcom ONE plus\" srcset=\"\" sizes=\"(max-width: 300px) 100vw, 300px\" data-srcset=\"\" \/><\/a><\/div><div class=\"etheme-product-list-content\"><h2 class=\"woocommerce-loop-product__title etheme-product-list-title\"><a href=\"https:\/\/dia24.eu\/fr\/product\/dexcom-one-sensors-set-of-3\/\">Capteurs Dexcom ONE+ (lot de 3)<\/a><\/h2>\n\t<span class=\"price\"><del aria-hidden=\"true\"><span class=\"woocommerce-Price-amount amount\"><bdi>155,00&nbsp;<span class=\"woocommerce-Price-currencySymbol\">\u20ac<\/span><\/bdi><\/span><\/del> <span class=\"screen-reader-text\" data-no-translation=\"\" data-trp-gettext=\"\">Le prix initial \u00e9tait\u00a0: 155,00&nbsp;&euro;.<\/span><ins aria-hidden=\"true\"><span class=\"woocommerce-Price-amount amount\"><bdi>135,00&nbsp;<span class=\"woocommerce-Price-currencySymbol\">\u20ac<\/span><\/bdi><\/span><\/ins><span class=\"screen-reader-text\" data-no-translation=\"\" data-trp-gettext=\"\">Le prix actuel est\u00a0: 135,00&nbsp;&euro;.<\/span><\/span>\n<\/div>        <\/div>\n        <\/div> <!-- .row -->\t\t\t\t<\/div>\n\t\t\t\t<\/div>\n\t\t\t\t\t<\/div>\n\t\t<\/div>\n\t\t\t\t\t<\/div>\n\t\t<\/section>\n\t\t\t\t<\/div>","protected":false},"excerpt":{"rendered":"<p>Surveillance du glucose en temps r\u00e9el Dexcom ONE est un syst\u00e8me moderne de surveillance du glucose.Il se compose d'un capteur et d'un transmetteur, qui envoie les mesures directement \u00e0 votre smartphone.Chaque capteur est livr\u00e9 avec un auto-applicateur et peut \u00eatre port\u00e9 jusqu'\u00e0 10 jours. R\u00e9sistant \u00e0 l'eau 100%. Fonctionne avec l'application Dexcom ONE, xDrip+...<\/p>","protected":false},"author":1,"featured_media":0,"parent":0,"menu_order":0,"comment_status":"closed","ping_status":"closed","template":"","meta":{"footnotes":""},"class_list":["post-9049","page","type-page","status-publish","hentry"],"aioseo_notices":[],"_links":{"self":[{"href":"https:\/\/dia24.eu\/fr\/wp-json\/wp\/v2\/pages\/9049","targetHints":{"allow":["GET"]}}],"collection":[{"href":"https:\/\/dia24.eu\/fr\/wp-json\/wp\/v2\/pages"}],"about":[{"href":"https:\/\/dia24.eu\/fr\/wp-json\/wp\/v2\/types\/page"}],"author":[{"embeddable":true,"href":"https:\/\/dia24.eu\/fr\/wp-json\/wp\/v2\/users\/1"}],"replies":[{"embeddable":true,"href":"https:\/\/dia24.eu\/fr\/wp-json\/wp\/v2\/comments?post=9049"}],"version-history":[{"count":284,"href":"https:\/\/dia24.eu\/fr\/wp-json\/wp\/v2\/pages\/9049\/revisions"}],"predecessor-version":[{"id":9908,"href":"https:\/\/dia24.eu\/fr\/wp-json\/wp\/v2\/pages\/9049\/revisions\/9908"}],"wp:attachment":[{"href":"https:\/\/dia24.eu\/fr\/wp-json\/wp\/v2\/media?parent=9049"}],"curies":[{"name":"wp","href":"https:\/\/api.w.org\/{rel}","templated":true}]}}