{"id":10052,"date":"2023-11-04T15:13:03","date_gmt":"2023-11-04T13:13:03","guid":{"rendered":"https:\/\/dia24.eu\/?post_type=product&#038;p=10052"},"modified":"2025-05-29T18:45:09","modified_gmt":"2025-05-29T15:45:09","slug":"trio-elisse-skin-barrier-spray","status":"publish","type":"product","link":"https:\/\/dia24.eu\/fr\/product\/trio-elisse-skin-barrier-spray\/","title":{"rendered":"Trio Elisse spray barri\u00e8re cutan\u00e9e 50ml"},"content":{"rendered":"<p>Utilisation : pour prot\u00e9ger la peau contre les r\u00e9sidus, les enzymes et les adh\u00e9sifs.<\/p>\n<p>Le protecteur cutan\u00e9 Trio Elisse\u2122 peut \u00eatre utilis\u00e9 sous divers patchs, tels que les patchs adh\u00e9sifs pour capteurs, les patchs adh\u00e9sifs pour stomies ou les patchs utilis\u00e9s pour traiter les plaies. L'utilisation du protecteur cutan\u00e9 apaise la peau rougie et r\u00e9duit les d\u00e9mangeaisons. Gr\u00e2ce \u00e0 sa formule \u00e0 base de silicone, l'utilisation de ce produit ne provoque g\u00e9n\u00e9ralement pas de r\u00e9action allergique. Le produit ne contient pas d'alcool.<\/p>\n<p><strong>Comment l'utiliser ?<\/strong><\/p>\n<ol>\n<li>Nettoyer et s\u00e9cher la peau<\/li>\n<li>Tenez la buse \u00e0 une distance d'environ 10 cm de la surface \u00e0 traiter.<\/li>\n<li>Appliquez une couche lisse et r\u00e9guli\u00e8re du produit.<\/li>\n<li>Veillez \u00e0 ce que la peau soit compl\u00e8tement s\u00e8che avant d'appliquer des produits adh\u00e9sifs, tels qu'un patch ou un capteur.<\/li>\n<li>Renouvelez l'application chaque fois que le dispositif ou le correctif est modifi\u00e9 afin de garantir une protection compl\u00e8te.<\/li>\n<\/ol>\n<p>Il n'est g\u00e9n\u00e9ralement pas n\u00e9cessaire d'enlever la protection cutan\u00e9e \u00e0 l'aide d'un dissolvant pour adh\u00e9sif et un lavage normal de la peau suffit, mais elle peut \u00eatre facilement enlev\u00e9e \u00e0 l'aide d'un dissolvant pour adh\u00e9sif m\u00e9dical si n\u00e9cessaire.<\/p>\n<p>Le pulv\u00e9risateur fonctionne sous tous les angles.<\/p>\n<p><strong>Attention :<\/strong><\/p>\n<ul>\n<li>\u00c9vitez de pulv\u00e9riser directement sur la plaie (par exemple lors de l'utilisation de pansements).<\/li>\n<li>En cas de doute, vaporisez le produit sur d'autres zones de la peau pour le tester avant de l'utiliser.<\/li>\n<li>En cas d'irritation de la peau, arr\u00eatez l'utilisation et contactez un professionnel de la sant\u00e9.<\/li>\n<li>\u00c9viter l'inhalation de la substance \u00e0 pulv\u00e9riser<\/li>\n<li>Pour usage externe uniquement<\/li>\n<li>Le produit est inflammable, ne le fumez pas et ne l'utilisez pas \u00e0 proximit\u00e9 d'un feu ouvert.<\/li>\n<\/ul>","protected":false},"excerpt":{"rendered":"<p>Le protecteur cutan\u00e9 Trio Elisse\u2122 peut \u00eatre utilis\u00e9 sous divers patchs, tels que les patchs adh\u00e9sifs pour capteurs, les patchs adh\u00e9sifs pour stomies ou les patchs utilis\u00e9s pour traiter les plaies. L'utilisation du protecteur cutan\u00e9 apaise la peau rougie et r\u00e9duit les d\u00e9mangeaisons. Gr\u00e2ce \u00e0 sa formule \u00e0 base de silicone, l'utilisation de ce produit ne provoque g\u00e9n\u00e9ralement pas de r\u00e9action allergique. Le produit ne contient pas d'alcool.<\/p>","protected":false},"featured_media":10053,"comment_status":"open","ping_status":"closed","template":"","meta":[],"etheme_brands":[],"product_brand":[],"product_cat":[83,86,80],"product_tag":[],"class_list":{"0":"post-10052","1":"product","2":"type-product","3":"status-publish","4":"has-post-thumbnail","6":"product_cat-first-aid-and-care","7":"product_cat-patches-and-skin-barriers","8":"product_cat-adhesive-patches","10":"first","11":"instock","12":"shipping-taxable","13":"purchasable","14":"product-type-simple"},"aioseo_notices":[],"_links":{"self":[{"href":"https:\/\/dia24.eu\/fr\/wp-json\/wp\/v2\/product\/10052","targetHints":{"allow":["GET"]}}],"collection":[{"href":"https:\/\/dia24.eu\/fr\/wp-json\/wp\/v2\/product"}],"about":[{"href":"https:\/\/dia24.eu\/fr\/wp-json\/wp\/v2\/types\/product"}],"replies":[{"embeddable":true,"href":"https:\/\/dia24.eu\/fr\/wp-json\/wp\/v2\/comments?post=10052"}],"version-history":[{"count":3,"href":"https:\/\/dia24.eu\/fr\/wp-json\/wp\/v2\/product\/10052\/revisions"}],"predecessor-version":[{"id":10059,"href":"https:\/\/dia24.eu\/fr\/wp-json\/wp\/v2\/product\/10052\/revisions\/10059"}],"wp:featuredmedia":[{"embeddable":true,"href":"https:\/\/dia24.eu\/fr\/wp-json\/wp\/v2\/media\/10053"}],"wp:attachment":[{"href":"https:\/\/dia24.eu\/fr\/wp-json\/wp\/v2\/media?parent=10052"}],"wp:term":[{"taxonomy":"brand","embeddable":true,"href":"https:\/\/dia24.eu\/fr\/wp-json\/wp\/v2\/etheme_brands?post=10052"},{"taxonomy":"product_brand","embeddable":true,"href":"https:\/\/dia24.eu\/fr\/wp-json\/wp\/v2\/product_brand?post=10052"},{"taxonomy":"product_cat","embeddable":true,"href":"https:\/\/dia24.eu\/fr\/wp-json\/wp\/v2\/product_cat?post=10052"},{"taxonomy":"product_tag","embeddable":true,"href":"https:\/\/dia24.eu\/fr\/wp-json\/wp\/v2\/product_tag?post=10052"}],"curies":[{"name":"wp","href":"https:\/\/api.w.org\/{rel}","templated":true}]}}