{"id":10056,"date":"2023-11-04T15:31:07","date_gmt":"2023-11-04T13:31:07","guid":{"rendered":"https:\/\/dia24.eu\/?post_type=product&#038;p=10056"},"modified":"2026-03-05T13:19:05","modified_gmt":"2026-03-05T11:19:05","slug":"dansac-easispray-medical-adhesive-remover-50ml","status":"publish","type":"product","link":"https:\/\/dia24.eu\/fr\/product\/dansac-easispray-medical-adhesive-remover-50ml\/","title":{"rendered":"Dansac EasiSpray dissolvant d'adh\u00e9sif m\u00e9dical 50ml"},"content":{"rendered":"<p>Utilisation : pour retirer les patchs adh\u00e9sifs de la peau. Convient pour enlever les r\u00e9sidus de colle de divers patchs et capteurs.<\/p>\n<p>Ingr\u00e9dient actif : hexam\u00e9thyldisiloxane.<\/p>\n<p><strong>Comment l'utiliser ?<\/strong><\/p>\n<p>Vaporisez le dissolvant autour du r\u00e9sidu de colle ou sur la peau. Apr\u00e8s quelques secondes, essuyez les r\u00e9sidus de colle sur la peau, en vaporisant \u00e0 nouveau si n\u00e9cessaire. S\u00e8che en quelques secondes et n'affecte pas l'adh\u00e9rence d'un nouveau patch apr\u00e8s s\u00e9chage.<\/p>\n<p><strong>Attention :<\/strong><\/p>\n<ul>\n<li>\u00c9vitez d'utiliser ce produit sur les peaux d\u00e9licates et cessez de l'utiliser en cas d'irritation.<\/li>\n<li>Inflammable, ne pas fumer et ne pas utiliser pr\u00e8s d'un feu ouvert.<\/li>\n<\/ul>","protected":false},"excerpt":{"rendered":"<p>Dansac EasiSpray est un dissolvant d'adh\u00e9sif \u00e0 base de silicone, qui ne pique pas et n'irrite pas la peau. Le produit ne contient pas d'alcool.<\/p>","protected":false},"featured_media":10057,"comment_status":"closed","ping_status":"closed","template":"","meta":[],"etheme_brands":[],"product_brand":[],"product_cat":[83,86,78,81],"product_tag":[],"class_list":{"0":"post-10056","1":"product","2":"type-product","3":"status-publish","4":"has-post-thumbnail","6":"product_cat-first-aid-and-care","7":"product_cat-patches-and-skin-barriers","8":"product_cat-glucose-sensors-cgm","9":"product_cat-adhesive-removers","11":"first","12":"instock","13":"shipping-taxable","14":"purchasable","15":"product-type-simple"},"aioseo_notices":[],"_links":{"self":[{"href":"https:\/\/dia24.eu\/fr\/wp-json\/wp\/v2\/product\/10056","targetHints":{"allow":["GET"]}}],"collection":[{"href":"https:\/\/dia24.eu\/fr\/wp-json\/wp\/v2\/product"}],"about":[{"href":"https:\/\/dia24.eu\/fr\/wp-json\/wp\/v2\/types\/product"}],"replies":[{"embeddable":true,"href":"https:\/\/dia24.eu\/fr\/wp-json\/wp\/v2\/comments?post=10056"}],"version-history":[{"count":1,"href":"https:\/\/dia24.eu\/fr\/wp-json\/wp\/v2\/product\/10056\/revisions"}],"predecessor-version":[{"id":10058,"href":"https:\/\/dia24.eu\/fr\/wp-json\/wp\/v2\/product\/10056\/revisions\/10058"}],"wp:featuredmedia":[{"embeddable":true,"href":"https:\/\/dia24.eu\/fr\/wp-json\/wp\/v2\/media\/10057"}],"wp:attachment":[{"href":"https:\/\/dia24.eu\/fr\/wp-json\/wp\/v2\/media?parent=10056"}],"wp:term":[{"taxonomy":"brand","embeddable":true,"href":"https:\/\/dia24.eu\/fr\/wp-json\/wp\/v2\/etheme_brands?post=10056"},{"taxonomy":"product_brand","embeddable":true,"href":"https:\/\/dia24.eu\/fr\/wp-json\/wp\/v2\/product_brand?post=10056"},{"taxonomy":"product_cat","embeddable":true,"href":"https:\/\/dia24.eu\/fr\/wp-json\/wp\/v2\/product_cat?post=10056"},{"taxonomy":"product_tag","embeddable":true,"href":"https:\/\/dia24.eu\/fr\/wp-json\/wp\/v2\/product_tag?post=10056"}],"curies":[{"name":"wp","href":"https:\/\/api.w.org\/{rel}","templated":true}]}}