{"id":10186,"date":"2023-12-07T20:55:48","date_gmt":"2023-12-07T18:55:48","guid":{"rendered":"https:\/\/dia24.eu\/?post_type=product&#038;p=10186"},"modified":"2023-12-07T20:55:48","modified_gmt":"2023-12-07T18:55:48","slug":"jordan-caries-defense-75ml","status":"publish","type":"product","link":"https:\/\/dia24.eu\/fr\/product\/jordan-caries-defense-75ml\/","title":{"rendered":"Jordan Caries Defense 75ml"},"content":{"rendered":"<p>Jordan Caries Defense est un dentifrice au go\u00fbt l\u00e9ger et frais. Il contient un niveau plus \u00e9lev\u00e9 de xylitol pour la protection contre les caries. La combinaison de fluor et de xylitol vous donne des dents plus fortes et de meilleurs niveaux de remin\u00e9ralisation par rapport aux dentifrices contenant uniquement du fluor. Le dentifrice est doux pour l'\u00e9mail des dents.<\/p>\n<p>&nbsp;<\/p>\n<p>Pays d'origine : Su\u00e8de<\/p>\n<p>Ingr\u00e9dients :<br \/>\nAqua, Sorbitol, Silice hydrat\u00e9e, Xylitol, PEG-32, Glyc\u00e9rine, Sodium Lauryl Sulfate, Aroma, Zinc Gluconate, Sodium Fluoride, Cellulose Gum, Sodium Saccharin, Limonene, CI 74160, CI 77891.<\/p>","protected":false},"excerpt":{"rendered":"<ul>\n<li>Riche en xylitol<\/li>\n<li>Des dents plus fortes<\/li>\n<li>\u00c9limine la plaque dentaire<\/li>\n<li>Doux pour l'\u00e9mail des dents<\/li>\n<\/ul>\n<p>Niveau plus \u00e9lev\u00e9 de xylitol pour une protection anti-caries.<\/p>","protected":false},"featured_media":10187,"comment_status":"open","ping_status":"closed","template":"","meta":[],"etheme_brands":[],"product_brand":[],"product_cat":[138,83],"product_tag":[],"class_list":{"0":"post-10186","1":"product","2":"type-product","3":"status-publish","4":"has-post-thumbnail","6":"product_cat-diabetic-toothpaste","7":"product_cat-first-aid-and-care","9":"first","10":"instock","11":"shipping-taxable","12":"purchasable","13":"product-type-simple"},"aioseo_notices":[],"_links":{"self":[{"href":"https:\/\/dia24.eu\/fr\/wp-json\/wp\/v2\/product\/10186","targetHints":{"allow":["GET"]}}],"collection":[{"href":"https:\/\/dia24.eu\/fr\/wp-json\/wp\/v2\/product"}],"about":[{"href":"https:\/\/dia24.eu\/fr\/wp-json\/wp\/v2\/types\/product"}],"replies":[{"embeddable":true,"href":"https:\/\/dia24.eu\/fr\/wp-json\/wp\/v2\/comments?post=10186"}],"version-history":[{"count":1,"href":"https:\/\/dia24.eu\/fr\/wp-json\/wp\/v2\/product\/10186\/revisions"}],"predecessor-version":[{"id":10188,"href":"https:\/\/dia24.eu\/fr\/wp-json\/wp\/v2\/product\/10186\/revisions\/10188"}],"wp:featuredmedia":[{"embeddable":true,"href":"https:\/\/dia24.eu\/fr\/wp-json\/wp\/v2\/media\/10187"}],"wp:attachment":[{"href":"https:\/\/dia24.eu\/fr\/wp-json\/wp\/v2\/media?parent=10186"}],"wp:term":[{"taxonomy":"brand","embeddable":true,"href":"https:\/\/dia24.eu\/fr\/wp-json\/wp\/v2\/etheme_brands?post=10186"},{"taxonomy":"product_brand","embeddable":true,"href":"https:\/\/dia24.eu\/fr\/wp-json\/wp\/v2\/product_brand?post=10186"},{"taxonomy":"product_cat","embeddable":true,"href":"https:\/\/dia24.eu\/fr\/wp-json\/wp\/v2\/product_cat?post=10186"},{"taxonomy":"product_tag","embeddable":true,"href":"https:\/\/dia24.eu\/fr\/wp-json\/wp\/v2\/product_tag?post=10186"}],"curies":[{"name":"wp","href":"https:\/\/api.w.org\/{rel}","templated":true}]}}