{"id":10191,"date":"2023-12-07T21:02:19","date_gmt":"2023-12-07T19:02:19","guid":{"rendered":"https:\/\/dia24.eu\/?post_type=product&#038;p=10191"},"modified":"2025-05-29T18:46:17","modified_gmt":"2025-05-29T15:46:17","slug":"pepsodent-xylitol-125ml","status":"publish","type":"product","link":"https:\/\/dia24.eu\/fr\/product\/pepsodent-xylitol-125ml\/","title":{"rendered":"Pepsodent Xylitol 125ml"},"content":{"rendered":"<p>Le fluor contenu dans le dentifrice Pepsodent Xylitol r\u00e9duit la dissolution de l'\u00e9mail des dents lors d'une attaque acide et aide \u00e0 pr\u00e9venir les caries. Le xylitol ralentit la croissance de la plaque dentaire, qui est \u00e0 l'origine des caries, et aide \u00e0 prot\u00e9ger l'\u00e9mail. Le dentifrice aide \u00e0 pr\u00e9venir les caries et \u00e0 garder une bouche saine. Go\u00fbt de menthe fra\u00eeche ! Emballage de 125 ml.<\/p>\n<p>Ingr\u00e9dients :<br \/>\nAqua, Sorbitol, Silice hydrat\u00e9e, Xylitol, peg-32, Sodium Lauryl Sulfate, Aroma, Fluorure de sodium, Gomme de cellulose, Saccharine de sodium, ci 42051, ci 77891.<\/p>","protected":false},"excerpt":{"rendered":"<p>Le xylitol ralentit la croissance de la plaque dentaire, qui est \u00e0 l'origine des caries, et contribue \u00e0 prot\u00e9ger l'\u00e9mail.<\/p>","protected":false},"featured_media":10192,"comment_status":"open","ping_status":"closed","template":"","meta":[],"etheme_brands":[],"product_brand":[],"product_cat":[138,83],"product_tag":[],"class_list":{"0":"post-10191","1":"product","2":"type-product","3":"status-publish","4":"has-post-thumbnail","6":"product_cat-diabetic-toothpaste","7":"product_cat-first-aid-and-care","9":"first","10":"instock","11":"shipping-taxable","12":"purchasable","13":"product-type-simple"},"aioseo_notices":[],"_links":{"self":[{"href":"https:\/\/dia24.eu\/fr\/wp-json\/wp\/v2\/product\/10191","targetHints":{"allow":["GET"]}}],"collection":[{"href":"https:\/\/dia24.eu\/fr\/wp-json\/wp\/v2\/product"}],"about":[{"href":"https:\/\/dia24.eu\/fr\/wp-json\/wp\/v2\/types\/product"}],"replies":[{"embeddable":true,"href":"https:\/\/dia24.eu\/fr\/wp-json\/wp\/v2\/comments?post=10191"}],"version-history":[{"count":1,"href":"https:\/\/dia24.eu\/fr\/wp-json\/wp\/v2\/product\/10191\/revisions"}],"predecessor-version":[{"id":10193,"href":"https:\/\/dia24.eu\/fr\/wp-json\/wp\/v2\/product\/10191\/revisions\/10193"}],"wp:featuredmedia":[{"embeddable":true,"href":"https:\/\/dia24.eu\/fr\/wp-json\/wp\/v2\/media\/10192"}],"wp:attachment":[{"href":"https:\/\/dia24.eu\/fr\/wp-json\/wp\/v2\/media?parent=10191"}],"wp:term":[{"taxonomy":"brand","embeddable":true,"href":"https:\/\/dia24.eu\/fr\/wp-json\/wp\/v2\/etheme_brands?post=10191"},{"taxonomy":"product_brand","embeddable":true,"href":"https:\/\/dia24.eu\/fr\/wp-json\/wp\/v2\/product_brand?post=10191"},{"taxonomy":"product_cat","embeddable":true,"href":"https:\/\/dia24.eu\/fr\/wp-json\/wp\/v2\/product_cat?post=10191"},{"taxonomy":"product_tag","embeddable":true,"href":"https:\/\/dia24.eu\/fr\/wp-json\/wp\/v2\/product_tag?post=10191"}],"curies":[{"name":"wp","href":"https:\/\/api.w.org\/{rel}","templated":true}]}}