{"id":10302,"date":"2024-01-13T18:47:13","date_gmt":"2024-01-13T16:47:13","guid":{"rendered":"https:\/\/dia24.eu\/?post_type=product&#038;p=10302"},"modified":"2026-03-23T15:00:59","modified_gmt":"2026-03-23T13:00:59","slug":"dexcom-one-plus","status":"publish","type":"product","link":"https:\/\/dia24.eu\/fr\/product\/dexcom-one-plus\/","title":{"rendered":"Capteur Dexcom ONE+ (1 paquet)"},"content":{"rendered":"<p><span style=\"color: #ff0000;\"><strong>INFO <\/strong><\/span><strong>Ce capteur fonctionne avec l'application officielle Dexcom ONE+.<\/strong>avant d'acheter <strong>v\u00e9rifiez s'il est disponible dans votre pays<\/strong>. Vous pouvez \u00e9galement utiliser la derni\u00e8re version de xDrip pour Android (support ajout\u00e9 le 14 f\u00e9vrier).<\/p>\n<p>Le capteur \u00e9metteur tout-en-un Dexcom ONE+ fait partie du syst\u00e8me de surveillance continue du glucose (CGM) Dexcom ONE+.<\/p>\n<p>L'ensemble du syst\u00e8me Dexcom ONE+ est un syst\u00e8me rtCGM, ce qui signifie qu'il envoie des donn\u00e9es en temps r\u00e9el \u00e0 un dispositif de visualisation - il ne n\u00e9cessite pas de num\u00e9risation ou d'\u00e9talonnage, dispose d'alertes modifiables et offre une pr\u00e9cision exceptionnelle, m\u00eame en cas de fluctuation des niveaux de glucose.<\/p>\n<p><strong>Le syst\u00e8me n\u00e9cessite 2 composants pour fonctionner :<\/strong><\/p>\n<ul>\n<li>Capteur Dexcom ONE+ - fonctionne pendant 10 jours avec une p\u00e9riode de gr\u00e2ce suppl\u00e9mentaire de 12 heures \u00e0 la fin de chaque session.<\/li>\n<li>Un dispositif de surveillance, c'est-\u00e0-dire un smartphone compatible (ou un r\u00e9cepteur Dexcom ONE+ en option)<\/li>\n<\/ul>\n<p><strong>Caract\u00e9ristiques du Dexcom ONE+ :<\/strong><\/p>\n<ul>\n<li>petit capteur et transmetteur tout-en-un d'une seule pi\u00e8ce<\/li>\n<li>un capteur qui fonctionne jusqu'\u00e0 10 jours<\/li>\n<li>D\u00e9marrage du capteur apr\u00e8s 30 minutes<\/li>\n<li>pas de scannage ni de piq\u00fbre de doigt<\/li>\n<li>alertes personnalis\u00e9es modifiables + retard, fonction d'alerte de niveau \u00e9lev\u00e9<\/li>\n<li>jusqu'\u00e0 3 points d'insertion du capteur<\/li>\n<li>la meilleure r\u00e9sistance \u00e0 l'eau de sa cat\u00e9gorie<\/li>\n<li>pr\u00e9cision m\u00eame en cas de fluctuations importantes des taux de glucose<\/li>\n<li>enregistrement des \u00e9v\u00e9nements - montre comment m\u00eame de petits changements peuvent affecter les niveaux de glucose<\/li>\n<li>D\u00e9lai de gr\u00e2ce de 12 heures \u00e0 la fin de chaque session de capteurs<\/li>\n<li>la possibilit\u00e9 de partager les donn\u00e9es de glucose avec 10 observateurs \u00e0 l'aide de l'application Follow<\/li>\n<\/ul>","protected":false},"excerpt":{"rendered":"<p>Syst\u00e8me de surveillance du glucose en continu (CGM) Dexcom ONE+, \u00e9metteur et capteur tout-en-un.<\/p>\n<p>&nbsp;<\/p>","protected":false},"featured_media":10468,"comment_status":"open","ping_status":"closed","template":"","meta":[],"etheme_brands":[],"product_brand":[],"product_cat":[139,78,79],"product_tag":[],"class_list":{"0":"post-10302","1":"product","2":"type-product","3":"status-publish","4":"has-post-thumbnail","6":"product_cat-dexcom-one-plus","7":"product_cat-glucose-sensors-cgm","8":"product_cat-dexcom-one-cgm","10":"first","11":"instock","12":"sale","13":"featured","14":"shipping-taxable","15":"purchasable","16":"product-type-simple"},"aioseo_notices":[],"_links":{"self":[{"href":"https:\/\/dia24.eu\/fr\/wp-json\/wp\/v2\/product\/10302","targetHints":{"allow":["GET"]}}],"collection":[{"href":"https:\/\/dia24.eu\/fr\/wp-json\/wp\/v2\/product"}],"about":[{"href":"https:\/\/dia24.eu\/fr\/wp-json\/wp\/v2\/types\/product"}],"replies":[{"embeddable":true,"href":"https:\/\/dia24.eu\/fr\/wp-json\/wp\/v2\/comments?post=10302"}],"version-history":[{"count":8,"href":"https:\/\/dia24.eu\/fr\/wp-json\/wp\/v2\/product\/10302\/revisions"}],"predecessor-version":[{"id":10938,"href":"https:\/\/dia24.eu\/fr\/wp-json\/wp\/v2\/product\/10302\/revisions\/10938"}],"wp:featuredmedia":[{"embeddable":true,"href":"https:\/\/dia24.eu\/fr\/wp-json\/wp\/v2\/media\/10468"}],"wp:attachment":[{"href":"https:\/\/dia24.eu\/fr\/wp-json\/wp\/v2\/media?parent=10302"}],"wp:term":[{"taxonomy":"brand","embeddable":true,"href":"https:\/\/dia24.eu\/fr\/wp-json\/wp\/v2\/etheme_brands?post=10302"},{"taxonomy":"product_brand","embeddable":true,"href":"https:\/\/dia24.eu\/fr\/wp-json\/wp\/v2\/product_brand?post=10302"},{"taxonomy":"product_cat","embeddable":true,"href":"https:\/\/dia24.eu\/fr\/wp-json\/wp\/v2\/product_cat?post=10302"},{"taxonomy":"product_tag","embeddable":true,"href":"https:\/\/dia24.eu\/fr\/wp-json\/wp\/v2\/product_tag?post=10302"}],"curies":[{"name":"wp","href":"https:\/\/api.w.org\/{rel}","templated":true}]}}