{"id":7044,"date":"2023-02-07T03:12:19","date_gmt":"2023-02-07T01:12:19","guid":{"rendered":"https:\/\/dia24.eu\/?post_type=product&#038;p=7044"},"modified":"2025-11-21T16:20:28","modified_gmt":"2025-11-21T14:20:28","slug":"dexcom-one-transmitter","status":"publish","type":"product","link":"https:\/\/dia24.eu\/fr\/product\/dexcom-one-transmitter\/","title":{"rendered":"\u00c9metteur Dexcom ONE"},"content":{"rendered":"<p>Le transmetteur Dexcom ONE s'ins\u00e8re dans le capteur Dexcom ONE (vendu s\u00e9par\u00e9ment) et transmet sans fil les mesures de glucose en temps r\u00e9el \u00e0 un smartphone via Bluetooth. Chaque \u00e9metteur a une autonomie de 3 mois et peut \u00eatre r\u00e9utilis\u00e9 avec plusieurs capteurs.<\/p>\n<ul>\n<li>Dur\u00e9e de vie de la batterie : 3 mois<\/li>\n<li>R\u00e9utilisable avec plusieurs capteurs<\/li>\n<li>Applications compatibles : Dexcom ONE \/ xDrip \/ xDrip4iOS<\/li>\n<\/ul>","protected":false},"excerpt":{"rendered":"<p>\u00c9metteur pour les capteurs Dexcom ONE.<br \/>\n<strong>Vente de d\u00e9stockage<\/strong><br \/>\nExpire le 10.2025<\/p>","protected":false},"featured_media":8283,"comment_status":"closed","ping_status":"closed","template":"","meta":[],"etheme_brands":[{"term_id":91,"name":"Dexcom","slug":"dexcom","term_group":0,"term_taxonomy_id":91,"taxonomy":"brand","description":"Dexcom CGM","parent":0,"count":3,"filter":"raw"}],"product_brand":[],"product_cat":[79,78],"product_tag":[],"class_list":{"0":"post-7044","1":"product","2":"type-product","3":"status-publish","4":"has-post-thumbnail","6":"brand-dexcom","7":"product_cat-dexcom-one-cgm","8":"product_cat-glucose-sensors-cgm","10":"first","11":"outofstock","12":"sale","13":"shipping-taxable","14":"purchasable","15":"product-type-simple"},"aioseo_notices":[],"_links":{"self":[{"href":"https:\/\/dia24.eu\/fr\/wp-json\/wp\/v2\/product\/7044","targetHints":{"allow":["GET"]}}],"collection":[{"href":"https:\/\/dia24.eu\/fr\/wp-json\/wp\/v2\/product"}],"about":[{"href":"https:\/\/dia24.eu\/fr\/wp-json\/wp\/v2\/types\/product"}],"replies":[{"embeddable":true,"href":"https:\/\/dia24.eu\/fr\/wp-json\/wp\/v2\/comments?post=7044"}],"version-history":[{"count":24,"href":"https:\/\/dia24.eu\/fr\/wp-json\/wp\/v2\/product\/7044\/revisions"}],"predecessor-version":[{"id":12818,"href":"https:\/\/dia24.eu\/fr\/wp-json\/wp\/v2\/product\/7044\/revisions\/12818"}],"wp:featuredmedia":[{"embeddable":true,"href":"https:\/\/dia24.eu\/fr\/wp-json\/wp\/v2\/media\/8283"}],"wp:attachment":[{"href":"https:\/\/dia24.eu\/fr\/wp-json\/wp\/v2\/media?parent=7044"}],"wp:term":[{"taxonomy":"brand","embeddable":true,"href":"https:\/\/dia24.eu\/fr\/wp-json\/wp\/v2\/etheme_brands?post=7044"},{"taxonomy":"product_brand","embeddable":true,"href":"https:\/\/dia24.eu\/fr\/wp-json\/wp\/v2\/product_brand?post=7044"},{"taxonomy":"product_cat","embeddable":true,"href":"https:\/\/dia24.eu\/fr\/wp-json\/wp\/v2\/product_cat?post=7044"},{"taxonomy":"product_tag","embeddable":true,"href":"https:\/\/dia24.eu\/fr\/wp-json\/wp\/v2\/product_tag?post=7044"}],"curies":[{"name":"wp","href":"https:\/\/api.w.org\/{rel}","templated":true}]}}