{"id":7084,"date":"2023-02-08T01:01:13","date_gmt":"2023-02-07T23:01:13","guid":{"rendered":"https:\/\/dia24.eu\/?post_type=product&#038;p=7084"},"modified":"2025-08-06T21:39:19","modified_gmt":"2025-08-06T18:39:19","slug":"dexcom-one-sensor-1-pack","status":"publish","type":"product","link":"https:\/\/dia24.eu\/fr\/product\/dexcom-one-sensor-1-pack\/","title":{"rendered":"Capteur Dexcom ONE (paquet de 1)"},"content":{"rendered":"<p><strong><span style=\"color: #ff0000;\">IMPORTANT !<\/span> Ce syst\u00e8me de capteurs ne sera plus utilis\u00e9 au cours du premier semestre 2025.<\/strong>car leur production sera interrompue.<br \/>\nVous avez la possibilit\u00e9 de passer \u00e0 la nouvelle <a href=\"https:\/\/dia24.eu\/fr\/product\/dexcom-one-plus\/\"><strong>ONE+<\/strong><\/a> ou d'autres capteurs.<\/p>\n<p>Le capteur Dexcom ONE mesure en continu le taux de glucose.<br \/>\nLe capteur est livr\u00e9 avec un applicateur, ce qui rend l'insertion tr\u00e8s rapide et simple. Le capteur peut \u00eatre port\u00e9 jusqu'\u00e0 10 jours.<br \/>\nN\u00e9cessite l'\u00e9metteur Dexcom ONE (peut \u00eatre achet\u00e9 s\u00e9par\u00e9ment)<\/p>\n<ul>\n<li>Le capteur peut \u00eatre port\u00e9 jusqu'\u00e0 10 jours chacun (recommand\u00e9)<\/li>\n<li>Livr\u00e9 avec un applicateur automatique<\/li>\n<li>N\u00e9cessite le <strong><a href=\"https:\/\/dia24.eu\/fr\/product\/dexcom-one-transmitter\/\">\u00c9metteur Dexcom ONE<\/a><\/strong><\/li>\n<\/ul>\n<p><span style=\"color: #ff0000;\"><strong>INFO <\/strong><\/span><strong>Ce capteur fonctionne avec l'application officielle Dexcom ONE<\/strong>avant d'acheter <strong>v\u00e9rifiez s'il est disponible dans votre pays<\/strong>. Vous pouvez \u00e9galement utiliser la derni\u00e8re version de xDrip pour Android.<\/p>","protected":false},"excerpt":{"rendered":"<p>Capteur Dexcom ONE pour une mesure continue du taux de glucose.<br \/>\n<strong>DISPONIBILIT\u00c9 LIMIT\u00c9E, DERNIER STOCK<\/strong><\/p>","protected":false},"featured_media":8281,"comment_status":"closed","ping_status":"closed","template":"","meta":[],"etheme_brands":[],"product_brand":[],"product_cat":[79,78],"product_tag":[],"class_list":{"0":"post-7084","1":"product","2":"type-product","3":"status-publish","4":"has-post-thumbnail","6":"product_cat-dexcom-one-cgm","7":"product_cat-glucose-sensors-cgm","9":"first","10":"outofstock","11":"shipping-taxable","12":"purchasable","13":"product-type-simple"},"aioseo_notices":[],"_links":{"self":[{"href":"https:\/\/dia24.eu\/fr\/wp-json\/wp\/v2\/product\/7084","targetHints":{"allow":["GET"]}}],"collection":[{"href":"https:\/\/dia24.eu\/fr\/wp-json\/wp\/v2\/product"}],"about":[{"href":"https:\/\/dia24.eu\/fr\/wp-json\/wp\/v2\/types\/product"}],"replies":[{"embeddable":true,"href":"https:\/\/dia24.eu\/fr\/wp-json\/wp\/v2\/comments?post=7084"}],"version-history":[{"count":9,"href":"https:\/\/dia24.eu\/fr\/wp-json\/wp\/v2\/product\/7084\/revisions"}],"predecessor-version":[{"id":13223,"href":"https:\/\/dia24.eu\/fr\/wp-json\/wp\/v2\/product\/7084\/revisions\/13223"}],"wp:featuredmedia":[{"embeddable":true,"href":"https:\/\/dia24.eu\/fr\/wp-json\/wp\/v2\/media\/8281"}],"wp:attachment":[{"href":"https:\/\/dia24.eu\/fr\/wp-json\/wp\/v2\/media?parent=7084"}],"wp:term":[{"taxonomy":"brand","embeddable":true,"href":"https:\/\/dia24.eu\/fr\/wp-json\/wp\/v2\/etheme_brands?post=7084"},{"taxonomy":"product_brand","embeddable":true,"href":"https:\/\/dia24.eu\/fr\/wp-json\/wp\/v2\/product_brand?post=7084"},{"taxonomy":"product_cat","embeddable":true,"href":"https:\/\/dia24.eu\/fr\/wp-json\/wp\/v2\/product_cat?post=7084"},{"taxonomy":"product_tag","embeddable":true,"href":"https:\/\/dia24.eu\/fr\/wp-json\/wp\/v2\/product_tag?post=7084"}],"curies":[{"name":"wp","href":"https:\/\/api.w.org\/{rel}","templated":true}]}}