{"id":7091,"date":"2023-02-08T01:08:03","date_gmt":"2023-02-07T23:08:03","guid":{"rendered":"https:\/\/dia24.eu\/?post_type=product&#038;p=7091"},"modified":"2025-08-06T21:39:12","modified_gmt":"2025-08-06T18:39:12","slug":"dexcom-one-sensors-3-pack","status":"publish","type":"product","link":"https:\/\/dia24.eu\/fr\/product\/dexcom-one-sensors-3-pack\/","title":{"rendered":"Capteurs Dexcom ONE (paquet de 3)"},"content":{"rendered":"<div class=\"wp-block-column\" style=\"flex-basis: 100%;\"><\/div>\r\n\r\n\r\n\r\n<p><strong><span style=\"color: #ff0000;\">IMPORTANT !<\/span> Ce syst\u00e8me de capteurs ne sera plus utilis\u00e9 au cours du premier semestre 2025.<\/strong>car leur production sera interrompue.<br \/>Vous avez la possibilit\u00e9 de passer \u00e0 la nouvelle <a href=\"https:\/\/dia24.eu\/fr\/product\/dexcom-one-plus\/\"><strong>ONE+<\/strong><\/a> ou d'autres capteurs. <br \/><br \/>Le capteur Dexcom ONE mesure en continu le taux de glucose.<br \/>Le capteur est livr\u00e9 avec un applicateur, ce qui rend l'insertion tr\u00e8s rapide et simple. Le capteur peut \u00eatre port\u00e9 jusqu'\u00e0 10 jours.<br \/>Chaque capteur peut \u00eatre port\u00e9 jusqu'\u00e0 10 jours. Jusqu'\u00e0 30 jours de surveillance continue du glucose avec le pack de 3 capteurs.<br \/>N\u00e9cessite l'\u00e9metteur Dexcom ONE (peut \u00eatre achet\u00e9 s\u00e9par\u00e9ment).<\/p>\r\n\r\n\r\n\r\n<ul class=\"wp-block-list\">\r\n<li>Le capteur peut \u00eatre port\u00e9 jusqu'\u00e0 10 jours chacun (recommand\u00e9)<\/li>\r\n\r\n\r\n\r\n<li>Total jusqu'\u00e0 30 jours de surveillance avec le pack de 3 capteurs<\/li>\r\n\r\n\r\n\r\n<li>Tous les capteurs sont livr\u00e9s avec un applicateur automatique<\/li>\r\n\r\n\r\n\r\n<li>N\u00e9cessite le\u00a0<strong><a href=\"https:\/\/dia24.eu\/fr\/product\/dexcom-one-transmitter\/\">\u00c9metteur Dexcom ONE<\/a><\/strong><\/li>\r\n<\/ul>\r\n<p><span style=\"color: #ff0000;\"><strong>INFO <\/strong><\/span><strong>Ce capteur fonctionne avec l'application officielle Dexcom ONE<\/strong>avant d'acheter <strong>v\u00e9rifiez s'il est disponible dans votre pays<\/strong>. Vous pouvez \u00e9galement utiliser la derni\u00e8re version de xDrip pour Android.<\/p>","protected":false},"excerpt":{"rendered":"<p>Capteur Dexcom ONE pour une mesure continue du taux de glucose. Paquet de 3<br \/><strong>DISPONIBILIT\u00c9 LIMIT\u00c9E, DERNIER STOCK<\/strong><\/p>","protected":false},"featured_media":8282,"comment_status":"closed","ping_status":"closed","template":"","meta":[],"etheme_brands":[],"product_brand":[],"product_cat":[78,79],"product_tag":[],"class_list":{"0":"post-7091","1":"product","2":"type-product","3":"status-publish","4":"has-post-thumbnail","6":"product_cat-glucose-sensors-cgm","7":"product_cat-dexcom-one-cgm","9":"first","10":"outofstock","11":"sale","12":"shipping-taxable","13":"purchasable","14":"product-type-simple"},"aioseo_notices":[],"_links":{"self":[{"href":"https:\/\/dia24.eu\/fr\/wp-json\/wp\/v2\/product\/7091","targetHints":{"allow":["GET"]}}],"collection":[{"href":"https:\/\/dia24.eu\/fr\/wp-json\/wp\/v2\/product"}],"about":[{"href":"https:\/\/dia24.eu\/fr\/wp-json\/wp\/v2\/types\/product"}],"replies":[{"embeddable":true,"href":"https:\/\/dia24.eu\/fr\/wp-json\/wp\/v2\/comments?post=7091"}],"version-history":[{"count":29,"href":"https:\/\/dia24.eu\/fr\/wp-json\/wp\/v2\/product\/7091\/revisions"}],"predecessor-version":[{"id":13224,"href":"https:\/\/dia24.eu\/fr\/wp-json\/wp\/v2\/product\/7091\/revisions\/13224"}],"wp:featuredmedia":[{"embeddable":true,"href":"https:\/\/dia24.eu\/fr\/wp-json\/wp\/v2\/media\/8282"}],"wp:attachment":[{"href":"https:\/\/dia24.eu\/fr\/wp-json\/wp\/v2\/media?parent=7091"}],"wp:term":[{"taxonomy":"brand","embeddable":true,"href":"https:\/\/dia24.eu\/fr\/wp-json\/wp\/v2\/etheme_brands?post=7091"},{"taxonomy":"product_brand","embeddable":true,"href":"https:\/\/dia24.eu\/fr\/wp-json\/wp\/v2\/product_brand?post=7091"},{"taxonomy":"product_cat","embeddable":true,"href":"https:\/\/dia24.eu\/fr\/wp-json\/wp\/v2\/product_cat?post=7091"},{"taxonomy":"product_tag","embeddable":true,"href":"https:\/\/dia24.eu\/fr\/wp-json\/wp\/v2\/product_tag?post=7091"}],"curies":[{"name":"wp","href":"https:\/\/api.w.org\/{rel}","templated":true}]}}