{"id":7199,"date":"2023-02-08T18:06:50","date_gmt":"2023-02-08T16:06:50","guid":{"rendered":"https:\/\/dia24.eu\/?post_type=product&#038;p=7199"},"modified":"2025-09-10T11:35:33","modified_gmt":"2025-09-10T08:35:33","slug":"frio-individual-cold-wallet","status":"publish","type":"product","link":"https:\/\/dia24.eu\/fr\/product\/frio-individual-cold-wallet\/","title":{"rendered":"FRIO Portefeuille individuel pour le froid"},"content":{"rendered":"<p>Le porte-monnaie FRIO est un dispositif de refroidissement par \u00e9vaporation sp\u00e9cialement con\u00e7u pour maintenir l'insuline au frais, dans une fourchette de temp\u00e9rature s\u00fbre de 18-26 \u1d52C pendant au moins 45 heures, m\u00eame si la temp\u00e9rature moyenne constante est de 37,8 \u1d52C.<\/p>\n<ul>\n<li>Conserve l'insuline au frais et en s\u00e9curit\u00e9<\/li>\n<li>Les qualit\u00e9s isolantes aident \u00e0 prot\u00e9ger l'insuline du froid.<\/li>\n<li>Activ\u00e9 par l'eau<\/li>\n<li>Pas besoin de r\u00e9frig\u00e9ration ou de glace<\/li>\n<li>L\u00e9ger et compact<\/li>\n<li>R\u00e9utilisable<\/li>\n<\/ul>\n<p><strong>Dimensions de l'\u00e9tui int\u00e9rieur :<\/strong><br \/>\n65mm x 180mm (2.5\u2033 x 7\u2033approx)<\/p>","protected":false},"excerpt":{"rendered":"<p>Id\u00e9al pour transporter un stylo d'injection d'insuline<\/p>","protected":false},"featured_media":7200,"comment_status":"closed","ping_status":"closed","template":"","meta":[],"etheme_brands":[],"product_brand":[],"product_cat":[88,90],"product_tag":[],"class_list":{"0":"post-7199","1":"product","2":"type-product","3":"status-publish","4":"has-post-thumbnail","6":"product_cat-accessories","7":"product_cat-cold-bags-for-insulin","9":"first","10":"outofstock","11":"shipping-taxable","12":"purchasable","13":"product-type-simple"},"aioseo_notices":[],"_links":{"self":[{"href":"https:\/\/dia24.eu\/fr\/wp-json\/wp\/v2\/product\/7199","targetHints":{"allow":["GET"]}}],"collection":[{"href":"https:\/\/dia24.eu\/fr\/wp-json\/wp\/v2\/product"}],"about":[{"href":"https:\/\/dia24.eu\/fr\/wp-json\/wp\/v2\/types\/product"}],"replies":[{"embeddable":true,"href":"https:\/\/dia24.eu\/fr\/wp-json\/wp\/v2\/comments?post=7199"}],"version-history":[{"count":4,"href":"https:\/\/dia24.eu\/fr\/wp-json\/wp\/v2\/product\/7199\/revisions"}],"predecessor-version":[{"id":8047,"href":"https:\/\/dia24.eu\/fr\/wp-json\/wp\/v2\/product\/7199\/revisions\/8047"}],"wp:featuredmedia":[{"embeddable":true,"href":"https:\/\/dia24.eu\/fr\/wp-json\/wp\/v2\/media\/7200"}],"wp:attachment":[{"href":"https:\/\/dia24.eu\/fr\/wp-json\/wp\/v2\/media?parent=7199"}],"wp:term":[{"taxonomy":"brand","embeddable":true,"href":"https:\/\/dia24.eu\/fr\/wp-json\/wp\/v2\/etheme_brands?post=7199"},{"taxonomy":"product_brand","embeddable":true,"href":"https:\/\/dia24.eu\/fr\/wp-json\/wp\/v2\/product_brand?post=7199"},{"taxonomy":"product_cat","embeddable":true,"href":"https:\/\/dia24.eu\/fr\/wp-json\/wp\/v2\/product_cat?post=7199"},{"taxonomy":"product_tag","embeddable":true,"href":"https:\/\/dia24.eu\/fr\/wp-json\/wp\/v2\/product_tag?post=7199"}],"curies":[{"name":"wp","href":"https:\/\/api.w.org\/{rel}","templated":true}]}}