{"id":7229,"date":"2023-02-08T18:29:15","date_gmt":"2023-02-08T16:29:15","guid":{"rendered":"https:\/\/dia24.eu\/?post_type=product&#038;p=7229"},"modified":"2024-04-30T02:31:41","modified_gmt":"2024-04-29T23:31:41","slug":"caresens-dual-for-the-measurement-of-%ce%b2-ketones","status":"publish","type":"product","link":"https:\/\/dia24.eu\/fr\/product\/caresens-dual-for-the-measurement-of-%ce%b2-ketones\/","title":{"rendered":"CareSens Dual pour la mesure des \u03b2-c\u00e9tones"},"content":{"rendered":"<p>Mesurer les c\u00e9tones et la glyc\u00e9mie dans votre sang est maintenant rapide et facile ! CareSens Dual est un petit glucom\u00e8tre de grande capacit\u00e9, r\u00e9tro\u00e9clair\u00e9 automatiquement, pour mesurer les \u03b2-c\u00e9tones et la glyc\u00e9mie dans le sang. Aucun codage ni configuration n'est n\u00e9cessaire - le test 100% est pr\u00eat \u00e0 l'emploi.<\/p>\n<p>Le glucom\u00e8tre CareSens Dual peut \u00eatre utilis\u00e9 en combinaison avec les bandelettes de test de c\u00e9tone KetoSens et les bandelettes de test de glyc\u00e9mie CareSens Pro.<\/p>\n<p>La mesure des c\u00e9tones est facile car l'instrument pr\u00e9sente de nombreux avantages :<\/p>\n<ul>\n<li>r\u00e9tro\u00e9clairage automatique de l'\u00e9cran LCD ;<\/li>\n<li>\u00e9quip\u00e9 d'un \u00e9jecteur de bandelettes ;<\/li>\n<li>1, 7, 14, 30, 90 jours de lecture moyenne ;<\/li>\n<li>L'application mobile SmartLogTM peut \u00eatre t\u00e9l\u00e9charg\u00e9e pour les smartphones Android et iOS pour le stockage des donn\u00e9es (<strong><a href=\"https:\/\/www.youtube.com\/watch?v=REewfDgRynI\">voir la vid\u00e9o d'introduction<\/a><\/strong>);<\/li>\n<li>En plus des r\u00e9sultats des tests, le glucom\u00e8tre enregistre \u00e9galement la temp\u00e9rature ambiante.<\/li>\n<li>La quantit\u00e9 de sang n\u00e9cessaire \u00e0 l'analyse : seulement 0,4 \u00b5l pour la glyc\u00e9mie et 0,5 \u00b5l pour le glucose \u03b2-ch\u00e9lat\u00e9 ;<\/li>\n<li>temps d'analyse : glyc\u00e9mie 5 secondes et \u03b2-c\u00e9tones 8 secondes ;<\/li>\n<li>m\u00e9moire : 1000 analyses ;<\/li>\n<li>Plage de mesure : glyc\u00e9mie 1,1-33,3 mmol\/L et \u03b2-c\u00e9tones 0,1-8,0 mmol\/L ;<\/li>\n<li>Sang \u00e0 analyser : sang capillaire frais du corps entier\/sang veineux frais du corps entier (professionnels de la sant\u00e9 uniquement) ;<\/li>\n<li>Fonctionne avec les bandelettes CareSens PRO et KetoSens.<\/li>\n<\/ul>\n<p><strong>Le kit de d\u00e9marrage CareSens Dual comprend<\/strong><\/p>\n<ul>\n<li>Glucom\u00e8tre CareSens Dual 1 pi\u00e8ce,<\/li>\n<li>CareSens Pro bandelettes de test de glyc\u00e9mie 10 pcs.<\/li>\n<li>CareSens Pro Lancet 1 pi\u00e8ce.<\/li>\n<li>CareSens Pro Lancettes 10 pcs.<\/li>\n<\/ul>","protected":false},"excerpt":{"rendered":"<p>Mesurer les c\u00e9tones et la glyc\u00e9mie dans votre sang est maintenant rapide et facile ! CareSens Dual est un petit glucom\u00e8tre de grande capacit\u00e9, r\u00e9tro-\u00e9clair\u00e9 automatiquement, pour mesurer les \u03b2-c\u00e9tones et la glyc\u00e9mie dans le sang. Aucun codage ni configuration n'est n\u00e9cessaire - le test 100% est pr\u00eat. Le glucom\u00e8tre CareSens Dual peut \u00eatre...<\/p>","protected":false},"featured_media":7231,"comment_status":"closed","ping_status":"closed","template":"","meta":[],"etheme_brands":[],"product_brand":[],"product_cat":[88,96],"product_tag":[],"class_list":{"0":"post-7229","1":"product","2":"type-product","3":"status-publish","4":"has-post-thumbnail","6":"product_cat-accessories","7":"product_cat-blood-glucose-meters","9":"first","10":"outofstock","11":"shipping-taxable","12":"purchasable","13":"product-type-simple"},"aioseo_notices":[],"_links":{"self":[{"href":"https:\/\/dia24.eu\/fr\/wp-json\/wp\/v2\/product\/7229","targetHints":{"allow":["GET"]}}],"collection":[{"href":"https:\/\/dia24.eu\/fr\/wp-json\/wp\/v2\/product"}],"about":[{"href":"https:\/\/dia24.eu\/fr\/wp-json\/wp\/v2\/types\/product"}],"replies":[{"embeddable":true,"href":"https:\/\/dia24.eu\/fr\/wp-json\/wp\/v2\/comments?post=7229"}],"version-history":[{"count":1,"href":"https:\/\/dia24.eu\/fr\/wp-json\/wp\/v2\/product\/7229\/revisions"}],"predecessor-version":[{"id":7232,"href":"https:\/\/dia24.eu\/fr\/wp-json\/wp\/v2\/product\/7229\/revisions\/7232"}],"wp:featuredmedia":[{"embeddable":true,"href":"https:\/\/dia24.eu\/fr\/wp-json\/wp\/v2\/media\/7231"}],"wp:attachment":[{"href":"https:\/\/dia24.eu\/fr\/wp-json\/wp\/v2\/media?parent=7229"}],"wp:term":[{"taxonomy":"brand","embeddable":true,"href":"https:\/\/dia24.eu\/fr\/wp-json\/wp\/v2\/etheme_brands?post=7229"},{"taxonomy":"product_brand","embeddable":true,"href":"https:\/\/dia24.eu\/fr\/wp-json\/wp\/v2\/product_brand?post=7229"},{"taxonomy":"product_cat","embeddable":true,"href":"https:\/\/dia24.eu\/fr\/wp-json\/wp\/v2\/product_cat?post=7229"},{"taxonomy":"product_tag","embeddable":true,"href":"https:\/\/dia24.eu\/fr\/wp-json\/wp\/v2\/product_tag?post=7229"}],"curies":[{"name":"wp","href":"https:\/\/api.w.org\/{rel}","templated":true}]}}