{"id":7233,"date":"2023-02-08T18:37:04","date_gmt":"2023-02-08T16:37:04","guid":{"rendered":"https:\/\/dia24.eu\/?post_type=product&#038;p=7233"},"modified":"2023-05-21T01:55:58","modified_gmt":"2023-05-20T22:55:58","slug":"caresens-n-premier","status":"publish","type":"product","link":"https:\/\/dia24.eu\/fr\/product\/caresens-n-premier\/","title":{"rendered":"CareSens N Premier"},"content":{"rendered":"<p>CareSens N Premier est un petit glucom\u00e8tre r\u00e9tro-\u00e9clair\u00e9 automatiquement avec une grande capacit\u00e9 de m\u00e9moire. Aucun codage ou configuration n'est n\u00e9cessaire - test 100% pr\u00eat \u00e0 l'emploi. Fonctionne avec les bandelettes r\u00e9actives CareSens N.<\/p>\n<ul>\n<li>Un indicateur d'hypoglyc\u00e9mie ;<\/li>\n<li>le glucom\u00e8tre est \u00e9quip\u00e9 d'un \u00e9jecteur de bandelettes ;<\/li>\n<li>Plage de mesure : 1,1-33,3 mmol\/L ;<\/li>\n<li>4 alarmes r\u00e9glables (1 apr\u00e8s le repas, 3 au choix) ;<\/li>\n<li>r\u00e9tro\u00e9clairage automatique de l'\u00e9cran LCD ;<\/li>\n<li>alarme de p\u00e9remption des bandelettes r\u00e9actives ;<\/li>\n<li>Prise en charge Bluetooth pour l'envoi des r\u00e9sultats de glyc\u00e9mie \u00e0 un smartphone. L'application mobile SmartLogTM pour l'enregistrement des donn\u00e9es peut \u00eatre t\u00e9l\u00e9charg\u00e9e pour les smartphones Android et iOS (<strong><a href=\"https:\/\/www.youtube.com\/watch?v=REewfDgRynI\">voir la vid\u00e9o d'introduction<\/a><\/strong>);<\/li>\n<li>enregistre la temp\u00e9rature ambiante ainsi que les r\u00e9sultats du test ;<\/li>\n<li>Moyennes sur 1, 7, 14, 30, 90 jours (total, avant\/apr\u00e8s les repas) ;<\/li>\n<li>volume de sang pour l'analyse : 0,5\u00b5l ;<\/li>\n<li>Sang pour l'analyse : sang capillaire frais du corps entier ;<\/li>\n<li>dur\u00e9e de la mesure : 5 secondes ;<\/li>\n<li>m\u00e9moire : 1000 analyses ;<\/li>\n<li>apr\u00e8s le repas, avant le repas, sang \u00e0 jeun et indication de la solution de test ;<\/li>\n<\/ul>\n<p>&nbsp;<\/p>","protected":false},"excerpt":{"rendered":"<p>CareSens N Premier est un petit glucom\u00e8tre \u00e0 r\u00e9tro\u00e9clairage automatique dot\u00e9 d'une grande capacit\u00e9 de m\u00e9moire.<\/p>","protected":false},"featured_media":7234,"comment_status":"closed","ping_status":"closed","template":"","meta":[],"etheme_brands":[],"product_brand":[],"product_cat":[88,96],"product_tag":[],"class_list":{"0":"post-7233","1":"product","2":"type-product","3":"status-publish","4":"has-post-thumbnail","6":"product_cat-accessories","7":"product_cat-blood-glucose-meters","9":"first","10":"outofstock","11":"shipping-taxable","12":"purchasable","13":"product-type-simple"},"aioseo_notices":[],"_links":{"self":[{"href":"https:\/\/dia24.eu\/fr\/wp-json\/wp\/v2\/product\/7233","targetHints":{"allow":["GET"]}}],"collection":[{"href":"https:\/\/dia24.eu\/fr\/wp-json\/wp\/v2\/product"}],"about":[{"href":"https:\/\/dia24.eu\/fr\/wp-json\/wp\/v2\/types\/product"}],"replies":[{"embeddable":true,"href":"https:\/\/dia24.eu\/fr\/wp-json\/wp\/v2\/comments?post=7233"}],"version-history":[{"count":1,"href":"https:\/\/dia24.eu\/fr\/wp-json\/wp\/v2\/product\/7233\/revisions"}],"predecessor-version":[{"id":7235,"href":"https:\/\/dia24.eu\/fr\/wp-json\/wp\/v2\/product\/7233\/revisions\/7235"}],"wp:featuredmedia":[{"embeddable":true,"href":"https:\/\/dia24.eu\/fr\/wp-json\/wp\/v2\/media\/7234"}],"wp:attachment":[{"href":"https:\/\/dia24.eu\/fr\/wp-json\/wp\/v2\/media?parent=7233"}],"wp:term":[{"taxonomy":"brand","embeddable":true,"href":"https:\/\/dia24.eu\/fr\/wp-json\/wp\/v2\/etheme_brands?post=7233"},{"taxonomy":"product_brand","embeddable":true,"href":"https:\/\/dia24.eu\/fr\/wp-json\/wp\/v2\/product_brand?post=7233"},{"taxonomy":"product_cat","embeddable":true,"href":"https:\/\/dia24.eu\/fr\/wp-json\/wp\/v2\/product_cat?post=7233"},{"taxonomy":"product_tag","embeddable":true,"href":"https:\/\/dia24.eu\/fr\/wp-json\/wp\/v2\/product_tag?post=7233"}],"curies":[{"name":"wp","href":"https:\/\/api.w.org\/{rel}","templated":true}]}}