{"id":7236,"date":"2023-02-08T18:42:19","date_gmt":"2023-02-08T16:42:19","guid":{"rendered":"https:\/\/dia24.eu\/?post_type=product&#038;p=7236"},"modified":"2024-07-29T20:05:02","modified_gmt":"2024-07-29T17:05:02","slug":"caresens-n-blood-glucose-test-strips-n50","status":"publish","type":"product","link":"https:\/\/dia24.eu\/fr\/product\/caresens-n-blood-glucose-test-strips-n50\/","title":{"rendered":"CareSens N Bandelettes de test de glyc\u00e9mie N50"},"content":{"rendered":"<p>Les bandelettes r\u00e9actives du glucom\u00e8tre CareSens N sont sans code et sont con\u00e7ues pour \u00eatre utilis\u00e9es avec les glucom\u00e8tres CareSens N Premier et CareSens N POP. Les bandelettes r\u00e9actives pour glucom\u00e8tres sont de type aspirant (elles aspirent elles-m\u00eames une quantit\u00e9 suffisante de sang). La bo\u00eete contient 50 bandelettes r\u00e9actives.<\/p>\n<p>Seule une tr\u00e8s petite quantit\u00e9 de sang - 0,5\u03bcl - est n\u00e9cessaire pour le test et le r\u00e9sultat ne prend que 5 secondes. Les bandelettes r\u00e9actives du glucom\u00e8tre sont de type aspirant : elles aspirent d'elles-m\u00eames une quantit\u00e9 suffisante de sang. Les bandelettes r\u00e9actives sont \u00e9galement dot\u00e9es d'une fen\u00eatre de contr\u00f4le sp\u00e9ciale qui vous permet de v\u00e9rifier si la bandelette contient suffisamment de sang.<\/p>","protected":false},"excerpt":{"rendered":"<p>Bandelettes r\u00e9actives pour glucom\u00e8tre CareSens N<\/p>","protected":false},"featured_media":7237,"comment_status":"closed","ping_status":"closed","template":"","meta":[],"etheme_brands":[],"product_brand":[],"product_cat":[88,96],"product_tag":[],"class_list":{"0":"post-7236","1":"product","2":"type-product","3":"status-publish","4":"has-post-thumbnail","6":"product_cat-accessories","7":"product_cat-blood-glucose-meters","9":"first","10":"outofstock","11":"shipping-taxable","12":"purchasable","13":"product-type-simple"},"aioseo_notices":[],"_links":{"self":[{"href":"https:\/\/dia24.eu\/fr\/wp-json\/wp\/v2\/product\/7236","targetHints":{"allow":["GET"]}}],"collection":[{"href":"https:\/\/dia24.eu\/fr\/wp-json\/wp\/v2\/product"}],"about":[{"href":"https:\/\/dia24.eu\/fr\/wp-json\/wp\/v2\/types\/product"}],"replies":[{"embeddable":true,"href":"https:\/\/dia24.eu\/fr\/wp-json\/wp\/v2\/comments?post=7236"}],"version-history":[{"count":1,"href":"https:\/\/dia24.eu\/fr\/wp-json\/wp\/v2\/product\/7236\/revisions"}],"predecessor-version":[{"id":7238,"href":"https:\/\/dia24.eu\/fr\/wp-json\/wp\/v2\/product\/7236\/revisions\/7238"}],"wp:featuredmedia":[{"embeddable":true,"href":"https:\/\/dia24.eu\/fr\/wp-json\/wp\/v2\/media\/7237"}],"wp:attachment":[{"href":"https:\/\/dia24.eu\/fr\/wp-json\/wp\/v2\/media?parent=7236"}],"wp:term":[{"taxonomy":"brand","embeddable":true,"href":"https:\/\/dia24.eu\/fr\/wp-json\/wp\/v2\/etheme_brands?post=7236"},{"taxonomy":"product_brand","embeddable":true,"href":"https:\/\/dia24.eu\/fr\/wp-json\/wp\/v2\/product_brand?post=7236"},{"taxonomy":"product_cat","embeddable":true,"href":"https:\/\/dia24.eu\/fr\/wp-json\/wp\/v2\/product_cat?post=7236"},{"taxonomy":"product_tag","embeddable":true,"href":"https:\/\/dia24.eu\/fr\/wp-json\/wp\/v2\/product_tag?post=7236"}],"curies":[{"name":"wp","href":"https:\/\/api.w.org\/{rel}","templated":true}]}}