{"id":7239,"date":"2023-02-08T18:45:07","date_gmt":"2023-02-08T16:45:07","guid":{"rendered":"https:\/\/dia24.eu\/?post_type=product&#038;p=7239"},"modified":"2024-07-29T20:04:56","modified_gmt":"2024-07-29T17:04:56","slug":"caresens-pro-blood-glucose-test-strips-n50","status":"publish","type":"product","link":"https:\/\/dia24.eu\/fr\/product\/caresens-pro-blood-glucose-test-strips-n50\/","title":{"rendered":"CareSens Pro Bandelettes de test de glyc\u00e9mie N50"},"content":{"rendered":"<p>Les bandelettes r\u00e9actives du glucom\u00e8tre CareSens PRO sont sans code et de type aspirant (elles aspirent elles-m\u00eames une quantit\u00e9 suffisante de sang). La bo\u00eete contient 50 bandelettes.<\/p>\n<p>Seule une tr\u00e8s petite quantit\u00e9 de sang - 0,4\u03bcl - est n\u00e9cessaire pour le test et il ne faut que 5 secondes pour obtenir un r\u00e9sultat.<br \/>\nLes bandelettes de test sont \u00e9galement dot\u00e9es d'une fen\u00eatre de contr\u00f4le sp\u00e9ciale qui permet de v\u00e9rifier si la bandelette contient suffisamment de sang.<\/p>","protected":false},"excerpt":{"rendered":"<p>Les bandelettes r\u00e9actives du glucom\u00e8tre CareSens PRO sont con\u00e7ues pour \u00eatre utilis\u00e9es avec le glucom\u00e8tre CareSens Dual.<\/p>","protected":false},"featured_media":7240,"comment_status":"closed","ping_status":"closed","template":"","meta":[],"etheme_brands":[],"product_brand":[],"product_cat":[88,96],"product_tag":[],"class_list":{"0":"post-7239","1":"product","2":"type-product","3":"status-publish","4":"has-post-thumbnail","6":"product_cat-accessories","7":"product_cat-blood-glucose-meters","9":"first","10":"outofstock","11":"shipping-taxable","12":"purchasable","13":"product-type-simple"},"aioseo_notices":[],"_links":{"self":[{"href":"https:\/\/dia24.eu\/fr\/wp-json\/wp\/v2\/product\/7239","targetHints":{"allow":["GET"]}}],"collection":[{"href":"https:\/\/dia24.eu\/fr\/wp-json\/wp\/v2\/product"}],"about":[{"href":"https:\/\/dia24.eu\/fr\/wp-json\/wp\/v2\/types\/product"}],"replies":[{"embeddable":true,"href":"https:\/\/dia24.eu\/fr\/wp-json\/wp\/v2\/comments?post=7239"}],"version-history":[{"count":1,"href":"https:\/\/dia24.eu\/fr\/wp-json\/wp\/v2\/product\/7239\/revisions"}],"predecessor-version":[{"id":7242,"href":"https:\/\/dia24.eu\/fr\/wp-json\/wp\/v2\/product\/7239\/revisions\/7242"}],"wp:featuredmedia":[{"embeddable":true,"href":"https:\/\/dia24.eu\/fr\/wp-json\/wp\/v2\/media\/7240"}],"wp:attachment":[{"href":"https:\/\/dia24.eu\/fr\/wp-json\/wp\/v2\/media?parent=7239"}],"wp:term":[{"taxonomy":"brand","embeddable":true,"href":"https:\/\/dia24.eu\/fr\/wp-json\/wp\/v2\/etheme_brands?post=7239"},{"taxonomy":"product_brand","embeddable":true,"href":"https:\/\/dia24.eu\/fr\/wp-json\/wp\/v2\/product_brand?post=7239"},{"taxonomy":"product_cat","embeddable":true,"href":"https:\/\/dia24.eu\/fr\/wp-json\/wp\/v2\/product_cat?post=7239"},{"taxonomy":"product_tag","embeddable":true,"href":"https:\/\/dia24.eu\/fr\/wp-json\/wp\/v2\/product_tag?post=7239"}],"curies":[{"name":"wp","href":"https:\/\/api.w.org\/{rel}","templated":true}]}}