{"id":7243,"date":"2023-02-08T18:52:15","date_gmt":"2023-02-08T16:52:15","guid":{"rendered":"https:\/\/dia24.eu\/?post_type=product&#038;p=7243"},"modified":"2025-05-29T18:48:36","modified_gmt":"2025-05-29T15:48:36","slug":"ketosens-blood-%ce%b2-ketone-test-strips-n10","status":"publish","type":"product","link":"https:\/\/dia24.eu\/fr\/product\/ketosens-blood-%ce%b2-ketone-test-strips-n10\/","title":{"rendered":"Bandelettes de test de la \u03b2-c\u00e9tone dans le sang KetoSens N10"},"content":{"rendered":"<p>Les bandelettes de test de la \u03b2-c\u00e9tone dans le sang KetoSens sont con\u00e7ues pour \u00eatre utilis\u00e9es avec l'appareil de mesure de la \u03b2-c\u00e9tone. <strong><a href=\"https:\/\/dia24.eu\/fr\/product\/caresens-dual-for-the-measurement-of-%ce%b2-ketones\/\">Glucom\u00e8tre double CareSens<\/a><\/strong>.<br \/>\nLes bandelettes de test KetoSens vous permettent de mesurer rapidement et facilement les niveaux de \u03b2-c\u00e9tone dans le sang. Il vous suffit d'un petit \u00e9chantillon de sang et vous pouvez voir les r\u00e9sultats en 8 secondes.<\/p>\n<p>Les bandelettes de test KetoSens ne contiennent pas de code et sont de type aspirant (elles aspirent d'elles-m\u00eames une quantit\u00e9 suffisante de sang).<\/p>\n<p>Le <strong>la bo\u00eete contient 10 bandelettes de test<\/strong>Les produits sont emball\u00e9s individuellement dans du papier d'aluminium.<\/p>\n<p>A utiliser UNIQUEMENT avec le <strong><a href=\"https:\/\/dia24.eu\/fr\/product\/caresens-dual-for-the-measurement-of-%ce%b2-ketones\/\">CareSens Dual<\/a><\/strong> l'appareil de mesure.<\/p>","protected":false},"excerpt":{"rendered":"<p>Les bandelettes de test de la \u03b2-c\u00e9tone dans le sang KetoSens sont con\u00e7ues pour \u00eatre utilis\u00e9es avec le glucom\u00e8tre CareSens Dual.<\/p>","protected":false},"featured_media":7244,"comment_status":"closed","ping_status":"closed","template":"","meta":[],"etheme_brands":[],"product_brand":[],"product_cat":[88,96],"product_tag":[],"class_list":{"0":"post-7243","1":"product","2":"type-product","3":"status-publish","4":"has-post-thumbnail","6":"product_cat-accessories","7":"product_cat-blood-glucose-meters","9":"first","10":"instock","11":"shipping-taxable","12":"purchasable","13":"product-type-simple"},"aioseo_notices":[],"_links":{"self":[{"href":"https:\/\/dia24.eu\/fr\/wp-json\/wp\/v2\/product\/7243","targetHints":{"allow":["GET"]}}],"collection":[{"href":"https:\/\/dia24.eu\/fr\/wp-json\/wp\/v2\/product"}],"about":[{"href":"https:\/\/dia24.eu\/fr\/wp-json\/wp\/v2\/types\/product"}],"replies":[{"embeddable":true,"href":"https:\/\/dia24.eu\/fr\/wp-json\/wp\/v2\/comments?post=7243"}],"version-history":[{"count":1,"href":"https:\/\/dia24.eu\/fr\/wp-json\/wp\/v2\/product\/7243\/revisions"}],"predecessor-version":[{"id":7245,"href":"https:\/\/dia24.eu\/fr\/wp-json\/wp\/v2\/product\/7243\/revisions\/7245"}],"wp:featuredmedia":[{"embeddable":true,"href":"https:\/\/dia24.eu\/fr\/wp-json\/wp\/v2\/media\/7244"}],"wp:attachment":[{"href":"https:\/\/dia24.eu\/fr\/wp-json\/wp\/v2\/media?parent=7243"}],"wp:term":[{"taxonomy":"brand","embeddable":true,"href":"https:\/\/dia24.eu\/fr\/wp-json\/wp\/v2\/etheme_brands?post=7243"},{"taxonomy":"product_brand","embeddable":true,"href":"https:\/\/dia24.eu\/fr\/wp-json\/wp\/v2\/product_brand?post=7243"},{"taxonomy":"product_cat","embeddable":true,"href":"https:\/\/dia24.eu\/fr\/wp-json\/wp\/v2\/product_cat?post=7243"},{"taxonomy":"product_tag","embeddable":true,"href":"https:\/\/dia24.eu\/fr\/wp-json\/wp\/v2\/product_tag?post=7243"}],"curies":[{"name":"wp","href":"https:\/\/api.w.org\/{rel}","templated":true}]}}