{"id":7246,"date":"2023-02-08T19:03:51","date_gmt":"2023-02-08T17:03:51","guid":{"rendered":"https:\/\/dia24.eu\/?post_type=product&#038;p=7246"},"modified":"2024-07-29T20:05:30","modified_gmt":"2024-07-29T17:05:30","slug":"caresens-lancets-n50","status":"publish","type":"product","link":"https:\/\/dia24.eu\/fr\/product\/caresens-lancets-n50\/","title":{"rendered":"Lancettes CareSens N50"},"content":{"rendered":"<p>Les aiguilles pour autopiqueurs CareSens sont universelles gr\u00e2ce \u00e0 leur extr\u00e9mit\u00e9 arrondie et s'adaptent \u00e0 diff\u00e9rents types d'autopiqueurs.<\/p>\n<p>La bo\u00eete contient 50 aiguilles.<\/p>","protected":false},"excerpt":{"rendered":"<p>Lancettes CareSens 50pcs<\/p>","protected":false},"featured_media":7247,"comment_status":"closed","ping_status":"closed","template":"","meta":[],"etheme_brands":[],"product_brand":[],"product_cat":[88,96],"product_tag":[],"class_list":{"0":"post-7246","1":"product","2":"type-product","3":"status-publish","4":"has-post-thumbnail","6":"product_cat-accessories","7":"product_cat-blood-glucose-meters","9":"first","10":"instock","11":"shipping-taxable","12":"purchasable","13":"product-type-simple"},"aioseo_notices":[],"_links":{"self":[{"href":"https:\/\/dia24.eu\/fr\/wp-json\/wp\/v2\/product\/7246","targetHints":{"allow":["GET"]}}],"collection":[{"href":"https:\/\/dia24.eu\/fr\/wp-json\/wp\/v2\/product"}],"about":[{"href":"https:\/\/dia24.eu\/fr\/wp-json\/wp\/v2\/types\/product"}],"replies":[{"embeddable":true,"href":"https:\/\/dia24.eu\/fr\/wp-json\/wp\/v2\/comments?post=7246"}],"version-history":[{"count":1,"href":"https:\/\/dia24.eu\/fr\/wp-json\/wp\/v2\/product\/7246\/revisions"}],"predecessor-version":[{"id":7248,"href":"https:\/\/dia24.eu\/fr\/wp-json\/wp\/v2\/product\/7246\/revisions\/7248"}],"wp:featuredmedia":[{"embeddable":true,"href":"https:\/\/dia24.eu\/fr\/wp-json\/wp\/v2\/media\/7247"}],"wp:attachment":[{"href":"https:\/\/dia24.eu\/fr\/wp-json\/wp\/v2\/media?parent=7246"}],"wp:term":[{"taxonomy":"brand","embeddable":true,"href":"https:\/\/dia24.eu\/fr\/wp-json\/wp\/v2\/etheme_brands?post=7246"},{"taxonomy":"product_brand","embeddable":true,"href":"https:\/\/dia24.eu\/fr\/wp-json\/wp\/v2\/product_brand?post=7246"},{"taxonomy":"product_cat","embeddable":true,"href":"https:\/\/dia24.eu\/fr\/wp-json\/wp\/v2\/product_cat?post=7246"},{"taxonomy":"product_tag","embeddable":true,"href":"https:\/\/dia24.eu\/fr\/wp-json\/wp\/v2\/product_tag?post=7246"}],"curies":[{"name":"wp","href":"https:\/\/api.w.org\/{rel}","templated":true}]}}