{"id":7265,"date":"2023-02-08T19:35:37","date_gmt":"2023-02-08T17:35:37","guid":{"rendered":"https:\/\/dia24.eu\/?post_type=product&#038;p=7265"},"modified":"2024-11-23T14:55:03","modified_gmt":"2024-11-23T12:55:03","slug":"clickfine-diamondtip-31g-6mm-n100","status":"publish","type":"product","link":"https:\/\/dia24.eu\/fr\/product\/clickfine-diamondtip-31g-6mm-n100\/","title":{"rendered":"Clickfine Pointe diamant 31G 6mm N100"},"content":{"rendered":"<p><strong>Une pointe d'aiguille \u00e0 6 biseaux bas\u00e9e sur une technologie enti\u00e8rement nouvelle pour une aiguille de stylo d'injection plus lisse qui rend l'injection plus confortable, plus rapide et souvent plus indolore !<\/strong><\/p>\n<ul>\n<li>Pointe d'aiguille \u00e0 6 biseaux pour une injection plus douce<\/li>\n<li>Parois fines de la canule pour un d\u00e9bit plus rapide<\/li>\n<li>Le traitement sp\u00e9cial de la surface en silicone permet \u00e0 l'aiguille de glisser plus facilement.<\/li>\n<li>Technologie Click pour un ajustement facile et s\u00fbr<\/li>\n<li>Compatible avec toutes les grandes marques de stylos et disponible en longueurs de 4, 5, 6 et 8 mm.<\/li>\n<li>Con\u00e7u et fabriqu\u00e9 en Suisse.<\/li>\n<\/ul>","protected":false},"excerpt":{"rendered":"<p>Une aiguille \u00e0 insuline \u00e0 6 pointes biseaut\u00e9es bas\u00e9e sur une toute nouvelle technologie qui rend l'injection plus confortable, plus rapide et souvent plus indolore ! Pratique \u00e0 ins\u00e9rer en un seul clic. Fabriqu\u00e9e en Suisse.<\/p>","protected":false},"featured_media":7266,"comment_status":"closed","ping_status":"closed","template":"","meta":[],"etheme_brands":[],"product_brand":[],"product_cat":[88,97],"product_tag":[],"class_list":{"0":"post-7265","1":"product","2":"type-product","3":"status-publish","4":"has-post-thumbnail","6":"product_cat-accessories","7":"product_cat-insulin-pen-needles","9":"first","10":"instock","11":"shipping-taxable","12":"purchasable","13":"product-type-simple"},"aioseo_notices":[],"_links":{"self":[{"href":"https:\/\/dia24.eu\/fr\/wp-json\/wp\/v2\/product\/7265","targetHints":{"allow":["GET"]}}],"collection":[{"href":"https:\/\/dia24.eu\/fr\/wp-json\/wp\/v2\/product"}],"about":[{"href":"https:\/\/dia24.eu\/fr\/wp-json\/wp\/v2\/types\/product"}],"replies":[{"embeddable":true,"href":"https:\/\/dia24.eu\/fr\/wp-json\/wp\/v2\/comments?post=7265"}],"version-history":[{"count":1,"href":"https:\/\/dia24.eu\/fr\/wp-json\/wp\/v2\/product\/7265\/revisions"}],"predecessor-version":[{"id":7268,"href":"https:\/\/dia24.eu\/fr\/wp-json\/wp\/v2\/product\/7265\/revisions\/7268"}],"wp:featuredmedia":[{"embeddable":true,"href":"https:\/\/dia24.eu\/fr\/wp-json\/wp\/v2\/media\/7266"}],"wp:attachment":[{"href":"https:\/\/dia24.eu\/fr\/wp-json\/wp\/v2\/media?parent=7265"}],"wp:term":[{"taxonomy":"brand","embeddable":true,"href":"https:\/\/dia24.eu\/fr\/wp-json\/wp\/v2\/etheme_brands?post=7265"},{"taxonomy":"product_brand","embeddable":true,"href":"https:\/\/dia24.eu\/fr\/wp-json\/wp\/v2\/product_brand?post=7265"},{"taxonomy":"product_cat","embeddable":true,"href":"https:\/\/dia24.eu\/fr\/wp-json\/wp\/v2\/product_cat?post=7265"},{"taxonomy":"product_tag","embeddable":true,"href":"https:\/\/dia24.eu\/fr\/wp-json\/wp\/v2\/product_tag?post=7265"}],"curies":[{"name":"wp","href":"https:\/\/api.w.org\/{rel}","templated":true}]}}