{"id":7276,"date":"2023-02-08T20:07:06","date_gmt":"2023-02-08T18:07:06","guid":{"rendered":"https:\/\/dia24.eu\/?post_type=product&#038;p=7276"},"modified":"2024-07-29T20:03:43","modified_gmt":"2024-07-29T17:03:43","slug":"cutasept-f-skin-disinfection-spray","status":"publish","type":"product","link":"https:\/\/dia24.eu\/fr\/product\/cutasept-f-skin-disinfection-spray\/","title":{"rendered":"Cutasept F Spray de d\u00e9sinfection cutan\u00e9e"},"content":{"rendered":"<p>Antiseptique cutan\u00e9 \u00e0 utiliser avant les injections, les ponctions et les interventions chirurgicales, avec une action rapide et large.<\/p>\n<p>Microbiologique : bact\u00e9ricide, anti-infectieux, antituberculeux, virucide, virucide contre les virus envelopp\u00e9s.<\/p>\n<p>Champ d'application :<br \/>\nCutasept F est recommand\u00e9 pour l'antisepsie de la peau avant les injections, les ponctions et les interventions chirurgicales, dans les h\u00f4pitaux, les cabinets m\u00e9dicaux, la g\u00e9riatrie et la dialyse \u00e0 domicile. Chez les diab\u00e9tiques, avant les tests de glyc\u00e9mie ou les injections d'insuline.<\/p>\n<p><strong>Substances actives et leur concentration<\/strong><br \/>\nSubstances actives pour 100 g de solution :<\/p>\n<ul>\n<li>Propan-2-ol\/isopropanol 63g<\/li>\n<li>Sel d'ammonium quaternaire, chlorure de benzyle C12-18 alkyl dim\u00e9thyle 0,025g<\/li>\n<\/ul>\n<p>Pourcentage en volume de la teneur en \u00e9thanol (% vol.) : 72%<\/p>","protected":false},"excerpt":{"rendered":"<p>D\u00e9sinfectant cutan\u00e9 incolore, respectueux de la peau.<\/p>","protected":false},"featured_media":8056,"comment_status":"closed","ping_status":"closed","template":"","meta":[],"etheme_brands":[],"product_brand":[],"product_cat":[83,85],"product_tag":[],"class_list":{"0":"post-7276","1":"product","2":"type-product","3":"status-publish","4":"has-post-thumbnail","6":"product_cat-first-aid-and-care","7":"product_cat-antiseptics","9":"first","10":"outofstock","11":"shipping-taxable","12":"purchasable","13":"product-type-simple"},"aioseo_notices":[],"_links":{"self":[{"href":"https:\/\/dia24.eu\/fr\/wp-json\/wp\/v2\/product\/7276","targetHints":{"allow":["GET"]}}],"collection":[{"href":"https:\/\/dia24.eu\/fr\/wp-json\/wp\/v2\/product"}],"about":[{"href":"https:\/\/dia24.eu\/fr\/wp-json\/wp\/v2\/types\/product"}],"replies":[{"embeddable":true,"href":"https:\/\/dia24.eu\/fr\/wp-json\/wp\/v2\/comments?post=7276"}],"version-history":[{"count":1,"href":"https:\/\/dia24.eu\/fr\/wp-json\/wp\/v2\/product\/7276\/revisions"}],"predecessor-version":[{"id":7278,"href":"https:\/\/dia24.eu\/fr\/wp-json\/wp\/v2\/product\/7276\/revisions\/7278"}],"wp:featuredmedia":[{"embeddable":true,"href":"https:\/\/dia24.eu\/fr\/wp-json\/wp\/v2\/media\/8056"}],"wp:attachment":[{"href":"https:\/\/dia24.eu\/fr\/wp-json\/wp\/v2\/media?parent=7276"}],"wp:term":[{"taxonomy":"brand","embeddable":true,"href":"https:\/\/dia24.eu\/fr\/wp-json\/wp\/v2\/etheme_brands?post=7276"},{"taxonomy":"product_brand","embeddable":true,"href":"https:\/\/dia24.eu\/fr\/wp-json\/wp\/v2\/product_brand?post=7276"},{"taxonomy":"product_cat","embeddable":true,"href":"https:\/\/dia24.eu\/fr\/wp-json\/wp\/v2\/product_cat?post=7276"},{"taxonomy":"product_tag","embeddable":true,"href":"https:\/\/dia24.eu\/fr\/wp-json\/wp\/v2\/product_tag?post=7276"}],"curies":[{"name":"wp","href":"https:\/\/api.w.org\/{rel}","templated":true}]}}