{"id":7279,"date":"2023-02-08T20:20:02","date_gmt":"2023-02-08T18:20:02","guid":{"rendered":"https:\/\/dia24.eu\/?post_type=product&#038;p=7279"},"modified":"2024-11-23T14:53:16","modified_gmt":"2024-11-23T12:53:16","slug":"limisanpro-medical-adhesive-remover-50ml","status":"publish","type":"product","link":"https:\/\/dia24.eu\/fr\/product\/limisanpro-medical-adhesive-remover-50ml\/","title":{"rendered":"LimisanPRO Medical Adhesive Remover 50ml"},"content":{"rendered":"<p>Limisan est un produit qui peut \u00eatre utilis\u00e9 pour enlever diff\u00e9rents types de patchs. Il est con\u00e7u pour rendre le retrait de tous les types de patchs (y compris les rubans adh\u00e9sifs, les bandages et les patchs m\u00e9dicaux) facile, indolore et non traumatisant.<\/p>\n<p>Ce produit respectueux de la peau peut contribuer \u00e0 la cicatrisation des plaies en r\u00e9duisant les dommages caus\u00e9s \u00e0 la peau et \u00e0 la zone de la plaie par le retrait des patchs et des pansements sans Limisan.<br \/>\nLimisan est un spray facile \u00e0 utiliser et qui agit imm\u00e9diatement.<\/p>\n<ul>\n<li>Le spray peut \u00e9galement \u00eatre utilis\u00e9 \u00e0 l'envers.<\/li>\n<li>Limisan est tr\u00e8s doux pour la peau et ne pique pas !<\/li>\n<li>Limisan s\u00e8che tr\u00e8s rapidement sur la peau et n'affecte donc pas l'adh\u00e9rence du nouveau patch lorsqu'il est appliqu\u00e9.<\/li>\n<\/ul>","protected":false},"excerpt":{"rendered":"<p>Dissolvant d'adh\u00e9sif doux pour la peau<\/p>","protected":false},"featured_media":8055,"comment_status":"closed","ping_status":"closed","template":"","meta":[],"etheme_brands":[],"product_brand":[],"product_cat":[81,78],"product_tag":[],"class_list":{"0":"post-7279","1":"product","2":"type-product","3":"status-publish","4":"has-post-thumbnail","6":"product_cat-adhesive-removers","7":"product_cat-glucose-sensors-cgm","9":"first","10":"instock","11":"shipping-taxable","12":"purchasable","13":"product-type-simple"},"aioseo_notices":[],"_links":{"self":[{"href":"https:\/\/dia24.eu\/fr\/wp-json\/wp\/v2\/product\/7279","targetHints":{"allow":["GET"]}}],"collection":[{"href":"https:\/\/dia24.eu\/fr\/wp-json\/wp\/v2\/product"}],"about":[{"href":"https:\/\/dia24.eu\/fr\/wp-json\/wp\/v2\/types\/product"}],"replies":[{"embeddable":true,"href":"https:\/\/dia24.eu\/fr\/wp-json\/wp\/v2\/comments?post=7279"}],"version-history":[{"count":1,"href":"https:\/\/dia24.eu\/fr\/wp-json\/wp\/v2\/product\/7279\/revisions"}],"predecessor-version":[{"id":7281,"href":"https:\/\/dia24.eu\/fr\/wp-json\/wp\/v2\/product\/7279\/revisions\/7281"}],"wp:featuredmedia":[{"embeddable":true,"href":"https:\/\/dia24.eu\/fr\/wp-json\/wp\/v2\/media\/8055"}],"wp:attachment":[{"href":"https:\/\/dia24.eu\/fr\/wp-json\/wp\/v2\/media?parent=7279"}],"wp:term":[{"taxonomy":"brand","embeddable":true,"href":"https:\/\/dia24.eu\/fr\/wp-json\/wp\/v2\/etheme_brands?post=7279"},{"taxonomy":"product_brand","embeddable":true,"href":"https:\/\/dia24.eu\/fr\/wp-json\/wp\/v2\/product_brand?post=7279"},{"taxonomy":"product_cat","embeddable":true,"href":"https:\/\/dia24.eu\/fr\/wp-json\/wp\/v2\/product_cat?post=7279"},{"taxonomy":"product_tag","embeddable":true,"href":"https:\/\/dia24.eu\/fr\/wp-json\/wp\/v2\/product_tag?post=7279"}],"curies":[{"name":"wp","href":"https:\/\/api.w.org\/{rel}","templated":true}]}}