{"id":7285,"date":"2023-02-08T20:35:58","date_gmt":"2023-02-08T18:35:58","guid":{"rendered":"https:\/\/dia24.eu\/?post_type=product&#038;p=7285"},"modified":"2026-02-09T02:44:40","modified_gmt":"2026-02-09T00:44:40","slug":"novopen-echo-plus-smart-insulin-pen-nfc-xdrip-memory","status":"publish","type":"product","link":"https:\/\/dia24.eu\/fr\/product\/novopen-echo-plus-smart-insulin-pen-nfc-xdrip-memory\/","title":{"rendered":"Novopen Echo Plus Smart Insulin Pen [NFC, xDrip+, M\u00e9moire]"},"content":{"rendered":"<p>Le NovoPen Echo\u00ae Plus est un dispositif d'injection r\u00e9utilisable destin\u00e9 \u00e0 \u00eatre utilis\u00e9 individuellement par un patient diab\u00e9tique pour s'injecter de l'insuline. Le dispositif d'injection peut \u00eatre utilis\u00e9 avec les flacons \u00e0 piston d'insuline Novo Nordisk et les aiguilles jetables (fournies s\u00e9par\u00e9ment).<\/p>\n<p>L'utilisateur peut s\u00e9lectionner la dose d'insuline sur le dispositif d'injection avec une pr\u00e9cision d'une demi-unit\u00e9 entre 0,5 et 30 unit\u00e9s.<\/p>\n<p>L'injecteur est dot\u00e9 d'une m\u00e9moire \u00e9lectronique qui affiche le nombre d'unit\u00e9s administr\u00e9es en dernier lieu et l'heure de l'injection, ce qui permet de s'en souvenir. La m\u00e9moire permet d'\u00e9viter les oublis et les doubles administrations.<br \/>\nComme innovation, l'injecteur est compatible avec les dispositifs de communication en champ proche (NFC). Cela permet \u00e0 l'injecteur de transmettre \u00e0 un t\u00e9l\u00e9phone, un ordinateur, etc., les donn\u00e9es relatives aux heures d'injection et aux volumes inject\u00e9s au cours des trois derniers mois, ce qui permet, par exemple, au clinicien de comparer les donn\u00e9es relatives \u00e0 l'administration d'insuline avec les relev\u00e9s de glyc\u00e9mie afin d'ajuster le traitement. Il s'agit essentiellement d'un journal personnel des injections du patient. Il permet \u00e9galement \u00e0 un parent de savoir si son enfant diab\u00e9tique a pris de l'insuline et en quelle quantit\u00e9. Les donn\u00e9es sont pr\u00e9sent\u00e9es dans un format facile \u00e0 traiter et sont compatibles avec les donn\u00e9es des capteurs et des glucom\u00e8tres. Pour t\u00e9l\u00e9charger les donn\u00e9es, vous devez installer l'application correspondante (MySugr, Glooko).<\/p>\n<p>Peut \u00eatre utilis\u00e9 avec les derni\u00e8res versions de xDrip, transf\u00e8re facilement les donn\u00e9es d'injection vers le syst\u00e8me de pr\u00e9diction xDrip.<\/p>","protected":false},"excerpt":{"rendered":"<p>NovoPen Echo\u00ae Plus est un dispositif d'injection r\u00e9utilisable.<br \/>\nPrend en charge les connexions NFC.<\/p>\n<p>En raison de la disponibilit\u00e9 limit\u00e9e, <strong>un seul article par commande est autoris\u00e9<\/strong>.<\/p>","protected":false},"featured_media":7287,"comment_status":"closed","ping_status":"closed","template":"","meta":[],"etheme_brands":[],"product_brand":[],"product_cat":[88,98],"product_tag":[],"class_list":{"0":"post-7285","1":"product","2":"type-product","3":"status-publish","4":"has-post-thumbnail","6":"product_cat-accessories","7":"product_cat-insulin-pens","9":"first","10":"instock","11":"shipping-taxable","12":"purchasable","13":"product-type-variable","14":"has-default-attributes"},"aioseo_notices":[],"_links":{"self":[{"href":"https:\/\/dia24.eu\/fr\/wp-json\/wp\/v2\/product\/7285","targetHints":{"allow":["GET"]}}],"collection":[{"href":"https:\/\/dia24.eu\/fr\/wp-json\/wp\/v2\/product"}],"about":[{"href":"https:\/\/dia24.eu\/fr\/wp-json\/wp\/v2\/types\/product"}],"replies":[{"embeddable":true,"href":"https:\/\/dia24.eu\/fr\/wp-json\/wp\/v2\/comments?post=7285"}],"version-history":[{"count":8,"href":"https:\/\/dia24.eu\/fr\/wp-json\/wp\/v2\/product\/7285\/revisions"}],"predecessor-version":[{"id":9905,"href":"https:\/\/dia24.eu\/fr\/wp-json\/wp\/v2\/product\/7285\/revisions\/9905"}],"wp:featuredmedia":[{"embeddable":true,"href":"https:\/\/dia24.eu\/fr\/wp-json\/wp\/v2\/media\/7287"}],"wp:attachment":[{"href":"https:\/\/dia24.eu\/fr\/wp-json\/wp\/v2\/media?parent=7285"}],"wp:term":[{"taxonomy":"brand","embeddable":true,"href":"https:\/\/dia24.eu\/fr\/wp-json\/wp\/v2\/etheme_brands?post=7285"},{"taxonomy":"product_brand","embeddable":true,"href":"https:\/\/dia24.eu\/fr\/wp-json\/wp\/v2\/product_brand?post=7285"},{"taxonomy":"product_cat","embeddable":true,"href":"https:\/\/dia24.eu\/fr\/wp-json\/wp\/v2\/product_cat?post=7285"},{"taxonomy":"product_tag","embeddable":true,"href":"https:\/\/dia24.eu\/fr\/wp-json\/wp\/v2\/product_tag?post=7285"}],"curies":[{"name":"wp","href":"https:\/\/api.w.org\/{rel}","templated":true}]}}