{"id":8261,"date":"2023-04-11T15:09:59","date_gmt":"2023-04-11T12:09:59","guid":{"rendered":"https:\/\/dia24.eu\/?post_type=product&#038;p=8261"},"modified":"2025-09-17T22:21:19","modified_gmt":"2025-09-17T19:21:19","slug":"dexcom-one-starter-kit-transmitter-and-sensor","status":"publish","type":"product","link":"https:\/\/dia24.eu\/fr\/product\/dexcom-one-starter-kit-transmitter-and-sensor\/","title":{"rendered":"Kit de d\u00e9marrage Dexcom ONE (\u00e9metteur + capteur)"},"content":{"rendered":"<p><strong><span style=\"color: #ff0000;\">IMPORTANT !<\/span> Ce syst\u00e8me de capteurs ne sera plus utilis\u00e9 au cours du premier semestre 2025. <\/strong>car leur production sera arr\u00eat\u00e9e.<br \/>\nVous avez la possibilit\u00e9 de passer \u00e0 la nouvelle <a href=\"https:\/\/dia24.eu\/fr\/product\/dexcom-one-plus\/\"><strong>ONE+<\/strong><\/a> ou d'autres capteurs.<\/p>\n<p>Le paquet se compose de deux articles distincts :<\/p>\n<ul>\n<li>Capteur Dexcom ONE<\/li>\n<li>\u00c9metteur Dexcom ONE<\/li>\n<\/ul>\n<p>Le capteur Dexcom ONE mesure en continu le taux de glucose.<br \/>\nLe capteur est livr\u00e9 avec un applicateur, ce qui rend l'insertion tr\u00e8s rapide et simple. Le capteur peut \u00eatre port\u00e9 jusqu'\u00e0 10 jours.<br \/>\nN\u00e9cessite l'\u00e9metteur Dexcom ONE (peut \u00eatre achet\u00e9 s\u00e9par\u00e9ment)<\/p>\n<ul>\n<li>Le capteur peut \u00eatre port\u00e9 jusqu'\u00e0 10 jours chacun (recommand\u00e9)<\/li>\n<li>Livr\u00e9 avec un applicateur automatique<\/li>\n<\/ul>\n<p>L'\u00e9metteur Dexcom ONE s'ins\u00e8re dans le capteur et envoie les mesures de glucose en temps r\u00e9el sans fil \u00e0 un smartphone via Bluetooth. Chaque \u00e9metteur a une autonomie de 3 mois et peut \u00eatre r\u00e9utilis\u00e9 avec plusieurs capteurs.<\/p>\n<ul>\n<li>Dur\u00e9e de vie de la batterie : 3 mois<\/li>\n<li>R\u00e9utilisable avec plusieurs capteurs<\/li>\n<li>Applications compatibles : Dexcom ONE \/ xDrip \/ xDrip4iOS<\/li>\n<\/ul>","protected":false},"excerpt":{"rendered":"<p><strong>Offre sp\u00e9ciale<\/strong><br \/>\nPack de d\u00e9marrage du syst\u00e8me de surveillance continue du glucose Dexcom ONE compos\u00e9 d'un \u00e9metteur et d'un capteur.<\/p>\n<p><b>DERNIER STOCK<\/b><\/p>","protected":false},"featured_media":8276,"comment_status":"open","ping_status":"closed","template":"","meta":[],"etheme_brands":[{"term_id":91,"name":"Dexcom","slug":"dexcom","term_group":0,"term_taxonomy_id":91,"taxonomy":"brand","description":"Dexcom CGM","parent":0,"count":3,"filter":"raw"}],"product_brand":[],"product_cat":[79,78],"product_tag":[],"class_list":{"0":"post-8261","1":"product","2":"type-product","3":"status-publish","4":"has-post-thumbnail","6":"brand-dexcom","7":"product_cat-dexcom-one-cgm","8":"product_cat-glucose-sensors-cgm","10":"first","11":"outofstock","12":"featured","13":"shipping-taxable","14":"purchasable","15":"product-type-simple"},"aioseo_notices":[],"_links":{"self":[{"href":"https:\/\/dia24.eu\/fr\/wp-json\/wp\/v2\/product\/8261","targetHints":{"allow":["GET"]}}],"collection":[{"href":"https:\/\/dia24.eu\/fr\/wp-json\/wp\/v2\/product"}],"about":[{"href":"https:\/\/dia24.eu\/fr\/wp-json\/wp\/v2\/types\/product"}],"replies":[{"embeddable":true,"href":"https:\/\/dia24.eu\/fr\/wp-json\/wp\/v2\/comments?post=8261"}],"version-history":[{"count":13,"href":"https:\/\/dia24.eu\/fr\/wp-json\/wp\/v2\/product\/8261\/revisions"}],"predecessor-version":[{"id":15127,"href":"https:\/\/dia24.eu\/fr\/wp-json\/wp\/v2\/product\/8261\/revisions\/15127"}],"wp:featuredmedia":[{"embeddable":true,"href":"https:\/\/dia24.eu\/fr\/wp-json\/wp\/v2\/media\/8276"}],"wp:attachment":[{"href":"https:\/\/dia24.eu\/fr\/wp-json\/wp\/v2\/media?parent=8261"}],"wp:term":[{"taxonomy":"brand","embeddable":true,"href":"https:\/\/dia24.eu\/fr\/wp-json\/wp\/v2\/etheme_brands?post=8261"},{"taxonomy":"product_brand","embeddable":true,"href":"https:\/\/dia24.eu\/fr\/wp-json\/wp\/v2\/product_brand?post=8261"},{"taxonomy":"product_cat","embeddable":true,"href":"https:\/\/dia24.eu\/fr\/wp-json\/wp\/v2\/product_cat?post=8261"},{"taxonomy":"product_tag","embeddable":true,"href":"https:\/\/dia24.eu\/fr\/wp-json\/wp\/v2\/product_tag?post=8261"}],"curies":[{"name":"wp","href":"https:\/\/api.w.org\/{rel}","templated":true}]}}