{"id":8430,"date":"2023-04-24T18:07:54","date_gmt":"2023-04-24T15:07:54","guid":{"rendered":"https:\/\/dia24.eu\/?post_type=product&#038;p=8430"},"modified":"2024-02-06T02:02:12","modified_gmt":"2024-02-06T00:02:12","slug":"dexcom-one-receiver-bluetooth","status":"publish","type":"product","link":"https:\/\/dia24.eu\/fr\/product\/dexcom-one-receiver-bluetooth\/","title":{"rendered":"R\u00e9cepteur Dexcom ONE (Bluetooth)"},"content":{"rendered":"<p>Le r\u00e9cepteur Dexcom ONE est adapt\u00e9 \u00e0 la visualisation des donn\u00e9es de glyc\u00e9mie. Si vous n'avez pas d'appareil intelligent compatible, vous pouvez utiliser les deux en m\u00eame temps si vous le souhaitez.<br \/>\nLe r\u00e9cepteur doit se trouver \u00e0 moins de 6 m\u00e8tres de l'\u00e9metteur Dexcom ONE pour un bon fonctionnement.<\/p>\n<ul>\n<li>Version europ\u00e9enne : mmol\/l<\/li>\n<li>Les donn\u00e9es du Dexcom ONE Receiver peuvent \u00eatre t\u00e9l\u00e9charg\u00e9es vers le Dexcom Clarity sur votre ordinateur \u00e0 l'aide d'un c\u00e2ble USB.<\/li>\n<li>Le r\u00e9cepteur n'est compatible qu'avec l'\u00e9metteur Dexcom ONE.<\/li>\n<\/ul>","protected":false},"excerpt":{"rendered":"<p>Le r\u00e9cepteur optionnel Dexcom ONE est une alternative pour afficher les relev\u00e9s si vous ne pouvez pas utiliser un smartphone ou s'il n'y a pas d'appareil compatible. Le r\u00e9cepteur permet \u00e0 l'utilisateur de visualiser les donn\u00e9es de glyc\u00e9mie et les tendances en temps r\u00e9el dans un r\u00e9cepteur d\u00e9di\u00e9. Le r\u00e9cepteur vous permet de visualiser vos relev\u00e9s, de configurer et de recevoir des alertes et des avertissements sur les mouvements de la glyc\u00e9mie.<\/p>","protected":false},"featured_media":8431,"comment_status":"open","ping_status":"closed","template":"","meta":[],"etheme_brands":[],"product_brand":[],"product_cat":[78,79],"product_tag":[],"class_list":{"0":"post-8430","1":"product","2":"type-product","3":"status-publish","4":"has-post-thumbnail","6":"product_cat-glucose-sensors-cgm","7":"product_cat-dexcom-one-cgm","9":"first","10":"outofstock","11":"sold-individually","12":"shipping-taxable","13":"purchasable","14":"product-type-simple"},"aioseo_notices":[],"_links":{"self":[{"href":"https:\/\/dia24.eu\/fr\/wp-json\/wp\/v2\/product\/8430","targetHints":{"allow":["GET"]}}],"collection":[{"href":"https:\/\/dia24.eu\/fr\/wp-json\/wp\/v2\/product"}],"about":[{"href":"https:\/\/dia24.eu\/fr\/wp-json\/wp\/v2\/types\/product"}],"replies":[{"embeddable":true,"href":"https:\/\/dia24.eu\/fr\/wp-json\/wp\/v2\/comments?post=8430"}],"version-history":[{"count":5,"href":"https:\/\/dia24.eu\/fr\/wp-json\/wp\/v2\/product\/8430\/revisions"}],"predecessor-version":[{"id":8436,"href":"https:\/\/dia24.eu\/fr\/wp-json\/wp\/v2\/product\/8430\/revisions\/8436"}],"wp:featuredmedia":[{"embeddable":true,"href":"https:\/\/dia24.eu\/fr\/wp-json\/wp\/v2\/media\/8431"}],"wp:attachment":[{"href":"https:\/\/dia24.eu\/fr\/wp-json\/wp\/v2\/media?parent=8430"}],"wp:term":[{"taxonomy":"brand","embeddable":true,"href":"https:\/\/dia24.eu\/fr\/wp-json\/wp\/v2\/etheme_brands?post=8430"},{"taxonomy":"product_brand","embeddable":true,"href":"https:\/\/dia24.eu\/fr\/wp-json\/wp\/v2\/product_brand?post=8430"},{"taxonomy":"product_cat","embeddable":true,"href":"https:\/\/dia24.eu\/fr\/wp-json\/wp\/v2\/product_cat?post=8430"},{"taxonomy":"product_tag","embeddable":true,"href":"https:\/\/dia24.eu\/fr\/wp-json\/wp\/v2\/product_tag?post=8430"}],"curies":[{"name":"wp","href":"https:\/\/api.w.org\/{rel}","templated":true}]}}