{"id":8500,"date":"2023-05-23T00:30:23","date_gmt":"2023-05-22T21:30:23","guid":{"rendered":"https:\/\/dia24.eu\/?post_type=product&#038;p=8500"},"modified":"2025-08-18T09:48:08","modified_gmt":"2025-08-18T06:48:08","slug":"dexcom-one-sensors-2-pack-with-transmitter","status":"publish","type":"product","link":"https:\/\/dia24.eu\/fr\/product\/dexcom-one-sensors-2-pack-with-transmitter\/","title":{"rendered":"Capteurs Dexcom ONE (lot de 2) + \u00e9metteur"},"content":{"rendered":"<p>Le capteur Dexcom ONE mesure en continu le taux de glucose.<br \/>\nLe capteur est livr\u00e9 avec un applicateur, ce qui rend l'insertion tr\u00e8s rapide et simple. Le capteur peut \u00eatre port\u00e9 jusqu'\u00e0 10 jours.<br \/>\nN\u00e9cessite l'\u00e9metteur Dexcom ONE (inclus dans l'emballage)<\/p>\n<ul>\n<li>Le capteur peut \u00eatre port\u00e9 jusqu'\u00e0 10 jours chacun (recommand\u00e9)<\/li>\n<li>Livr\u00e9 avec un applicateur automatique<\/li>\n<li>N\u00e9cessite le <strong><a href=\"https:\/\/dia24.eu\/fr\/product\/dexcom-one-transmitter\/\">\u00c9metteur Dexcom ONE<\/a><\/strong><\/li>\n<\/ul>","protected":false},"excerpt":{"rendered":"<p>Capteurs Dexcom ONE (lot de 2) pour une mesure continue du niveau de glucose avec l'\u00e9metteur Dexcom ONE.<\/p>","protected":false},"featured_media":8501,"comment_status":"closed","ping_status":"closed","template":"","meta":[],"etheme_brands":[],"product_brand":[],"product_cat":[78,79],"product_tag":[110,94,107,108,109],"class_list":{"0":"post-8500","1":"product","2":"type-product","3":"status-publish","4":"has-post-thumbnail","6":"product_cat-glucose-sensors-cgm","7":"product_cat-dexcom-one-cgm","8":"product_tag-cgm","9":"product_tag-dexcom-one","10":"product_tag-kit","11":"product_tag-sensor","12":"product_tag-transmitter","14":"first","15":"outofstock","16":"sale","17":"shipping-taxable","18":"purchasable","19":"product-type-simple"},"aioseo_notices":[],"_links":{"self":[{"href":"https:\/\/dia24.eu\/fr\/wp-json\/wp\/v2\/product\/8500","targetHints":{"allow":["GET"]}}],"collection":[{"href":"https:\/\/dia24.eu\/fr\/wp-json\/wp\/v2\/product"}],"about":[{"href":"https:\/\/dia24.eu\/fr\/wp-json\/wp\/v2\/types\/product"}],"replies":[{"embeddable":true,"href":"https:\/\/dia24.eu\/fr\/wp-json\/wp\/v2\/comments?post=8500"}],"version-history":[{"count":1,"href":"https:\/\/dia24.eu\/fr\/wp-json\/wp\/v2\/product\/8500\/revisions"}],"predecessor-version":[{"id":8502,"href":"https:\/\/dia24.eu\/fr\/wp-json\/wp\/v2\/product\/8500\/revisions\/8502"}],"wp:featuredmedia":[{"embeddable":true,"href":"https:\/\/dia24.eu\/fr\/wp-json\/wp\/v2\/media\/8501"}],"wp:attachment":[{"href":"https:\/\/dia24.eu\/fr\/wp-json\/wp\/v2\/media?parent=8500"}],"wp:term":[{"taxonomy":"brand","embeddable":true,"href":"https:\/\/dia24.eu\/fr\/wp-json\/wp\/v2\/etheme_brands?post=8500"},{"taxonomy":"product_brand","embeddable":true,"href":"https:\/\/dia24.eu\/fr\/wp-json\/wp\/v2\/product_brand?post=8500"},{"taxonomy":"product_cat","embeddable":true,"href":"https:\/\/dia24.eu\/fr\/wp-json\/wp\/v2\/product_cat?post=8500"},{"taxonomy":"product_tag","embeddable":true,"href":"https:\/\/dia24.eu\/fr\/wp-json\/wp\/v2\/product_tag?post=8500"}],"curies":[{"name":"wp","href":"https:\/\/api.w.org\/{rel}","templated":true}]}}