{"id":8902,"date":"2023-06-04T00:14:20","date_gmt":"2023-06-03T21:14:20","guid":{"rendered":"https:\/\/dia24.eu\/?post_type=product&#038;p=8902"},"modified":"2024-07-29T20:07:38","modified_gmt":"2024-07-29T17:07:38","slug":"microlet-lancets-pack-of-200","status":"publish","type":"product","link":"https:\/\/dia24.eu\/fr\/product\/microlet-lancets-pack-of-200\/","title":{"rendered":"Lancettes Microlet (paquet de 200)"},"content":{"rendered":"<p>Lancettes color\u00e9es recouvertes de silicone.<br \/>\n\u00c0 utiliser avec tous les autopiqueurs Microlet\u00ae de Bayer.<br \/>\nCon\u00e7us pour s'adapter \u00e0 la plupart des autopiqueurs standard du march\u00e9, vous pouvez donc les utiliser imm\u00e9diatement avec votre autopiqueur pr\u00e9f\u00e9r\u00e9.<\/p>\n<p><strong>Mode d'emploi<\/strong><br \/>\n1. Ins\u00e9rez la lancette et d\u00e9vissez le capuchon de protection.<br \/>\n2. Apr\u00e8s utilisation, placez le capuchon de protection sur un sol plat. 2. Poussez fermement la lancette dans le c\u00f4t\u00e9 ouvert de l'embout.<br \/>\n3. Tirez le levier de r\u00e9initialisation et la lancette est lib\u00e9r\u00e9e.<\/p>\n<p><strong>Avertissements et pr\u00e9cautions<\/strong><br \/>\nNe l'utilisez pas une deuxi\u00e8me fois, ou si le capuchon de protection a d\u00e9j\u00e0 \u00e9t\u00e9 d\u00e9viss\u00e9.<\/p>\n<p>La langue de l'emballage peut diff\u00e9rer de l'image du produit, en raison de la diversit\u00e9 des march\u00e9s.<\/p>","protected":false},"excerpt":{"rendered":"<p>Lancettes color\u00e9es recouvertes de silicone, paquet de 200.<br \/>\n\u00c0 utiliser avec tous les autopiqueurs Microlet\u00ae de Bayer.<\/p>","protected":false},"featured_media":8903,"comment_status":"open","ping_status":"closed","template":"","meta":[],"etheme_brands":[],"product_brand":[],"product_cat":[88,96],"product_tag":[],"class_list":{"0":"post-8902","1":"product","2":"type-product","3":"status-publish","4":"has-post-thumbnail","6":"product_cat-accessories","7":"product_cat-blood-glucose-meters","9":"first","10":"instock","11":"shipping-taxable","12":"purchasable","13":"product-type-simple"},"aioseo_notices":[],"_links":{"self":[{"href":"https:\/\/dia24.eu\/fr\/wp-json\/wp\/v2\/product\/8902","targetHints":{"allow":["GET"]}}],"collection":[{"href":"https:\/\/dia24.eu\/fr\/wp-json\/wp\/v2\/product"}],"about":[{"href":"https:\/\/dia24.eu\/fr\/wp-json\/wp\/v2\/types\/product"}],"replies":[{"embeddable":true,"href":"https:\/\/dia24.eu\/fr\/wp-json\/wp\/v2\/comments?post=8902"}],"version-history":[{"count":3,"href":"https:\/\/dia24.eu\/fr\/wp-json\/wp\/v2\/product\/8902\/revisions"}],"predecessor-version":[{"id":8907,"href":"https:\/\/dia24.eu\/fr\/wp-json\/wp\/v2\/product\/8902\/revisions\/8907"}],"wp:featuredmedia":[{"embeddable":true,"href":"https:\/\/dia24.eu\/fr\/wp-json\/wp\/v2\/media\/8903"}],"wp:attachment":[{"href":"https:\/\/dia24.eu\/fr\/wp-json\/wp\/v2\/media?parent=8902"}],"wp:term":[{"taxonomy":"brand","embeddable":true,"href":"https:\/\/dia24.eu\/fr\/wp-json\/wp\/v2\/etheme_brands?post=8902"},{"taxonomy":"product_brand","embeddable":true,"href":"https:\/\/dia24.eu\/fr\/wp-json\/wp\/v2\/product_brand?post=8902"},{"taxonomy":"product_cat","embeddable":true,"href":"https:\/\/dia24.eu\/fr\/wp-json\/wp\/v2\/product_cat?post=8902"},{"taxonomy":"product_tag","embeddable":true,"href":"https:\/\/dia24.eu\/fr\/wp-json\/wp\/v2\/product_tag?post=8902"}],"curies":[{"name":"wp","href":"https:\/\/api.w.org\/{rel}","templated":true}]}}