{"id":8928,"date":"2023-06-04T02:51:08","date_gmt":"2023-06-03T23:51:08","guid":{"rendered":"https:\/\/dia24.eu\/?post_type=product&#038;p=8928"},"modified":"2024-07-29T20:07:14","modified_gmt":"2024-07-29T17:07:14","slug":"livsane-glucose-tablets-sour-cherry-flavoured-n17","status":"publish","type":"product","link":"https:\/\/dia24.eu\/fr\/product\/livsane-glucose-tablets-sour-cherry-flavoured-n17\/","title":{"rendered":"Livsane Comprim\u00e9s de glucose au go\u00fbt de cerise acide N17"},"content":{"rendered":"<p>En cas d'hypoglyc\u00e9mie, il augmente rapidement le taux de glucose dans le sang.<br \/>\nUne d\u00e9licieuse alternative pour le soutien quotidien des fonctions du syst\u00e8me immunitaire. Aide \u00e0 pr\u00e9venir les sensations de fatigue li\u00e9es aux performances. Go\u00fbt de cerise acide.<\/p>\n<ul>\n<li>Sans gluten<\/li>\n<li>Sans lactose<\/li>\n<li>Convient aux v\u00e9g\u00e9tariens<\/li>\n<li>Convient aux v\u00e9g\u00e9taliens<\/li>\n<\/ul>\n<p><strong>Ingr\u00e9dients<\/strong><br \/>\nDextrose (88%), acide L-ascorbique, graisses v\u00e9g\u00e9tales enti\u00e8rement hydrog\u00e9n\u00e9es (colza, noix de coco), anti-agglom\u00e9rant : sels de magn\u00e9sium d'acides gras, ar\u00f4mes.<\/p>\n<p><strong>Une dose journali\u00e8re recommand\u00e9e de 2 comprim\u00e9s contient<br \/>\n<\/strong>Dextrose 4,5 g<br \/>\nVitamine C 80 mg (100% VNR*)<br \/>\n*Pourcentage de l'apport journalier de r\u00e9f\u00e9rence pour les adultes (VNR - Valeur nutritionnelle de r\u00e9f\u00e9rence).<\/p>\n<p>Il est important d'avoir une alimentation vari\u00e9e et \u00e9quilibr\u00e9e et de mener un mode de vie sain !<br \/>\nNe d\u00e9passez pas la dose journali\u00e8re recommand\u00e9e !<\/p>","protected":false},"excerpt":{"rendered":"<p>Les comprim\u00e9s de dextrose aromatis\u00e9s \u00e0 la cerise acide LIVSANE fournissent \u00e0 l'organisme des quantit\u00e9s ad\u00e9quates de glucose et de vitamine C.<br \/>\nContient 17 comprim\u00e9s \u00e0 croquer.<\/p>","protected":false},"featured_media":8929,"comment_status":"open","ping_status":"closed","template":"","meta":[],"etheme_brands":[],"product_brand":[],"product_cat":[113,83],"product_tag":[],"class_list":{"0":"post-8928","1":"product","2":"type-product","3":"status-publish","4":"has-post-thumbnail","6":"product_cat-glucose-tablets","7":"product_cat-first-aid-and-care","9":"first","10":"outofstock","11":"shipping-taxable","12":"purchasable","13":"product-type-simple"},"aioseo_notices":[],"_links":{"self":[{"href":"https:\/\/dia24.eu\/fr\/wp-json\/wp\/v2\/product\/8928","targetHints":{"allow":["GET"]}}],"collection":[{"href":"https:\/\/dia24.eu\/fr\/wp-json\/wp\/v2\/product"}],"about":[{"href":"https:\/\/dia24.eu\/fr\/wp-json\/wp\/v2\/types\/product"}],"replies":[{"embeddable":true,"href":"https:\/\/dia24.eu\/fr\/wp-json\/wp\/v2\/comments?post=8928"}],"version-history":[{"count":1,"href":"https:\/\/dia24.eu\/fr\/wp-json\/wp\/v2\/product\/8928\/revisions"}],"predecessor-version":[{"id":8930,"href":"https:\/\/dia24.eu\/fr\/wp-json\/wp\/v2\/product\/8928\/revisions\/8930"}],"wp:featuredmedia":[{"embeddable":true,"href":"https:\/\/dia24.eu\/fr\/wp-json\/wp\/v2\/media\/8929"}],"wp:attachment":[{"href":"https:\/\/dia24.eu\/fr\/wp-json\/wp\/v2\/media?parent=8928"}],"wp:term":[{"taxonomy":"brand","embeddable":true,"href":"https:\/\/dia24.eu\/fr\/wp-json\/wp\/v2\/etheme_brands?post=8928"},{"taxonomy":"product_brand","embeddable":true,"href":"https:\/\/dia24.eu\/fr\/wp-json\/wp\/v2\/product_brand?post=8928"},{"taxonomy":"product_cat","embeddable":true,"href":"https:\/\/dia24.eu\/fr\/wp-json\/wp\/v2\/product_cat?post=8928"},{"taxonomy":"product_tag","embeddable":true,"href":"https:\/\/dia24.eu\/fr\/wp-json\/wp\/v2\/product_tag?post=8928"}],"curies":[{"name":"wp","href":"https:\/\/api.w.org\/{rel}","templated":true}]}}