{"id":9798,"date":"2023-07-19T00:13:54","date_gmt":"2023-07-18T21:13:54","guid":{"rendered":"https:\/\/dia24.eu\/?post_type=product&#038;p=9798"},"modified":"2023-07-19T00:19:30","modified_gmt":"2023-07-18T21:19:30","slug":"accu-chek-sorftclix-lancets-n200","status":"publish","type":"product","link":"https:\/\/dia24.eu\/fr\/product\/accu-chek-sorftclix-lancets-n200\/","title":{"rendered":"Lancettes Accu-Chek Sorftclix N200"},"content":{"rendered":"<p>L'Accu-Chek Softclix est con\u00e7u pour \u00eatre utilis\u00e9 avec l'autopiqueur Softclix afin de faire un petit trou \u00e0 la surface de la peau, puis d'appliquer la goutte de sang sur la bandelette r\u00e9active du glucom\u00e8tre Accu-Chek et d'ins\u00e9rer la bandelette r\u00e9active dans le glucom\u00e8tre.<br>L'aiguille de l'Accu-Chek Softclix est particuli\u00e8rement fine - seulement 0,4 mm. Gr\u00e2ce \u00e0 la technologie unique Clixmotion, il n'y a pas de vibration. Ce mouvement rapidement contr\u00f4l\u00e9 est beaucoup plus doux pour la peau.<\/p>","protected":false},"excerpt":{"rendered":"<p>Lancettes Accu-Chek Sorftclix, bo\u00eete de 200.<\/p>","protected":false},"featured_media":9799,"comment_status":"open","ping_status":"closed","template":"","meta":[],"etheme_brands":[],"product_brand":[],"product_cat":[88,96],"product_tag":[],"class_list":{"0":"post-9798","1":"product","2":"type-product","3":"status-publish","4":"has-post-thumbnail","6":"product_cat-accessories","7":"product_cat-blood-glucose-meters","9":"first","10":"instock","11":"shipping-taxable","12":"purchasable","13":"product-type-simple"},"aioseo_notices":[],"_links":{"self":[{"href":"https:\/\/dia24.eu\/fr\/wp-json\/wp\/v2\/product\/9798","targetHints":{"allow":["GET"]}}],"collection":[{"href":"https:\/\/dia24.eu\/fr\/wp-json\/wp\/v2\/product"}],"about":[{"href":"https:\/\/dia24.eu\/fr\/wp-json\/wp\/v2\/types\/product"}],"replies":[{"embeddable":true,"href":"https:\/\/dia24.eu\/fr\/wp-json\/wp\/v2\/comments?post=9798"}],"version-history":[{"count":1,"href":"https:\/\/dia24.eu\/fr\/wp-json\/wp\/v2\/product\/9798\/revisions"}],"predecessor-version":[{"id":9800,"href":"https:\/\/dia24.eu\/fr\/wp-json\/wp\/v2\/product\/9798\/revisions\/9800"}],"wp:featuredmedia":[{"embeddable":true,"href":"https:\/\/dia24.eu\/fr\/wp-json\/wp\/v2\/media\/9799"}],"wp:attachment":[{"href":"https:\/\/dia24.eu\/fr\/wp-json\/wp\/v2\/media?parent=9798"}],"wp:term":[{"taxonomy":"brand","embeddable":true,"href":"https:\/\/dia24.eu\/fr\/wp-json\/wp\/v2\/etheme_brands?post=9798"},{"taxonomy":"product_brand","embeddable":true,"href":"https:\/\/dia24.eu\/fr\/wp-json\/wp\/v2\/product_brand?post=9798"},{"taxonomy":"product_cat","embeddable":true,"href":"https:\/\/dia24.eu\/fr\/wp-json\/wp\/v2\/product_cat?post=9798"},{"taxonomy":"product_tag","embeddable":true,"href":"https:\/\/dia24.eu\/fr\/wp-json\/wp\/v2\/product_tag?post=9798"}],"curies":[{"name":"wp","href":"https:\/\/api.w.org\/{rel}","templated":true}]}}