{"id":7454,"date":"2023-03-03T02:19:07","date_gmt":"2023-03-03T00:19:07","guid":{"rendered":"https:\/\/dia24.eu\/?page_id=7454"},"modified":"2024-07-24T01:18:24","modified_gmt":"2024-07-23T22:18:24","slug":"terms-and-conditions","status":"publish","type":"page","link":"https:\/\/dia24.eu\/it\/termini-e-condizioni\/","title":{"rendered":"Termini e condizioni"},"content":{"rendered":"<div data-elementor-type=\"wp-page\" data-elementor-id=\"7454\" class=\"elementor elementor-7454\">\n\t\t\t\t\t\t<section class=\"elementor-section elementor-top-section elementor-element elementor-element-7869d79 elementor-section-boxed elementor-section-height-default elementor-section-height-default\" data-id=\"7869d79\" data-element_type=\"section\">\n\t\t\t\t\t\t<div class=\"elementor-container elementor-column-gap-default\">\n\t\t\t\t\t<div class=\"elementor-column elementor-col-100 elementor-top-column elementor-element elementor-element-3a63170\" data-id=\"3a63170\" data-element_type=\"column\">\n\t\t\t<div class=\"elementor-widget-wrap elementor-element-populated\">\n\t\t\t\t\t\t<div class=\"elementor-element elementor-element-a1f1fe9 elementor-widget elementor-widget-heading\" data-id=\"a1f1fe9\" data-element_type=\"widget\" data-widget_type=\"heading.default\">\n\t\t\t\t<div class=\"elementor-widget-container\">\n\t\t\t\t\t<h1 class=\"elementor-heading-title elementor-size-default\">Termini e condizioni<\/h1>\t\t\t\t<\/div>\n\t\t\t\t<\/div>\n\t\t\t\t<div class=\"elementor-element elementor-element-744dc67 elementor-widget elementor-widget-text-editor\" data-id=\"744dc67\" data-element_type=\"widget\" data-widget_type=\"text-editor.default\">\n\t\t\t\t<div class=\"elementor-widget-container\">\n\t\t\t\t\t\t\t\t\t<p style=\"text-align: center;\">Le presenti condizioni si applicano ai prodotti acquistati nel negozio online dia24.eu.<\/p>\n<h2><strong>Prezzi<\/strong><\/h2>\n<ol>\n<li>I prezzi dei prodotti venduti nel negozio online sono indicati accanto ai prodotti.<\/li>\n<li>Tutti i prezzi indicati includono tutte le tasse e sono definitivi prima delle spese di spedizione.<\/li>\n<li>Una tassa di consegna sar\u00e0 aggiunta nel modulo d'ordine.<\/li>\n<\/ol>\n<h2><strong>Effettuare un ordine<\/strong><\/h2>\n<ol>\n<li>Per ordinare i prodotti deve aggiungerli al carrello.<\/li>\n<li>Per effettuare un ordine, proceda con il processo di acquisto e compili tutti i campi dati richiesti.<\/li>\n<li>Per conferire il suo ordine, proceda selezionando il metodo di pagamento appropriato e paghi il suo ordine.<\/li>\n<li>Gli ordini sono confermati dopo il buon esito del pagamento<\/li>\n<\/ol>\n<h2><strong>Spedizione<\/strong><\/h2>\n<ol>\n<li>Consegniamo solo nei Paesi elencati di seguito:\n<ul>\n<li>I Paesi dell'UE includono: Austria, Belgio, Bulgaria, Croazia, Repubblica di Cipro, Danimarca, Estonia, Finlandia, Francia, Germania, Grecia, Irlanda, Italia, Lettonia, Lituania, Lussemburgo, Malta, Paesi Bassi, Polonia, Portogallo, Romania, Slovacchia, Slovenia, Spagna, Svezia e Ungheria.<\/li>\n<li>Al di fuori dell'Unione Europea: Regno Unito, Hong Kong.<\/li>\n<\/ul>\n<\/li>\n<li>Spese di consegna\n<ol>\n<li>Unione Europea e Regno Unito:\n<ul>\n<li>Economy (7-14 giorni in media): 8\u20ac<\/li>\n<li>Standard (6-12 giorni in media): 10\u20ac<\/li>\n<li>Premium (5-8 giorni in media): 25\u20ac<\/li>\n<li>DHL Express il giorno lavorativo successivo: il prezzo varia tra 50-150\u20ac, solo su richiesta speciale.<\/li>\n<\/ul>\n<\/li>\n<\/ol>\n<\/li>\n<li>Tutti gli ordini vengono spediti con numero di tracciamento.<\/li>\n<li>Tempi di consegna:\n<ol>\n<li>Economy: in media 7-14 giorni, possono essere necessarie 2 o pi\u00f9 settimane per arrivare. Il tracciamento non \u00e8 garantito.<\/li>\n<li>Standard: in media 6-12 giorni, possono essere necessarie 2 o pi\u00f9 settimane per arrivare. Tracciamento incluso.<\/li>\n<li>Premium: da 3 a 8 giorni (dipende dalla destinazione). Tracciamento incluso. Consegnato dal corriere a casa sua. In rari casi pu\u00f2 richiedere pi\u00f9 di una settimana.<\/li>\n<li>DHL Express: 1-2 giorni, solo su richiesta speciale. Tracciamento incluso. Spedito per via aerea e consegnato dal corriere a casa sua.<\/li>\n<\/ol>\n<\/li>\n<\/ol>\n<h2><strong>Elaborazione dell'ordine<\/strong><\/h2>\n<ol>\n<li>Tutti gli ordini vengono elaborati e spediti entro 3 giorni lavorativi.\n<ul>\n<li>Gli ordini effettuati il venerd\u00ec, il sabato o la domenica saranno elaborati il luned\u00ec e spediti il giorno stesso o al pi\u00f9 tardi il mercoled\u00ec.<\/li><li>Nei casi non divulgati, l'elaborazione dell'ordine pu\u00f2 richiedere fino a 5 giorni.<\/li>\n<\/ul>\n<\/li>\n<\/ol>\n<h2><strong>Opzioni di pagamento<\/strong><\/h2>\n<ol>\n<li>Con carta di debito o di credito utilizzando Stripe, Google Pay o Apple Pay.<\/li>\n<li>Bonifico bancario SEPA \/ europeo sul nostro conto bancario, utilizzando i dati forniti nella conferma d'ordine.<\/li>\n<\/ol>\n<ul>\n<li style=\"list-style-type: none;\">\n<ul>\n<li>Il bonifico bancario pu\u00f2 richiedere fino a 2 giorni lavorativi per essere accreditato sul nostro conto; l'ordine sar\u00e0 confermato dopo la ricezione del pagamento.<\/li>\n<li>Gli ordini non pagati saranno annullati dopo 3 giorni lavorativi dalla data dell'ordine.<\/li>\n<\/ul>\n<\/li>\n<\/ul>\n<h2><strong>Condizioni di garanzia<\/strong><\/h2>\n<ol>\n<li>Non copriamo i prodotti di queste categorie con alcuna garanzia:\n<ol>\n<li>Sensori di glucosio e relative apparecchiature.<\/li>\n<li>Siringhe da insulina, aghi e altri prodotti medici e sterili.<\/li>\n<li>Integratori alimentari e bevande.<\/li>\n<\/ol>\n<\/li>\n<\/ol>\n<h2><strong>Condizioni di restituzione \/ Restituzione della merce<\/strong><\/h2>\n<ul>\n<li>Il diritto di restituzione si applica solo agli acquirenti privati, non ai clienti commerciali.<\/li>\n<\/ul>\n<h4><strong>Restituzione senza motivo entro 14 giorni<\/strong><\/h4>\n<ol>\n<li>Il cliente ha il diritto di recedere dal contratto entro 14 giorni dal ricevimento della merce.<\/li>\n<li>Possono essere restituiti solo i prodotti nella loro confezione originale, non aperta e non danneggiata.<\/li>\n<li>I costi di restituzione sono sempre a carico del cliente<\/li>\n<li>Se i prodotti restituiti ci sono pervenuti non aperti e nella loro confezione originale, rimborseremo l'acquirente entro 30 giorni lavorativi, detraendo le spese di spedizione dall'importo rimborsato.<\/li>\n<\/ol>\n<h4><strong>Restituisca con una motivazione entro 14 giorni<\/strong><\/h4>\n<ol>\n<li>Il motivo potrebbe essere:\n<ol>\n<li>Non conformit\u00e0 con quanto ordinato - dimensioni, colore, quantit\u00e0 sbagliate.<\/li>\n<\/ol>\n<\/li>\n<li>Costi di restituzione a carico del venditore<\/li>\n<li>Se l'acquirente ha aperto un pacco di un prodotto che non ha ordinato, rimborseremo il denaro solo per i pacchi che non sono stati aperti e sono nella loro forma originale.<\/li>\n<li>Se i prodotti restituiti ci sono pervenuti non aperti e nella loro confezione originale, rimborseremo l'acquirente entro 30 giorni lavorativi.<\/li>\n<\/ol>\t\t\t\t\t\t\t\t<\/div>\n\t\t\t\t<\/div>\n\t\t\t\t\t<\/div>\n\t\t<\/div>\n\t\t\t\t\t<\/div>\n\t\t<\/section>\n\t\t\t\t<\/div>","protected":false},"excerpt":{"rendered":"<p>Terms and Conditions This terms apply to the goods purchased from dia24.eu online store Prices Prices of the products sold in the online store are shown next to the products. All prices shown include all taxes and are final before shipping charges. A delivery fee&#8230;<\/p>","protected":false},"author":1,"featured_media":0,"parent":0,"menu_order":0,"comment_status":"closed","ping_status":"closed","template":"","meta":{"footnotes":""},"class_list":["post-7454","page","type-page","status-publish","hentry"],"aioseo_notices":[],"_links":{"self":[{"href":"https:\/\/dia24.eu\/it\/wp-json\/wp\/v2\/pages\/7454","targetHints":{"allow":["GET"]}}],"collection":[{"href":"https:\/\/dia24.eu\/it\/wp-json\/wp\/v2\/pages"}],"about":[{"href":"https:\/\/dia24.eu\/it\/wp-json\/wp\/v2\/types\/page"}],"author":[{"embeddable":true,"href":"https:\/\/dia24.eu\/it\/wp-json\/wp\/v2\/users\/1"}],"replies":[{"embeddable":true,"href":"https:\/\/dia24.eu\/it\/wp-json\/wp\/v2\/comments?post=7454"}],"version-history":[{"count":94,"href":"https:\/\/dia24.eu\/it\/wp-json\/wp\/v2\/pages\/7454\/revisions"}],"predecessor-version":[{"id":10937,"href":"https:\/\/dia24.eu\/it\/wp-json\/wp\/v2\/pages\/7454\/revisions\/10937"}],"wp:attachment":[{"href":"https:\/\/dia24.eu\/it\/wp-json\/wp\/v2\/media?parent=7454"}],"curies":[{"name":"wp","href":"https:\/\/api.w.org\/{rel}","templated":true}]}}