{"id":10052,"date":"2023-11-04T15:13:03","date_gmt":"2023-11-04T13:13:03","guid":{"rendered":"https:\/\/dia24.eu\/?post_type=product&#038;p=10052"},"modified":"2025-05-29T18:45:09","modified_gmt":"2025-05-29T15:45:09","slug":"trio-elisse-skin-barrier-spray","status":"publish","type":"product","link":"https:\/\/dia24.eu\/it\/product\/trio-elisse-skin-barrier-spray\/","title":{"rendered":"Trio Elisse spray barriera cutanea 50ml"},"content":{"rendered":"<p>Uso: per proteggere la pelle da residui, enzimi e adesivi.<\/p>\n<p>Il protettore cutaneo Trio Elisse\u2122 \u00e8 adatto all'uso sotto una variet\u00e0 di cerotti, come i cerotti adesivi per sensori, i cerotti adesivi per stoma o i cerotti utilizzati per trattare le ferite. L'uso del protettore cutaneo lenisce la pelle arrossata e riduce il prurito. Grazie alla formula a base di silicone, l'uso di questo prodotto non provoca generalmente una reazione allergica. Il prodotto non contiene alcol.<\/p>\n<p><strong>Come utilizzare<\/strong><\/p>\n<ol>\n<li>Detergere e asciugare la pelle<\/li>\n<li>Tenga l'ugello a una distanza di circa 10 cm dalla superficie di trattamento.<\/li>\n<li>Applichi uno strato liscio e uniforme di prodotto.<\/li>\n<li>Si assicuri che la pelle sia completamente asciutta prima di applicare prodotti adesivi, come un cerotto o un sensore.<\/li>\n<li>Riapplichi ogni volta che il dispositivo o la patch vengono modificati per garantire una protezione completa.<\/li>\n<\/ol>\n<p>La rimozione speciale della protezione cutanea con un remover adesivo non \u00e8 solitamente necessaria e il normale lavaggio della pelle \u00e8 sufficiente, ma pu\u00f2 essere facilmente rimossa con un remover adesivo medico, se necessario.<\/p>\n<p>Lo spruzzatore funziona da qualsiasi angolazione.<\/p>\n<p><strong>Attenzione:<\/strong><\/p>\n<ul>\n<li>Eviti di spruzzare direttamente sulla ferita (ad esempio, quando usa i cerotti).<\/li>\n<li>In caso di dubbio, spruzzi il prodotto su altre aree della pelle per testarlo prima dell'uso.<\/li>\n<li>In caso di irritazione cutanea, interrompa l'uso e contatti un professionista sanitario.<\/li>\n<li>Evitare l'inalazione della sostanza da spruzzare<\/li>\n<li>Solo per uso esterno<\/li>\n<li>Il prodotto \u00e8 infiammabile, non fumi e non usi vicino a fiamme libere.<\/li>\n<\/ul>","protected":false},"excerpt":{"rendered":"<p>Il protettore cutaneo Trio Elisse\u2122 \u00e8 adatto all'uso sotto una variet\u00e0 di cerotti, come i cerotti adesivi per sensori, i cerotti adesivi per stoma o i cerotti utilizzati per trattare le ferite. L'uso del protettore cutaneo lenisce la pelle arrossata e riduce il prurito. Grazie alla formula a base di silicone, l'uso di questo prodotto non provoca generalmente una reazione allergica. Il prodotto non contiene alcol.<\/p>","protected":false},"featured_media":10053,"comment_status":"open","ping_status":"closed","template":"","meta":[],"etheme_brands":[],"product_brand":[],"product_cat":[80,83,86],"product_tag":[],"class_list":{"0":"post-10052","1":"product","2":"type-product","3":"status-publish","4":"has-post-thumbnail","6":"product_cat-adhesive-patches","7":"product_cat-first-aid-and-care","8":"product_cat-patches-and-skin-barriers","10":"first","11":"instock","12":"shipping-taxable","13":"purchasable","14":"product-type-simple"},"aioseo_notices":[],"_links":{"self":[{"href":"https:\/\/dia24.eu\/it\/wp-json\/wp\/v2\/product\/10052","targetHints":{"allow":["GET"]}}],"collection":[{"href":"https:\/\/dia24.eu\/it\/wp-json\/wp\/v2\/product"}],"about":[{"href":"https:\/\/dia24.eu\/it\/wp-json\/wp\/v2\/types\/product"}],"replies":[{"embeddable":true,"href":"https:\/\/dia24.eu\/it\/wp-json\/wp\/v2\/comments?post=10052"}],"version-history":[{"count":3,"href":"https:\/\/dia24.eu\/it\/wp-json\/wp\/v2\/product\/10052\/revisions"}],"predecessor-version":[{"id":10059,"href":"https:\/\/dia24.eu\/it\/wp-json\/wp\/v2\/product\/10052\/revisions\/10059"}],"wp:featuredmedia":[{"embeddable":true,"href":"https:\/\/dia24.eu\/it\/wp-json\/wp\/v2\/media\/10053"}],"wp:attachment":[{"href":"https:\/\/dia24.eu\/it\/wp-json\/wp\/v2\/media?parent=10052"}],"wp:term":[{"taxonomy":"brand","embeddable":true,"href":"https:\/\/dia24.eu\/it\/wp-json\/wp\/v2\/etheme_brands?post=10052"},{"taxonomy":"product_brand","embeddable":true,"href":"https:\/\/dia24.eu\/it\/wp-json\/wp\/v2\/product_brand?post=10052"},{"taxonomy":"product_cat","embeddable":true,"href":"https:\/\/dia24.eu\/it\/wp-json\/wp\/v2\/product_cat?post=10052"},{"taxonomy":"product_tag","embeddable":true,"href":"https:\/\/dia24.eu\/it\/wp-json\/wp\/v2\/product_tag?post=10052"}],"curies":[{"name":"wp","href":"https:\/\/api.w.org\/{rel}","templated":true}]}}