{"id":10186,"date":"2023-12-07T20:55:48","date_gmt":"2023-12-07T18:55:48","guid":{"rendered":"https:\/\/dia24.eu\/?post_type=product&#038;p=10186"},"modified":"2023-12-07T20:55:48","modified_gmt":"2023-12-07T18:55:48","slug":"jordan-caries-defense-75ml","status":"publish","type":"product","link":"https:\/\/dia24.eu\/it\/product\/jordan-caries-defense-75ml\/","title":{"rendered":"Jordan Difesa Carie 75ml"},"content":{"rendered":"<p>Jordan Caries Defense \u00e8 un dentifricio leggero e dal gusto fresco. Contiene un livello pi\u00f9 elevato di xilitolo per la protezione anticarie. La combinazione di fluoro e xilitolo offre denti pi\u00f9 forti e migliori livelli di remineralizzazione rispetto ai dentifrici a base di solo fluoro. Il dentifricio \u00e8 delicato sullo smalto dei denti.<\/p>\n<p>&nbsp;<\/p>\n<p>Paese di origine: Svezia<\/p>\n<p>Ingredienti:<br \/>\nAcqua, sorbitolo, silice idratata, xilitolo, PEG-32, glicerina, laurilsolfato di sodio, aroma, gluconato di zinco, fluoruro di sodio, gomma di cellulosa, saccarina di sodio, limonene, CI 74160, CI 77891.<\/p>","protected":false},"excerpt":{"rendered":"<ul>\n<li>Alto contenuto di xilitolo<\/li>\n<li>Denti pi\u00f9 forti<\/li>\n<li>Rimuove la placca<\/li>\n<li>Delicato sullo smalto dei denti<\/li>\n<\/ul>\n<p>Un livello pi\u00f9 elevato di xilitolo per una protezione anti-carie.<\/p>","protected":false},"featured_media":10187,"comment_status":"open","ping_status":"closed","template":"","meta":[],"etheme_brands":[],"product_brand":[],"product_cat":[83,138],"product_tag":[],"class_list":{"0":"post-10186","1":"product","2":"type-product","3":"status-publish","4":"has-post-thumbnail","6":"product_cat-first-aid-and-care","7":"product_cat-diabetic-toothpaste","9":"first","10":"instock","11":"shipping-taxable","12":"purchasable","13":"product-type-simple"},"aioseo_notices":[],"_links":{"self":[{"href":"https:\/\/dia24.eu\/it\/wp-json\/wp\/v2\/product\/10186","targetHints":{"allow":["GET"]}}],"collection":[{"href":"https:\/\/dia24.eu\/it\/wp-json\/wp\/v2\/product"}],"about":[{"href":"https:\/\/dia24.eu\/it\/wp-json\/wp\/v2\/types\/product"}],"replies":[{"embeddable":true,"href":"https:\/\/dia24.eu\/it\/wp-json\/wp\/v2\/comments?post=10186"}],"version-history":[{"count":1,"href":"https:\/\/dia24.eu\/it\/wp-json\/wp\/v2\/product\/10186\/revisions"}],"predecessor-version":[{"id":10188,"href":"https:\/\/dia24.eu\/it\/wp-json\/wp\/v2\/product\/10186\/revisions\/10188"}],"wp:featuredmedia":[{"embeddable":true,"href":"https:\/\/dia24.eu\/it\/wp-json\/wp\/v2\/media\/10187"}],"wp:attachment":[{"href":"https:\/\/dia24.eu\/it\/wp-json\/wp\/v2\/media?parent=10186"}],"wp:term":[{"taxonomy":"brand","embeddable":true,"href":"https:\/\/dia24.eu\/it\/wp-json\/wp\/v2\/etheme_brands?post=10186"},{"taxonomy":"product_brand","embeddable":true,"href":"https:\/\/dia24.eu\/it\/wp-json\/wp\/v2\/product_brand?post=10186"},{"taxonomy":"product_cat","embeddable":true,"href":"https:\/\/dia24.eu\/it\/wp-json\/wp\/v2\/product_cat?post=10186"},{"taxonomy":"product_tag","embeddable":true,"href":"https:\/\/dia24.eu\/it\/wp-json\/wp\/v2\/product_tag?post=10186"}],"curies":[{"name":"wp","href":"https:\/\/api.w.org\/{rel}","templated":true}]}}