{"id":7229,"date":"2023-02-08T18:29:15","date_gmt":"2023-02-08T16:29:15","guid":{"rendered":"https:\/\/dia24.eu\/?post_type=product&#038;p=7229"},"modified":"2024-04-30T02:31:41","modified_gmt":"2024-04-29T23:31:41","slug":"caresens-dual-for-the-measurement-of-%ce%b2-ketones","status":"publish","type":"product","link":"https:\/\/dia24.eu\/it\/product\/caresens-duale-per-la-misura-di-%ce%b2-chetoni\/","title":{"rendered":"CareSens Dual per la misurazione dei \u03b2-chetoni"},"content":{"rendered":"<p>Misurare i chetoni e la glicemia nel sangue \u00e8 ora facile e veloce! CareSens Dual \u00e8 un piccolo glucometro ad alta capacit\u00e0, retroilluminato automaticamente, per misurare i \u03b2-chetoni e la glicemia nel sangue. Non \u00e8 necessaria alcuna codifica o impostazione - il test 100% \u00e8 pronto.<\/p>\n<p>Il glucometro CareSens Dual pu\u00f2 essere utilizzato in combinazione con le strisce reattive per chetoni KetoSens e le strisce reattive per la glicemia CareSens Pro.<\/p>\n<p>Misurare i chetoni \u00e8 facile perch\u00e9 lo strumento ha molti vantaggi:<\/p>\n<ul>\n<li>retroilluminazione automatica del display LCD;<\/li>\n<li>dotato di un espulsore di strisce reattive;<\/li>\n<li>1, 7, 14, 30, 90 giorni di lettura media;<\/li>\n<li>L'applicazione mobile SmartLogTM pu\u00f2 essere scaricata per gli smartphone Android e iOS per l'archiviazione dei dati (<strong><a href=\"https:\/\/www.youtube.com\/watch?v=REewfDgRynI\">veda il video introduttivo<\/a><\/strong>);<\/li>\n<li>Insieme ai risultati del test, il glucometro registra anche la temperatura ambiente.<\/li>\n<li>La quantit\u00e0 di sangue necessaria per l'analisi: solo 0,4 \u00b5l per il glucosio ematico e 0,5 \u00b5l per il glucosio \u03b2-chelato;<\/li>\n<li>tempo di analisi: glicemia 5 secondi e \u03b2-chetoni 8 secondi;<\/li>\n<li>memoria: 1000 analisi;<\/li>\n<li>Intervallo di misurazione: glicemia 1,1-33,3 mmol\/L e \u03b2-chetoni 0,1-8,0 mmol\/L;<\/li>\n<li>Sangue da analizzare: sangue capillare fresco del corpo intero\/sangue intero venoso fresco (solo per gli operatori sanitari);<\/li>\n<li>Funziona con le strisce reattive CareSens PRO e KetoSens.<\/li>\n<\/ul>\n<p><strong>Lo starter kit CareSens Dual comprende:<\/strong><\/p>\n<ul>\n<li>CareSens Dual Glucometer 1 pezzo,<\/li>\n<li>Strisce reattive per la glicemia CareSens Pro 10 pz.<\/li>\n<li>Lancetta CareSens Pro 1 pezzo.<\/li>\n<li>Lancette CareSens Pro 10 pezzi.<\/li>\n<\/ul>","protected":false},"excerpt":{"rendered":"<p>Misurare i chetoni e la glicemia nel sangue \u00e8 ora facile e veloce! CareSens Dual \u00e8 un piccolo glucometro ad alta capacit\u00e0, retroilluminato automaticamente, per la misurazione dei \u03b2-chetoni e della glicemia nel sangue. Non \u00e8 necessaria alcuna codifica o impostazione - il test 100% \u00e8 pronto. Il glucometro CareSens Dual pu\u00f2 essere...<\/p>","protected":false},"featured_media":7231,"comment_status":"closed","ping_status":"closed","template":"","meta":[],"etheme_brands":[],"product_brand":[],"product_cat":[88,96],"product_tag":[],"class_list":{"0":"post-7229","1":"product","2":"type-product","3":"status-publish","4":"has-post-thumbnail","6":"product_cat-accessories","7":"product_cat-blood-glucose-meters","9":"first","10":"outofstock","11":"shipping-taxable","12":"purchasable","13":"product-type-simple"},"aioseo_notices":[],"_links":{"self":[{"href":"https:\/\/dia24.eu\/it\/wp-json\/wp\/v2\/product\/7229","targetHints":{"allow":["GET"]}}],"collection":[{"href":"https:\/\/dia24.eu\/it\/wp-json\/wp\/v2\/product"}],"about":[{"href":"https:\/\/dia24.eu\/it\/wp-json\/wp\/v2\/types\/product"}],"replies":[{"embeddable":true,"href":"https:\/\/dia24.eu\/it\/wp-json\/wp\/v2\/comments?post=7229"}],"version-history":[{"count":1,"href":"https:\/\/dia24.eu\/it\/wp-json\/wp\/v2\/product\/7229\/revisions"}],"predecessor-version":[{"id":7232,"href":"https:\/\/dia24.eu\/it\/wp-json\/wp\/v2\/product\/7229\/revisions\/7232"}],"wp:featuredmedia":[{"embeddable":true,"href":"https:\/\/dia24.eu\/it\/wp-json\/wp\/v2\/media\/7231"}],"wp:attachment":[{"href":"https:\/\/dia24.eu\/it\/wp-json\/wp\/v2\/media?parent=7229"}],"wp:term":[{"taxonomy":"brand","embeddable":true,"href":"https:\/\/dia24.eu\/it\/wp-json\/wp\/v2\/etheme_brands?post=7229"},{"taxonomy":"product_brand","embeddable":true,"href":"https:\/\/dia24.eu\/it\/wp-json\/wp\/v2\/product_brand?post=7229"},{"taxonomy":"product_cat","embeddable":true,"href":"https:\/\/dia24.eu\/it\/wp-json\/wp\/v2\/product_cat?post=7229"},{"taxonomy":"product_tag","embeddable":true,"href":"https:\/\/dia24.eu\/it\/wp-json\/wp\/v2\/product_tag?post=7229"}],"curies":[{"name":"wp","href":"https:\/\/api.w.org\/{rel}","templated":true}]}}