{"id":7243,"date":"2023-02-08T18:52:15","date_gmt":"2023-02-08T16:52:15","guid":{"rendered":"https:\/\/dia24.eu\/?post_type=product&#038;p=7243"},"modified":"2025-05-29T18:48:36","modified_gmt":"2025-05-29T15:48:36","slug":"ketosens-blood-%ce%b2-ketone-test-strips-n10","status":"publish","type":"product","link":"https:\/\/dia24.eu\/it\/product\/ketosens-blood-%ce%b2-ketone-test-strips-n10\/","title":{"rendered":"Strisce reattive KetoSens per il \u03b2-chetone nel sangue N10"},"content":{"rendered":"<p>Le strisce reattive KetoSens per il \u03b2-chetone nel sangue sono progettate per l'uso con il test <strong><a href=\"https:\/\/dia24.eu\/it\/product\/caresens-duale-per-la-misura-di-%ce%b2-chetoni\/\">Glucometro CareSens Dual<\/a><\/strong>.<br \/>\nLe strisce reattive KetoSens le permettono di misurare in modo rapido e semplice i livelli di \u03b2-chetone nel sangue. Tutto ci\u00f2 che serve \u00e8 una piccola quantit\u00e0 di campione di sangue e pu\u00f2 vedere i risultati in 8 secondi.<\/p>\n<p>Le strisce reattive KetoSens sono prive di codice e sono di tipo aspirante (aspirano da sole una quantit\u00e0 sufficiente di sangue).<\/p>\n<p>Il <strong>La confezione contiene 10 strisce reattive<\/strong>, avvolti singolarmente in un foglio di alluminio.<\/p>\n<p>Da utilizzare SOLO con il sistema <strong><a href=\"https:\/\/dia24.eu\/it\/product\/caresens-duale-per-la-misura-di-%ce%b2-chetoni\/\">CareSens Dual<\/a><\/strong> dispositivo di misurazione.<\/p>","protected":false},"excerpt":{"rendered":"<p>Le strisce reattive KetoSens per il \u03b2-chetone nel sangue sono progettate per essere utilizzate con il glucometro CareSens Dual.<\/p>","protected":false},"featured_media":7244,"comment_status":"closed","ping_status":"closed","template":"","meta":[],"etheme_brands":[],"product_brand":[],"product_cat":[88,96],"product_tag":[],"class_list":{"0":"post-7243","1":"product","2":"type-product","3":"status-publish","4":"has-post-thumbnail","6":"product_cat-accessories","7":"product_cat-blood-glucose-meters","9":"first","10":"instock","11":"shipping-taxable","12":"purchasable","13":"product-type-simple"},"aioseo_notices":[],"_links":{"self":[{"href":"https:\/\/dia24.eu\/it\/wp-json\/wp\/v2\/product\/7243","targetHints":{"allow":["GET"]}}],"collection":[{"href":"https:\/\/dia24.eu\/it\/wp-json\/wp\/v2\/product"}],"about":[{"href":"https:\/\/dia24.eu\/it\/wp-json\/wp\/v2\/types\/product"}],"replies":[{"embeddable":true,"href":"https:\/\/dia24.eu\/it\/wp-json\/wp\/v2\/comments?post=7243"}],"version-history":[{"count":1,"href":"https:\/\/dia24.eu\/it\/wp-json\/wp\/v2\/product\/7243\/revisions"}],"predecessor-version":[{"id":7245,"href":"https:\/\/dia24.eu\/it\/wp-json\/wp\/v2\/product\/7243\/revisions\/7245"}],"wp:featuredmedia":[{"embeddable":true,"href":"https:\/\/dia24.eu\/it\/wp-json\/wp\/v2\/media\/7244"}],"wp:attachment":[{"href":"https:\/\/dia24.eu\/it\/wp-json\/wp\/v2\/media?parent=7243"}],"wp:term":[{"taxonomy":"brand","embeddable":true,"href":"https:\/\/dia24.eu\/it\/wp-json\/wp\/v2\/etheme_brands?post=7243"},{"taxonomy":"product_brand","embeddable":true,"href":"https:\/\/dia24.eu\/it\/wp-json\/wp\/v2\/product_brand?post=7243"},{"taxonomy":"product_cat","embeddable":true,"href":"https:\/\/dia24.eu\/it\/wp-json\/wp\/v2\/product_cat?post=7243"},{"taxonomy":"product_tag","embeddable":true,"href":"https:\/\/dia24.eu\/it\/wp-json\/wp\/v2\/product_tag?post=7243"}],"curies":[{"name":"wp","href":"https:\/\/api.w.org\/{rel}","templated":true}]}}