{"id":7260,"date":"2023-02-08T19:14:45","date_gmt":"2023-02-08T17:14:45","guid":{"rendered":"https:\/\/dia24.eu\/?post_type=product&#038;p=7260"},"modified":"2024-11-23T14:54:55","modified_gmt":"2024-11-23T12:54:55","slug":"clickfine-diamondtip-31g-5mm-n100","status":"publish","type":"product","link":"https:\/\/dia24.eu\/it\/product\/clickfine-diamondtip-31g-5mm-n100\/","title":{"rendered":"Clickfine DiamondTip 31G 5mm N100"},"content":{"rendered":"<p><strong>Una punta dell'ago a 6 smussi, basata su una tecnologia completamente nuova, per un ago per penna da iniezione pi\u00f9 liscio, che rende l'iniezione pi\u00f9 confortevole, pi\u00f9 veloce e spesso pi\u00f9 indolore!<\/strong><\/p>\n<ul>\n<li>Punta dell'ago a 6 smussi per un'iniezione pi\u00f9 fluida<\/li>\n<li>Pareti sottili della cannula per un flusso pi\u00f9 veloce<\/li>\n<li>Lo speciale trattamento superficiale al silicone aiuta l'ago a scorrere pi\u00f9 agevolmente.<\/li>\n<li>Tecnologia a scatto per una vestibilit\u00e0 facile e sicura<\/li>\n<li>Compatibile con tutte le principali marche di matite e disponibile nelle lunghezze di 4, 5, 6 e 8 mm.<\/li>\n<li>Progettato e prodotto in Svizzera.<\/li>\n<\/ul>","protected":false},"excerpt":{"rendered":"<p>Un ago da insulina con punta a 6 punte, basato su una tecnologia completamente nuova che rende l'iniezione pi\u00f9 comoda, pi\u00f9 veloce e spesso pi\u00f9 indolore! Comodo da inserire con un solo clic. Prodotto in Svizzera.<\/p>","protected":false},"featured_media":7261,"comment_status":"closed","ping_status":"closed","template":"","meta":[],"etheme_brands":[],"product_brand":[],"product_cat":[88,97],"product_tag":[],"class_list":{"0":"post-7260","1":"product","2":"type-product","3":"status-publish","4":"has-post-thumbnail","6":"product_cat-accessories","7":"product_cat-insulin-pen-needles","9":"first","10":"instock","11":"shipping-taxable","12":"purchasable","13":"product-type-simple"},"aioseo_notices":[],"_links":{"self":[{"href":"https:\/\/dia24.eu\/it\/wp-json\/wp\/v2\/product\/7260","targetHints":{"allow":["GET"]}}],"collection":[{"href":"https:\/\/dia24.eu\/it\/wp-json\/wp\/v2\/product"}],"about":[{"href":"https:\/\/dia24.eu\/it\/wp-json\/wp\/v2\/types\/product"}],"replies":[{"embeddable":true,"href":"https:\/\/dia24.eu\/it\/wp-json\/wp\/v2\/comments?post=7260"}],"version-history":[{"count":1,"href":"https:\/\/dia24.eu\/it\/wp-json\/wp\/v2\/product\/7260\/revisions"}],"predecessor-version":[{"id":7263,"href":"https:\/\/dia24.eu\/it\/wp-json\/wp\/v2\/product\/7260\/revisions\/7263"}],"wp:featuredmedia":[{"embeddable":true,"href":"https:\/\/dia24.eu\/it\/wp-json\/wp\/v2\/media\/7261"}],"wp:attachment":[{"href":"https:\/\/dia24.eu\/it\/wp-json\/wp\/v2\/media?parent=7260"}],"wp:term":[{"taxonomy":"brand","embeddable":true,"href":"https:\/\/dia24.eu\/it\/wp-json\/wp\/v2\/etheme_brands?post=7260"},{"taxonomy":"product_brand","embeddable":true,"href":"https:\/\/dia24.eu\/it\/wp-json\/wp\/v2\/product_brand?post=7260"},{"taxonomy":"product_cat","embeddable":true,"href":"https:\/\/dia24.eu\/it\/wp-json\/wp\/v2\/product_cat?post=7260"},{"taxonomy":"product_tag","embeddable":true,"href":"https:\/\/dia24.eu\/it\/wp-json\/wp\/v2\/product_tag?post=7260"}],"curies":[{"name":"wp","href":"https:\/\/api.w.org\/{rel}","templated":true}]}}