{"id":7279,"date":"2023-02-08T20:20:02","date_gmt":"2023-02-08T18:20:02","guid":{"rendered":"https:\/\/dia24.eu\/?post_type=product&#038;p=7279"},"modified":"2024-11-23T14:53:16","modified_gmt":"2024-11-23T12:53:16","slug":"limisanpro-medical-adhesive-remover-50ml","status":"publish","type":"product","link":"https:\/\/dia24.eu\/it\/product\/limisanpro-medical-adhesive-remover-50ml\/","title":{"rendered":"LimisanPRO Rimuovi adesivo medico 50ml"},"content":{"rendered":"<p>Limisan \u00e8 un prodotto che pu\u00f2 essere utilizzato per rimuovere diversi tipi di cerotti. \u00c8 stato progettato per rendere la rimozione di tutti i tipi di cerotti (compresi nastri adesivi, bende e cerotti medici) facile, indolore e non traumatica.<\/p>\n<p>Questo prodotto delicato per la pelle pu\u00f2 contribuire alla guarigione delle ferite, riducendo i danni alla pelle e all'area della ferita causati dalla rimozione di cerotti e medicazioni senza Limisan.<br \/>\nLimisan \u00e8 uno spray facile da usare e che funziona immediatamente.<\/p>\n<ul>\n<li>Lo spray pu\u00f2 essere utilizzato anche a testa in gi\u00f9.<\/li>\n<li>Limisan \u00e8 molto delicato sulla pelle e non brucia!<\/li>\n<li>Limisan si asciuga molto rapidamente sulla pelle e quindi non influisce sull'adesione del nuovo cerotto quando viene applicato.<\/li>\n<\/ul>","protected":false},"excerpt":{"rendered":"<p>Rimuovi adesivo delicato per la pelle<\/p>","protected":false},"featured_media":8055,"comment_status":"closed","ping_status":"closed","template":"","meta":[],"etheme_brands":[],"product_brand":[],"product_cat":[78,81],"product_tag":[],"class_list":{"0":"post-7279","1":"product","2":"type-product","3":"status-publish","4":"has-post-thumbnail","6":"product_cat-glucose-sensors-cgm","7":"product_cat-adhesive-removers","9":"first","10":"instock","11":"shipping-taxable","12":"purchasable","13":"product-type-simple"},"aioseo_notices":[],"_links":{"self":[{"href":"https:\/\/dia24.eu\/it\/wp-json\/wp\/v2\/product\/7279","targetHints":{"allow":["GET"]}}],"collection":[{"href":"https:\/\/dia24.eu\/it\/wp-json\/wp\/v2\/product"}],"about":[{"href":"https:\/\/dia24.eu\/it\/wp-json\/wp\/v2\/types\/product"}],"replies":[{"embeddable":true,"href":"https:\/\/dia24.eu\/it\/wp-json\/wp\/v2\/comments?post=7279"}],"version-history":[{"count":1,"href":"https:\/\/dia24.eu\/it\/wp-json\/wp\/v2\/product\/7279\/revisions"}],"predecessor-version":[{"id":7281,"href":"https:\/\/dia24.eu\/it\/wp-json\/wp\/v2\/product\/7279\/revisions\/7281"}],"wp:featuredmedia":[{"embeddable":true,"href":"https:\/\/dia24.eu\/it\/wp-json\/wp\/v2\/media\/8055"}],"wp:attachment":[{"href":"https:\/\/dia24.eu\/it\/wp-json\/wp\/v2\/media?parent=7279"}],"wp:term":[{"taxonomy":"brand","embeddable":true,"href":"https:\/\/dia24.eu\/it\/wp-json\/wp\/v2\/etheme_brands?post=7279"},{"taxonomy":"product_brand","embeddable":true,"href":"https:\/\/dia24.eu\/it\/wp-json\/wp\/v2\/product_brand?post=7279"},{"taxonomy":"product_cat","embeddable":true,"href":"https:\/\/dia24.eu\/it\/wp-json\/wp\/v2\/product_cat?post=7279"},{"taxonomy":"product_tag","embeddable":true,"href":"https:\/\/dia24.eu\/it\/wp-json\/wp\/v2\/product_tag?post=7279"}],"curies":[{"name":"wp","href":"https:\/\/api.w.org\/{rel}","templated":true}]}}