{"id":7285,"date":"2023-02-08T20:35:58","date_gmt":"2023-02-08T18:35:58","guid":{"rendered":"https:\/\/dia24.eu\/?post_type=product&#038;p=7285"},"modified":"2026-02-09T02:44:40","modified_gmt":"2026-02-09T00:44:40","slug":"novopen-echo-plus-smart-insulin-pen-nfc-xdrip-memory","status":"publish","type":"product","link":"https:\/\/dia24.eu\/it\/product\/novopen-echo-plus-smart-insulin-pen-nfc-xdrip-memory\/","title":{"rendered":"Novopen Echo Plus Penna per insulina intelligente [NFC, xDrip+, Memoria]"},"content":{"rendered":"<p>NovoPen Echo\u00ae Plus \u00e8 un dispositivo di iniezione riutilizzabile, destinato all'uso individuale da parte del paziente diabetico per iniettarsi l'insulina. Il dispositivo di iniezione pu\u00f2 essere utilizzato con le fiale di insulina a pistone Novo Nordisk e gli aghi monouso (forniti separatamente).<\/p>\n<p>L'utente pu\u00f2 selezionare la dose di insulina sul dispositivo di iniezione con una precisione di mezza unit\u00e0 tra 0,5 e 30 unit\u00e0.<\/p>\n<p>L'iniettore \u00e8 dotato di una memoria elettronica che visualizza e quindi aiuta a ricordare il numero di unit\u00e0 somministrate per ultime e l'ora dell'iniezione. La memoria aiuta a evitare omissioni e doppie somministrazioni.<br \/>\nCome innovazione, l'iniettore \u00e8 compatibile con i dispositivi che supportano la comunicazione near-field (NFC). Ci\u00f2 consente all'iniettore di trasmettere i dati relativi ai tempi di iniezione e ai volumi iniettati negli ultimi tre mesi a un telefono, a un computer, eccetera, consentendo, ad esempio, al medico di confrontare i dati di somministrazione dell'insulina con le letture della glicemia per regolare il trattamento. In sostanza, si tratta di un registro personale delle iniezioni del paziente. Inoltre, consente ai genitori di tenere traccia di se e quanta insulina ha assunto il figlio diabetico. I dati sono in un formato facilmente elaborabile e sono compatibili con i dati dei sensori e dei glucometri. Per scaricare i dati, \u00e8 necessario installare l'applicazione corrispondente (MySugr, Glooko).<\/p>\n<p>Utilizzabile con le ultime versioni di xDrip, trasferisce facilmente i dati di iniezione al sistema di previsione xDrip.<\/p>","protected":false},"excerpt":{"rendered":"<p>NovoPen Echo\u00ae Plus \u00e8 un dispositivo di iniezione riutilizzabile.<br \/>\nSupporta le connessioni NFC.<\/p>\n<p>A causa della disponibilit\u00e0 limitata, <strong>\u00e8 consentito solo 1 articolo per ordine<\/strong>.<\/p>","protected":false},"featured_media":7287,"comment_status":"closed","ping_status":"closed","template":"","meta":[],"etheme_brands":[],"product_brand":[],"product_cat":[88,98],"product_tag":[],"class_list":{"0":"post-7285","1":"product","2":"type-product","3":"status-publish","4":"has-post-thumbnail","6":"product_cat-accessories","7":"product_cat-insulin-pens","9":"first","10":"instock","11":"shipping-taxable","12":"purchasable","13":"product-type-variable","14":"has-default-attributes"},"aioseo_notices":[],"_links":{"self":[{"href":"https:\/\/dia24.eu\/it\/wp-json\/wp\/v2\/product\/7285","targetHints":{"allow":["GET"]}}],"collection":[{"href":"https:\/\/dia24.eu\/it\/wp-json\/wp\/v2\/product"}],"about":[{"href":"https:\/\/dia24.eu\/it\/wp-json\/wp\/v2\/types\/product"}],"replies":[{"embeddable":true,"href":"https:\/\/dia24.eu\/it\/wp-json\/wp\/v2\/comments?post=7285"}],"version-history":[{"count":8,"href":"https:\/\/dia24.eu\/it\/wp-json\/wp\/v2\/product\/7285\/revisions"}],"predecessor-version":[{"id":9905,"href":"https:\/\/dia24.eu\/it\/wp-json\/wp\/v2\/product\/7285\/revisions\/9905"}],"wp:featuredmedia":[{"embeddable":true,"href":"https:\/\/dia24.eu\/it\/wp-json\/wp\/v2\/media\/7287"}],"wp:attachment":[{"href":"https:\/\/dia24.eu\/it\/wp-json\/wp\/v2\/media?parent=7285"}],"wp:term":[{"taxonomy":"brand","embeddable":true,"href":"https:\/\/dia24.eu\/it\/wp-json\/wp\/v2\/etheme_brands?post=7285"},{"taxonomy":"product_brand","embeddable":true,"href":"https:\/\/dia24.eu\/it\/wp-json\/wp\/v2\/product_brand?post=7285"},{"taxonomy":"product_cat","embeddable":true,"href":"https:\/\/dia24.eu\/it\/wp-json\/wp\/v2\/product_cat?post=7285"},{"taxonomy":"product_tag","embeddable":true,"href":"https:\/\/dia24.eu\/it\/wp-json\/wp\/v2\/product_tag?post=7285"}],"curies":[{"name":"wp","href":"https:\/\/api.w.org\/{rel}","templated":true}]}}