{"id":8261,"date":"2023-04-11T15:09:59","date_gmt":"2023-04-11T12:09:59","guid":{"rendered":"https:\/\/dia24.eu\/?post_type=product&#038;p=8261"},"modified":"2025-09-17T22:21:19","modified_gmt":"2025-09-17T19:21:19","slug":"dexcom-one-starter-kit-transmitter-and-sensor","status":"publish","type":"product","link":"https:\/\/dia24.eu\/it\/product\/dexcom-one-kit-iniziale-trasmettitore-e-sensore\/","title":{"rendered":"Dexcom ONE Kit iniziale (trasmettitore + sensore)"},"content":{"rendered":"<p><strong><span style=\"color: #ff0000;\">IMPORTANTE!<\/span> Questo sistema di sensori verr\u00e0 dismesso nella prima met\u00e0 del 2025, <\/strong>perch\u00e9 la loro produzione sar\u00e0 interrotta.<br \/>\n\u00c8 possibile passare al nuovo <a href=\"https:\/\/dia24.eu\/it\/product\/dexcom-one-plus\/\"><strong>UNO+<\/strong><\/a> o altri sensori.<\/p>\n<p>Il pacchetto \u00e8 composto da due articoli separati:<\/p>\n<ul>\n<li>Dexcom ONE Sensore<\/li>\n<li>Dexcom ONE Trasmettitore<\/li>\n<\/ul>\n<p>Il sensore Dexcom ONE misura continuamente i livelli di glucosio.<br \/>\nIl sensore \u00e8 dotato di un applicatore che rende l'inserimento molto semplice e veloce. Il sensore pu\u00f2 essere indossato fino a 10 giorni.<br \/>\nRichiede il Dexcom ONE Trasmettitore (acquistabile separatamente)<\/p>\n<ul>\n<li>Il sensore pu\u00f2 essere indossato per un massimo di 10 giorni (consigliato)<\/li>\n<li>Viene fornito con un applicatore automatico<\/li>\n<\/ul>\n<p>Il trasmettitore Dexcom ONE si aggancia al sensore e invia le letture del glucosio in tempo reale in modalit\u00e0 wireless a uno smartphone tramite Bluetooth. Ogni trasmettitore ha una durata della batteria di 3 mesi e pu\u00f2 essere riutilizzato con pi\u00f9 sensori.<\/p>\n<ul>\n<li>Durata della batteria di 3 mesi<\/li>\n<li>Pu\u00f2 essere riutilizzato con pi\u00f9 sensori<\/li>\n<li>Applicazioni compatibili: Dexcom ONE \/ xDrip \/ xDrip4iOS<\/li>\n<\/ul>","protected":false},"excerpt":{"rendered":"<p><strong>Offerta speciale<\/strong><br \/>\nKit iniziale del sistema di monitoraggio continuo del glucosio Dexcom ONE, composto da 1 trasmettitore e 1 sensore.<\/p>\n<p><b>ULTIMA SCORTA<\/b><\/p>","protected":false},"featured_media":8276,"comment_status":"open","ping_status":"closed","template":"","meta":[],"etheme_brands":[{"term_id":91,"name":"Dexcom","slug":"dexcom","term_group":0,"term_taxonomy_id":91,"taxonomy":"brand","description":"Dexcom CGM","parent":0,"count":3,"filter":"raw"}],"product_brand":[],"product_cat":[78,79],"product_tag":[],"class_list":{"0":"post-8261","1":"product","2":"type-product","3":"status-publish","4":"has-post-thumbnail","6":"brand-dexcom","7":"product_cat-glucose-sensors-cgm","8":"product_cat-dexcom-one-cgm","10":"first","11":"outofstock","12":"featured","13":"shipping-taxable","14":"purchasable","15":"product-type-simple"},"aioseo_notices":[],"_links":{"self":[{"href":"https:\/\/dia24.eu\/it\/wp-json\/wp\/v2\/product\/8261","targetHints":{"allow":["GET"]}}],"collection":[{"href":"https:\/\/dia24.eu\/it\/wp-json\/wp\/v2\/product"}],"about":[{"href":"https:\/\/dia24.eu\/it\/wp-json\/wp\/v2\/types\/product"}],"replies":[{"embeddable":true,"href":"https:\/\/dia24.eu\/it\/wp-json\/wp\/v2\/comments?post=8261"}],"version-history":[{"count":13,"href":"https:\/\/dia24.eu\/it\/wp-json\/wp\/v2\/product\/8261\/revisions"}],"predecessor-version":[{"id":15127,"href":"https:\/\/dia24.eu\/it\/wp-json\/wp\/v2\/product\/8261\/revisions\/15127"}],"wp:featuredmedia":[{"embeddable":true,"href":"https:\/\/dia24.eu\/it\/wp-json\/wp\/v2\/media\/8276"}],"wp:attachment":[{"href":"https:\/\/dia24.eu\/it\/wp-json\/wp\/v2\/media?parent=8261"}],"wp:term":[{"taxonomy":"brand","embeddable":true,"href":"https:\/\/dia24.eu\/it\/wp-json\/wp\/v2\/etheme_brands?post=8261"},{"taxonomy":"product_brand","embeddable":true,"href":"https:\/\/dia24.eu\/it\/wp-json\/wp\/v2\/product_brand?post=8261"},{"taxonomy":"product_cat","embeddable":true,"href":"https:\/\/dia24.eu\/it\/wp-json\/wp\/v2\/product_cat?post=8261"},{"taxonomy":"product_tag","embeddable":true,"href":"https:\/\/dia24.eu\/it\/wp-json\/wp\/v2\/product_tag?post=8261"}],"curies":[{"name":"wp","href":"https:\/\/api.w.org\/{rel}","templated":true}]}}