{"id":7454,"date":"2023-03-03T02:19:07","date_gmt":"2023-03-03T00:19:07","guid":{"rendered":"https:\/\/dia24.eu\/?page_id=7454"},"modified":"2024-07-24T01:18:24","modified_gmt":"2024-07-23T22:18:24","slug":"terms-and-conditions","status":"publish","type":"page","link":"https:\/\/dia24.eu\/nl\/terms-and-conditions\/","title":{"rendered":"Algemene voorwaarden"},"content":{"rendered":"<div data-elementor-type=\"wp-page\" data-elementor-id=\"7454\" class=\"elementor elementor-7454\">\n\t\t\t\t\t\t<section class=\"elementor-section elementor-top-section elementor-element elementor-element-7869d79 elementor-section-boxed elementor-section-height-default elementor-section-height-default\" data-id=\"7869d79\" data-element_type=\"section\">\n\t\t\t\t\t\t<div class=\"elementor-container elementor-column-gap-default\">\n\t\t\t\t\t<div class=\"elementor-column elementor-col-100 elementor-top-column elementor-element elementor-element-3a63170\" data-id=\"3a63170\" data-element_type=\"column\">\n\t\t\t<div class=\"elementor-widget-wrap elementor-element-populated\">\n\t\t\t\t\t\t<div class=\"elementor-element elementor-element-a1f1fe9 elementor-widget elementor-widget-heading\" data-id=\"a1f1fe9\" data-element_type=\"widget\" data-widget_type=\"heading.default\">\n\t\t\t\t<div class=\"elementor-widget-container\">\n\t\t\t\t\t<h1 class=\"elementor-heading-title elementor-size-default\">Algemene voorwaarden<\/h1>\t\t\t\t<\/div>\n\t\t\t\t<\/div>\n\t\t\t\t<div class=\"elementor-element elementor-element-744dc67 elementor-widget elementor-widget-text-editor\" data-id=\"744dc67\" data-element_type=\"widget\" data-widget_type=\"text-editor.default\">\n\t\t\t\t<div class=\"elementor-widget-container\">\n\t\t\t\t\t\t\t\t\t<p style=\"text-align: center;\">Deze voorwaarden zijn van toepassing op de goederen die gekocht zijn in de online winkel dia24.eu<\/p>\n<h2><strong>Prijzen<\/strong><\/h2>\n<ol>\n<li>De prijzen van de producten die in de online winkel worden verkocht, worden naast de producten weergegeven.<\/li>\n<li>Alle getoonde prijzen zijn inclusief alle belastingen en zijn definitief v\u00f3\u00f3r verzendkosten.<\/li>\n<li>Er worden bezorgkosten toegevoegd op het bestelformulier.<\/li>\n<\/ol>\n<h2><strong>Bestelling plaatsen<\/strong><\/h2>\n<ol>\n<li>Om de goederen te bestellen, moet u ze toevoegen aan uw winkelwagentje<\/li>\n<li>Om een bestelling te plaatsen, gaat u verder met het afrekenproces en vult u alle vereiste gegevensvelden in.<\/li>\n<li>Om uw bestelling te bevestigen, selecteert u de juiste betaalmethode en betaalt u voor uw bestelling.<\/li>\n<li>Bestellingen worden bevestigd na succesvolle betaling<\/li>\n<\/ol>\n<h2><strong>Verzending<\/strong><\/h2>\n<ol>\n<li>Wij leveren alleen aan de onderstaande landen:\n<ul>\n<li>Alle EU-landen, waaronder: Belgi\u00eb, Bulgarije, Cyprus, Denemarken, Duitsland, Estland, Finland, Frankrijk, Griekenland, Hongarije, Ierland, Itali\u00eb, Letland, Litouwen, Luxemburg, Malta, Nederland, Oostenrijk, Polen, Portugal, Roemeni\u00eb, Sloveni\u00eb, Slowakije, Spanje, Tsjechi\u00eb en Zweden.<\/li>\n<li>Buiten de Europese Unie: Verenigd Koninkrijk, Hong Kong.<\/li>\n<\/ul>\n<\/li>\n<li>Bezorgkosten\n<ol>\n<li>Europese Unie en VK:\n<ul>\n<li>Economy (gemiddeld 7-14 dagen): 8\u20ac<\/li>\n<li>Standaard (gemiddeld 6-12 dagen): 10\u20ac<\/li>\n<li>Premium (gemiddeld 5-8 dagen): 25\u20ac<\/li>\n<li>DHL Express volgende werkdag: prijs varieert tussen 50-150\u20ac, alleen op speciaal verzoek.<\/li>\n<\/ul>\n<\/li>\n<\/ol>\n<\/li>\n<li>Alle bestellingen worden verzonden met trackingnummer.<\/li>\n<li>Levertijden:\n<ol>\n<li>Economy: gemiddeld 7-14 dagen, kan 2 of meer weken duren. Tracering niet gegarandeerd.<\/li>\n<li>Standaard: gemiddeld 6-12 dagen, kan 2 of meer weken duren. Tracering inbegrepen.<\/li>\n<li>Premium: 3 tot 8 dagen (afhankelijk van bestemming). Tracering inbegrepen. Wordt door een koerier aan uw deur afgeleverd. In zeldzame gevallen kan het langer dan een week duren.<\/li>\n<li>DHL Express: 1-2 dagen, alleen op speciaal verzoek. Tracering inbegrepen. Wordt per vliegtuig verzonden en door een koerier aan uw deur afgeleverd.<\/li>\n<\/ol>\n<\/li>\n<\/ol>\n<h2><strong>Orderverwerking<\/strong><\/h2>\n<ol>\n<li>Alle bestellingen worden binnen 3 werkdagen verwerkt en verzonden:\n<ul>\n<li>Bestellingen die op vrijdag, zaterdag of zondag worden geplaatst, worden op maandag verwerkt en dezelfde dag of uiterlijk op woensdag verzonden.<\/li><li>In niet-vermelde gevallen kan de verwerking van bestellingen tot 5 dagen duren.<\/li>\n<\/ul>\n<\/li>\n<\/ol>\n<h2><strong>Betalingsopties<\/strong><\/h2>\n<ol>\n<li>Met een bankpas of creditcard met Stripe, Google Pay of Apple Pay.<\/li>\n<li>SEPA \/ Europese bankoverschrijving naar onze bankrekening met behulp van de gegevens in de orderbevestiging<\/li>\n<\/ol>\n<ul>\n<li style=\"list-style-type: none;\">\n<ul>\n<li>Bankoverschrijving kan tot 2 werkdagen duren om op onze rekening te vereffenen, de bestelling wordt bevestigd nadat wij uw betaling hebben ontvangen.<\/li>\n<li>Onbetaalde bestellingen worden na 3 werkdagen vanaf de besteldatum geannuleerd.<\/li>\n<\/ul>\n<\/li>\n<\/ul>\n<h2><strong>Garantievoorwaarden<\/strong><\/h2>\n<ol>\n<li>Wij geven geen garantie op producten in deze categorie\u00ebn:\n<ol>\n<li>Glucosesensoren en hun apparatuur.<\/li>\n<li>Insulinespuiten, naalden en andere medische en steriele producten.<\/li>\n<li>Voedingssupplementen en dranken.<\/li>\n<\/ol>\n<\/li>\n<\/ol>\n<h2><strong>Retourvoorwaarden \/ Terugzenden van goederen<\/strong><\/h2>\n<ul>\n<li>Het recht op teruggave geldt alleen voor particuliere kopers, niet voor zakelijke klanten.<\/li>\n<\/ul>\n<h4><strong>Retourneer zonder opgaaf van reden binnen 14 dagen<\/strong><\/h4>\n<ol>\n<li>De klant heeft het recht om het contract binnen 14 dagen na ontvangst van de goederen te herroepen.<\/li>\n<li>Alleen producten in hun originele, ongeopende en onbeschadigde verpakking kunnen worden geretourneerd.<\/li>\n<li>Kosten voor retourzending altijd betaald door de klant<\/li>\n<li>Als de geretourneerde producten ons ongeopend en in de originele verpakking hebben bereikt, betalen wij de koper binnen 30 werkdagen terug, waarbij de verzendkosten van het terugbetaalde bedrag worden afgetrokken.<\/li>\n<\/ol>\n<h4><strong>Retourneer met opgaaf van reden binnen 14 dagen<\/strong><\/h4>\n<ol>\n<li>De reden zou kunnen zijn:\n<ol>\n<li>Niet in overeenstemming met wat besteld was - verkeerde maat, kleur, hoeveelheid.<\/li>\n<\/ol>\n<\/li>\n<li>Retourkosten betaald door de verkoper<\/li>\n<li>Als de koper een verpakking heeft geopend van een product dat hij\/zij niet heeft besteld, betalen wij alleen geld terug voor die verpakkingen die niet geopend zijn en zich in hun oorspronkelijke vorm bevinden.<\/li>\n<li>Als de geretourneerde producten ons ongeopend en in de originele verpakking hebben bereikt, betalen wij de koper binnen 30 werkdagen terug.<\/li>\n<\/ol>\t\t\t\t\t\t\t\t<\/div>\n\t\t\t\t<\/div>\n\t\t\t\t\t<\/div>\n\t\t<\/div>\n\t\t\t\t\t<\/div>\n\t\t<\/section>\n\t\t\t\t<\/div>","protected":false},"excerpt":{"rendered":"<p>Algemene voorwaarden Deze voorwaarden zijn van toepassing op de goederen die in de online winkel dia24.eu worden gekocht Prijzen De prijzen van de producten die in de online winkel worden verkocht, worden naast de producten weergegeven. Alle getoonde prijzen zijn inclusief alle belastingen en zijn definitief v\u00f3\u00f3r verzendkosten. Bezorgkosten...<\/p>","protected":false},"author":1,"featured_media":0,"parent":0,"menu_order":0,"comment_status":"closed","ping_status":"closed","template":"","meta":{"footnotes":""},"class_list":["post-7454","page","type-page","status-publish","hentry"],"aioseo_notices":[],"_links":{"self":[{"href":"https:\/\/dia24.eu\/nl\/wp-json\/wp\/v2\/pages\/7454","targetHints":{"allow":["GET"]}}],"collection":[{"href":"https:\/\/dia24.eu\/nl\/wp-json\/wp\/v2\/pages"}],"about":[{"href":"https:\/\/dia24.eu\/nl\/wp-json\/wp\/v2\/types\/page"}],"author":[{"embeddable":true,"href":"https:\/\/dia24.eu\/nl\/wp-json\/wp\/v2\/users\/1"}],"replies":[{"embeddable":true,"href":"https:\/\/dia24.eu\/nl\/wp-json\/wp\/v2\/comments?post=7454"}],"version-history":[{"count":94,"href":"https:\/\/dia24.eu\/nl\/wp-json\/wp\/v2\/pages\/7454\/revisions"}],"predecessor-version":[{"id":10937,"href":"https:\/\/dia24.eu\/nl\/wp-json\/wp\/v2\/pages\/7454\/revisions\/10937"}],"wp:attachment":[{"href":"https:\/\/dia24.eu\/nl\/wp-json\/wp\/v2\/media?parent=7454"}],"curies":[{"name":"wp","href":"https:\/\/api.w.org\/{rel}","templated":true}]}}