{"id":10302,"date":"2024-01-13T18:47:13","date_gmt":"2024-01-13T16:47:13","guid":{"rendered":"https:\/\/dia24.eu\/?post_type=product&#038;p=10302"},"modified":"2026-03-23T15:00:59","modified_gmt":"2026-03-23T13:00:59","slug":"dexcom-one-plus","status":"publish","type":"product","link":"https:\/\/dia24.eu\/nl\/product\/dexcom-one-plus\/","title":{"rendered":"Dexcom ONE+ Sensor (1-pak)"},"content":{"rendered":"<p><span style=\"color: #ff0000;\"><strong>INFO <\/strong><\/span><strong>Deze sensor werkt met de offici\u00eble Dexcom ONE+ app<\/strong>alvorens te kopen <strong>controleer of het in uw land verkrijgbaar is<\/strong>. U kunt ook de nieuwste versie van xDrip voor Android gebruiken (ondersteuning toegevoegd op 14 februari)<\/p>\n<p>De Dexcom ONE+ alles-in-\u00e9\u00e9n-zendersensor maakt deel uit van het Dexcom ONE+-systeem voor continue glucosemonitoring (CGM).<\/p>\n<p>Het hele Dexcom ONE+ systeem is een rtCGM-systeem, wat betekent dat het real-time gegevens naar een weergaveapparaat stuurt - het hoeft niet gescand of gekalibreerd te worden, heeft aanpasbare waarschuwingen en heeft een uitzonderlijke nauwkeurigheid, zelfs bij schommelende glucoseniveaus.<\/p>\n<p><strong>Het systeem heeft 2 componenten nodig om te werken:<\/strong><\/p>\n<ul>\n<li>Dexcom ONE+ sensor - werkt 10 dagen met een extra 12 uur respijtperiode aan het einde van elke sessie<\/li>\n<li>Een controleapparaat, d.w.z. een compatibele smartphone (of optionele Dexcom ONE+ ontvanger)<\/li>\n<\/ul>\n<p><strong>Dexcom ONE+ functies:<\/strong><\/p>\n<ul>\n<li>kleine, alles-in-\u00e9\u00e9n sensor en zender uit \u00e9\u00e9n stuk<\/li>\n<li>sensor die tot 10 dagen werkt<\/li>\n<li>30 minuten sensor opstarten<\/li>\n<li>scannen of vingerprikken is niet nodig<\/li>\n<li>bewerkbare gepersonaliseerde waarschuwingen + vertragingsfunctie, waarschuwingsfunctie op hoog niveau<\/li>\n<li>tot 3 insteekpunten voor sensoren<\/li>\n<li>de beste waterbestendigheid in zijn klasse<\/li>\n<li>nauwkeurigheid, zelfs bij grote schommelingen in glucosewaarden<\/li>\n<li>event logging - laat zien hoe zelfs kleine veranderingen de glucosespiegels kunnen be\u00efnvloeden<\/li>\n<li>12 uur respijtperiode aan het einde van elke sensorsessie<\/li>\n<li>de mogelijkheid om glucosegegevens te delen met 10 waarnemers via de Follow app<\/li>\n<\/ul>","protected":false},"excerpt":{"rendered":"<p>Dexcom ONE+ alles-in-\u00e9\u00e9n zender en sensor voor continue glucosemonitoring (CGM).<\/p>\n<p>&nbsp;<\/p>","protected":false},"featured_media":10468,"comment_status":"open","ping_status":"closed","template":"","meta":[],"etheme_brands":[],"product_brand":[],"product_cat":[139,78,79],"product_tag":[],"class_list":{"0":"post-10302","1":"product","2":"type-product","3":"status-publish","4":"has-post-thumbnail","6":"product_cat-dexcom-one-plus","7":"product_cat-glucose-sensors-cgm","8":"product_cat-dexcom-one-cgm","10":"first","11":"instock","12":"sale","13":"featured","14":"shipping-taxable","15":"purchasable","16":"product-type-simple"},"aioseo_notices":[],"_links":{"self":[{"href":"https:\/\/dia24.eu\/nl\/wp-json\/wp\/v2\/product\/10302","targetHints":{"allow":["GET"]}}],"collection":[{"href":"https:\/\/dia24.eu\/nl\/wp-json\/wp\/v2\/product"}],"about":[{"href":"https:\/\/dia24.eu\/nl\/wp-json\/wp\/v2\/types\/product"}],"replies":[{"embeddable":true,"href":"https:\/\/dia24.eu\/nl\/wp-json\/wp\/v2\/comments?post=10302"}],"version-history":[{"count":8,"href":"https:\/\/dia24.eu\/nl\/wp-json\/wp\/v2\/product\/10302\/revisions"}],"predecessor-version":[{"id":10938,"href":"https:\/\/dia24.eu\/nl\/wp-json\/wp\/v2\/product\/10302\/revisions\/10938"}],"wp:featuredmedia":[{"embeddable":true,"href":"https:\/\/dia24.eu\/nl\/wp-json\/wp\/v2\/media\/10468"}],"wp:attachment":[{"href":"https:\/\/dia24.eu\/nl\/wp-json\/wp\/v2\/media?parent=10302"}],"wp:term":[{"taxonomy":"brand","embeddable":true,"href":"https:\/\/dia24.eu\/nl\/wp-json\/wp\/v2\/etheme_brands?post=10302"},{"taxonomy":"product_brand","embeddable":true,"href":"https:\/\/dia24.eu\/nl\/wp-json\/wp\/v2\/product_brand?post=10302"},{"taxonomy":"product_cat","embeddable":true,"href":"https:\/\/dia24.eu\/nl\/wp-json\/wp\/v2\/product_cat?post=10302"},{"taxonomy":"product_tag","embeddable":true,"href":"https:\/\/dia24.eu\/nl\/wp-json\/wp\/v2\/product_tag?post=10302"}],"curies":[{"name":"wp","href":"https:\/\/api.w.org\/{rel}","templated":true}]}}