{"id":7276,"date":"2023-02-08T20:07:06","date_gmt":"2023-02-08T18:07:06","guid":{"rendered":"https:\/\/dia24.eu\/?post_type=product&#038;p=7276"},"modified":"2024-07-29T20:03:43","modified_gmt":"2024-07-29T17:03:43","slug":"cutasept-f-skin-disinfection-spray","status":"publish","type":"product","link":"https:\/\/dia24.eu\/nl\/product\/cutasept-f-skin-disinfection-spray\/","title":{"rendered":"Cutasept F Huiddesinfectiespray"},"content":{"rendered":"<p>Huidantisepticum voor gebruik v\u00f3\u00f3r injecties, puncties en chirurgische ingrepen, met een snelle en brede werking.<\/p>\n<p>Microbiologisch: bactericide, anti-infectief, anti-tuberculocide, virucide, virucide tegen omhulde virussen.<\/p>\n<p>Toepassingsgebied:<br \/>\nCutasept F wordt aanbevolen voor gebruik: voor huidantisepsis v\u00f3\u00f3r injecties, puncties en chirurgische ingrepen, in ziekenhuizen, medische praktijken, geriatrie en thuisdialyse. Mensen met diabetes v\u00f3\u00f3r bloedglucosetests of v\u00f3\u00f3r insuline-injecties.<\/p>\n<p><strong>Werkzame stoffen en hun concentratie<\/strong><br \/>\nWerkzame stoffen per 100 g oplossing:<\/p>\n<ul>\n<li>Propaan-2-ol\/isopropanol 63g<\/li>\n<li>Quaternair ammoniumzout, benzyl C12-18 alkyl dimethylchloride 0,025g<\/li>\n<\/ul>\n<p>Volumepercentage ethanol (% vol.): 72%<\/p>","protected":false},"excerpt":{"rendered":"<p>Kleurloos huiddesinfectiemiddel, huidvriendelijk.<\/p>","protected":false},"featured_media":8056,"comment_status":"closed","ping_status":"closed","template":"","meta":[],"etheme_brands":[],"product_brand":[],"product_cat":[83,85],"product_tag":[],"class_list":{"0":"post-7276","1":"product","2":"type-product","3":"status-publish","4":"has-post-thumbnail","6":"product_cat-first-aid-and-care","7":"product_cat-antiseptics","9":"first","10":"outofstock","11":"shipping-taxable","12":"purchasable","13":"product-type-simple"},"aioseo_notices":[],"_links":{"self":[{"href":"https:\/\/dia24.eu\/nl\/wp-json\/wp\/v2\/product\/7276","targetHints":{"allow":["GET"]}}],"collection":[{"href":"https:\/\/dia24.eu\/nl\/wp-json\/wp\/v2\/product"}],"about":[{"href":"https:\/\/dia24.eu\/nl\/wp-json\/wp\/v2\/types\/product"}],"replies":[{"embeddable":true,"href":"https:\/\/dia24.eu\/nl\/wp-json\/wp\/v2\/comments?post=7276"}],"version-history":[{"count":1,"href":"https:\/\/dia24.eu\/nl\/wp-json\/wp\/v2\/product\/7276\/revisions"}],"predecessor-version":[{"id":7278,"href":"https:\/\/dia24.eu\/nl\/wp-json\/wp\/v2\/product\/7276\/revisions\/7278"}],"wp:featuredmedia":[{"embeddable":true,"href":"https:\/\/dia24.eu\/nl\/wp-json\/wp\/v2\/media\/8056"}],"wp:attachment":[{"href":"https:\/\/dia24.eu\/nl\/wp-json\/wp\/v2\/media?parent=7276"}],"wp:term":[{"taxonomy":"brand","embeddable":true,"href":"https:\/\/dia24.eu\/nl\/wp-json\/wp\/v2\/etheme_brands?post=7276"},{"taxonomy":"product_brand","embeddable":true,"href":"https:\/\/dia24.eu\/nl\/wp-json\/wp\/v2\/product_brand?post=7276"},{"taxonomy":"product_cat","embeddable":true,"href":"https:\/\/dia24.eu\/nl\/wp-json\/wp\/v2\/product_cat?post=7276"},{"taxonomy":"product_tag","embeddable":true,"href":"https:\/\/dia24.eu\/nl\/wp-json\/wp\/v2\/product_tag?post=7276"}],"curies":[{"name":"wp","href":"https:\/\/api.w.org\/{rel}","templated":true}]}}