{"id":12,"date":"2018-07-31T12:15:26","date_gmt":"2018-07-31T09:15:26","guid":{"rendered":"https:\/\/xstore.8theme.com\/?page_id=3"},"modified":"2025-09-18T16:52:45","modified_gmt":"2025-09-18T13:52:45","slug":"privacy-policy","status":"publish","type":"page","link":"https:\/\/dia24.eu\/ro\/privacy-policy\/","title":{"rendered":"Politica de confiden\u021bialitate"},"content":{"rendered":"<div data-elementor-type=\"wp-page\" data-elementor-id=\"12\" class=\"elementor elementor-12\">\n\t\t\t\t\t\t<section class=\"elementor-section elementor-top-section elementor-element elementor-element-24d6b1cf elementor-section-boxed elementor-section-height-default elementor-section-height-default\" data-id=\"24d6b1cf\" data-element_type=\"section\" data-e-type=\"section\">\n\t\t\t\t\t\t<div class=\"elementor-container elementor-column-gap-default\">\n\t\t\t\t\t<div class=\"elementor-column elementor-col-100 elementor-top-column elementor-element elementor-element-671c4de7\" data-id=\"671c4de7\" data-element_type=\"column\" data-e-type=\"column\">\n\t\t\t<div class=\"elementor-widget-wrap elementor-element-populated\">\n\t\t\t\t\t\t<div class=\"elementor-element elementor-element-59e8796d elementor-widget elementor-widget-text-editor\" data-id=\"59e8796d\" data-element_type=\"widget\" data-e-type=\"widget\" data-widget_type=\"text-editor.default\">\n\t\t\t\t<div class=\"elementor-widget-container\">\n\t\t\t\t\t\t\t\t\t<h2>Politica de confiden\u021bialitate<\/h2><p>dia24.eu (Societatea) este operator de date cu caracter personal.\u00a0<\/p><h3>Colectarea \u0219i utilizarea datelor cu caracter personal<\/h3><p>Datele cu caracter personal sunt date pe care dia24.eu le colecteaz\u0103 pentru a identifica sau contacta o persoan\u0103 fizic\u0103. Datele cu caracter personal pot fi colectate cu consim\u021b\u0103m\u00e2ntul clientului \u00een urm\u0103toarele moduri:<\/p><ul><li>Detalii de contact: clientul furnizeaz\u0103 detalii de contact, care includ numele, adresa po\u0219tal\u0103, num\u0103rul de telefon \u0219i adresa de e-mail, folosind magazinul nostru online.<\/li><li>Prin utilizarea site-ului nostru (dia24.eu) prin intermediul cookie-urilor<\/li><\/ul><p>Datele cu caracter personal colectate ne vor permite s\u0103 inform\u0103m clien\u021bii cu privire la comenzile lor, la modific\u0103rile \u00een detaliile comenzii \u0219i la nout\u0103\u021bile noastre.<br \/>De asemenea, datele cu caracter personal vor fi utilizate pentru livrarea bunurilor \u0219i pentru a ne \u00eendeplini obliga\u021biile fa\u021b\u0103 de client.<\/p><h3>Protec\u021bia datelor cu caracter personal<\/h3><p>dia24.eu ia toate m\u0103surile de precau\u021bie, inclusiv m\u0103suri administrative, tehnice \u0219i fizice pentru a proteja datele personale ale clien\u021bilor. Datele cu caracter personal pot fi accesate \u0219i modificate numai de c\u0103tre lucr\u0103torii autoriza\u021bi.<\/p><h3>Securitate<\/h3><p>Toate datele cu caracter personal dezv\u0103luite \u00een cursul vizit\u0103rii magazinului nostru web \u0219i al efectu\u0103rii de achizi\u021bii vor fi tratate ca informa\u021bii confiden\u021biale. dia24.eu utilizeaz\u0103 canale de comunicare securizate \u0219i criptate cu gateway-urile de plat\u0103 \u0219i pe site-ul s\u0103u web.<\/p><h3>Modific\u0103ri ale politicii de confiden\u021bialitate<\/h3><p>Ne rezerv\u0103m dreptul de a modifica aceast\u0103 politic\u0103 de confiden\u021bialitate dac\u0103 este necesar. Prin accesarea \u0219i utilizarea site-ului nostru web, presupunem c\u0103 a\u021bi citit \u0219i sunte\u021bi de acord cu aceast\u0103 politic\u0103. Dac\u0103 ave\u021bi \u00eentreb\u0103ri suplimentare, v\u0103 rug\u0103m s\u0103 ne contacta\u021bi.<\/p>\t\t\t\t\t\t\t\t<\/div>\n\t\t\t\t<\/div>\n\t\t\t\t\t<\/div>\n\t\t<\/div>\n\t\t\t\t\t<\/div>\n\t\t<\/section>\n\t\t\t\t<\/div>","protected":false},"excerpt":{"rendered":"<p>Privacy policy dia24.eu (Company) is the processor of personal data.\u00a0 Collection and use of personal data Personal data is data that dia24.eu collects to identify or contact an individual person. Personal data may be collected with the consent of the customer in the following ways:&#8230;<\/p>","protected":false},"author":1,"featured_media":0,"parent":0,"menu_order":0,"comment_status":"closed","ping_status":"closed","template":"","meta":{"footnotes":""},"class_list":["post-12","page","type-page","status-publish","hentry"],"aioseo_notices":[],"_links":{"self":[{"href":"https:\/\/dia24.eu\/ro\/wp-json\/wp\/v2\/pages\/12","targetHints":{"allow":["GET"]}}],"collection":[{"href":"https:\/\/dia24.eu\/ro\/wp-json\/wp\/v2\/pages"}],"about":[{"href":"https:\/\/dia24.eu\/ro\/wp-json\/wp\/v2\/types\/page"}],"author":[{"embeddable":true,"href":"https:\/\/dia24.eu\/ro\/wp-json\/wp\/v2\/users\/1"}],"replies":[{"embeddable":true,"href":"https:\/\/dia24.eu\/ro\/wp-json\/wp\/v2\/comments?post=12"}],"version-history":[{"count":6,"href":"https:\/\/dia24.eu\/ro\/wp-json\/wp\/v2\/pages\/12\/revisions"}],"predecessor-version":[{"id":15854,"href":"https:\/\/dia24.eu\/ro\/wp-json\/wp\/v2\/pages\/12\/revisions\/15854"}],"wp:attachment":[{"href":"https:\/\/dia24.eu\/ro\/wp-json\/wp\/v2\/media?parent=12"}],"curies":[{"name":"wp","href":"https:\/\/api.w.org\/{rel}","templated":true}]}}