{"id":7454,"date":"2023-03-03T02:19:07","date_gmt":"2023-03-03T00:19:07","guid":{"rendered":"https:\/\/dia24.eu\/?page_id=7454"},"modified":"2024-07-24T01:18:24","modified_gmt":"2024-07-23T22:18:24","slug":"terms-and-conditions","status":"publish","type":"page","link":"https:\/\/dia24.eu\/ro\/terms-and-conditions\/","title":{"rendered":"Termeni \u0219i condi\u021bii"},"content":{"rendered":"<div data-elementor-type=\"wp-page\" data-elementor-id=\"7454\" class=\"elementor elementor-7454\">\n\t\t\t\t\t\t<section class=\"elementor-section elementor-top-section elementor-element elementor-element-7869d79 elementor-section-boxed elementor-section-height-default elementor-section-height-default\" data-id=\"7869d79\" data-element_type=\"section\">\n\t\t\t\t\t\t<div class=\"elementor-container elementor-column-gap-default\">\n\t\t\t\t\t<div class=\"elementor-column elementor-col-100 elementor-top-column elementor-element elementor-element-3a63170\" data-id=\"3a63170\" data-element_type=\"column\">\n\t\t\t<div class=\"elementor-widget-wrap elementor-element-populated\">\n\t\t\t\t\t\t<div class=\"elementor-element elementor-element-a1f1fe9 elementor-widget elementor-widget-heading\" data-id=\"a1f1fe9\" data-element_type=\"widget\" data-widget_type=\"heading.default\">\n\t\t\t\t<div class=\"elementor-widget-container\">\n\t\t\t\t\t<h1 class=\"elementor-heading-title elementor-size-default\">Termeni \u0219i condi\u021bii<\/h1>\t\t\t\t<\/div>\n\t\t\t\t<\/div>\n\t\t\t\t<div class=\"elementor-element elementor-element-744dc67 elementor-widget elementor-widget-text-editor\" data-id=\"744dc67\" data-element_type=\"widget\" data-widget_type=\"text-editor.default\">\n\t\t\t\t<div class=\"elementor-widget-container\">\n\t\t\t\t\t\t\t\t\t<p style=\"text-align: center;\">Ace\u0219ti termeni se aplic\u0103 bunurilor achizi\u021bionate din magazinul online dia24.eu.<\/p>\n<h2><strong>Pre\u021buri<\/strong><\/h2>\n<ol>\n<li>Pre\u021burile produselor v\u00e2ndute \u00een magazinul online sunt afi\u0219ate \u00een dreptul produselor.<\/li>\n<li>Toate pre\u021burile afi\u0219ate includ toate taxele \u0219i sunt finale \u00eenainte de taxele de expediere.<\/li>\n<li>O tax\u0103 de livrare va fi ad\u0103ugat\u0103 pe formularul de comand\u0103.<\/li>\n<\/ol>\n<h2><strong>Plasarea comenzii<\/strong><\/h2>\n<ol>\n<li>Pentru a comanda bunurile trebuie s\u0103 le ad\u0103uga\u021bi \u00een co\u0219ul de cump\u0103r\u0103turi.<\/li>\n<li>Pentru a plasa o comand\u0103, continua\u021bi cu procesul de plat\u0103 \u0219i completa\u021bi toate c\u00e2mpurile de date necesare.<\/li>\n<li>Pentru a v\u0103 confirma comanda, selecta\u021bi metoda de plat\u0103 corespunz\u0103toare \u0219i pl\u0103ti\u021bi comanda.<\/li>\n<li>Comenzile sunt confirmate dup\u0103 plata cu succes<\/li>\n<\/ol>\n<h2><strong>Expediere<\/strong><\/h2>\n<ol>\n<li>Livr\u0103m numai \u00een \u021b\u0103rile enumerate mai jos:\n<ul>\n<li>Toate \u021b\u0103rile UE care includ: Austria, Belgia, Bulgaria, Croa\u021bia, Republica Cipru, Republica Ceh\u0103, Danemarca, Estonia, Finlanda, Fran\u021ba, Germania, Grecia, Irlanda, Italia, Letonia, Lituania, Luxemburg, Malta, Olanda, Polonia, Portugalia, Rom\u00e2nia, Slovacia, Slovenia, Spania, Suedia \u0219i Ungaria.<\/li>\n<li>\u00cen afara Uniunii Europene: Regatul Unit, Hong Kong.<\/li>\n<\/ul>\n<\/li>\n<li>Taxe de livrare\n<ol>\n<li>Uniunea European\u0103 \u0219i Regatul Unit:\n<ul>\n<li>Economic (7-14 zile \u00een medie): 8\u20ac<\/li>\n<li>Standard (6-12 zile \u00een medie): 10\u20ac<\/li>\n<li>Premium (5-8 zile \u00een medie): 25\u20ac<\/li>\n<li>DHL Express \u00een urm\u0103toarea zi lucr\u0103toare: pre\u021bul variaz\u0103 \u00eentre 50-150 \u20ac, numai la cerere special\u0103.<\/li>\n<\/ul>\n<\/li>\n<\/ol>\n<\/li>\n<li>Toate comenzile sunt expediate cu num\u0103r de urm\u0103rire.<\/li>\n<li>Timpii de livrare:\n<ol>\n<li>Economic: \u00een medie 7-14 zile, poate dura 2 sau mai multe s\u0103pt\u0103m\u00e2ni p\u00e2n\u0103 la sosire. Urm\u0103rirea nu este garantat\u0103.<\/li>\n<li>Standard: \u00een medie 6-12 zile, poate dura 2 sau mai multe s\u0103pt\u0103m\u00e2ni p\u00e2n\u0103 la sosire. Urm\u0103rire inclus\u0103.<\/li>\n<li>Premium: \u00eentre 3 \u0219i 8 zile (\u00een func\u021bie de destina\u021bie). Urm\u0103rire inclus\u0103. Livrat prin curier la u\u0219a dumneavoastr\u0103. \u00cen cazuri rare, poate dura mai mult de o s\u0103pt\u0103m\u00e2n\u0103.<\/li>\n<li>DHL Express: 1-2 zile, numai la cerere special\u0103. Urm\u0103rire inclus\u0103. Expediat pe calea aerului \u0219i livrat prin curier la u\u0219a dvs.<\/li>\n<\/ol>\n<\/li>\n<\/ol>\n<h2><strong>Prelucrarea comenzilor<\/strong><\/h2>\n<ol>\n<li>Toate comenzile sunt procesate \u0219i expediate \u00een termen de 3 zile lucr\u0103toare:\n<ul>\n<li>Comenzile plasate vineri, s\u00e2mb\u0103t\u0103 sau duminic\u0103 vor fi procesate luni \u0219i expediate \u00een aceea\u0219i zi sau cel t\u00e2rziu miercuri.<\/li><li>\u00cen cazurile care nu sunt dezv\u0103luite, procesarea comenzii poate dura p\u00e2n\u0103 la 5 zile.<\/li>\n<\/ul>\n<\/li>\n<\/ol>\n<h2><strong>Op\u021biuni de plat\u0103<\/strong><\/h2>\n<ol>\n<li>Prin card de debit sau de credit folosind Stripe, Google Pay sau Apple Pay.<\/li>\n<li>SEPA \/ Transfer bancar european \u00een contul nostru bancar folosind detaliile furnizate \u00een confirmarea comenzii.<\/li>\n<\/ol>\n<ul>\n<li style=\"list-style-type: none;\">\n<ul>\n<li>Transferul bancar poate dura p\u00e2n\u0103 la 2 zile lucr\u0103toare pentru a se deconta \u00een contul nostru, comanda va fi confirmat\u0103 dup\u0103 ce primim plata.<\/li>\n<li>Comenzile nepl\u0103tite vor fi anulate dup\u0103 3 zile lucr\u0103toare de la data comenzii.<\/li>\n<\/ul>\n<\/li>\n<\/ul>\n<h2><strong>Condi\u021bii de garan\u021bie<\/strong><\/h2>\n<ol>\n<li>Nu acoperim produsele din aceste categorii \u00een cadrul niciunei garan\u021bii:\n<ol>\n<li>Senzorii de glucoz\u0103 \u0219i echipamentele acestora.<\/li>\n<li>Seringi de insulin\u0103, ace \u0219i alte produse medicale \u0219i sterile.<\/li>\n<li>Suplimente alimentare \u0219i b\u0103uturi.<\/li>\n<\/ol>\n<\/li>\n<\/ol>\n<h2><strong>Condi\u021bii de returnare \/ Returnarea bunurilor<\/strong><\/h2>\n<ul>\n<li>Dreptul de returnare se aplic\u0103 numai cump\u0103r\u0103torilor priva\u021bi, nu \u0219i clien\u021bilor comerciali.<\/li>\n<\/ul>\n<h4><strong>Returnare f\u0103r\u0103 motiv \u00een termen de 14 zile<\/strong><\/h4>\n<ol>\n<li>Clientul are dreptul de a se retrage din contract \u00een termen de 14 zile de la primirea bunurilor.<\/li>\n<li>Pot fi returnate numai produsele \u00een ambalajul lor original, nedeschis \u0219i nedeteriorat.<\/li>\n<li>Costurile de returnare sunt \u00eentotdeauna pl\u0103tite de c\u0103tre client<\/li>\n<li>\u00cen cazul \u00een care produsele returnate au ajuns la noi nedeschise \u0219i \u00een ambalajul lor original, vom rambursa cump\u0103r\u0103torul \u00een termen de 30 de zile lucr\u0103toare, costurile de transport fiind deduse din suma rambursat\u0103.<\/li>\n<\/ol>\n<h4><strong>Retur cu un motiv \u00een termen de 14 zile<\/strong><\/h4>\n<ol>\n<li>Motivul ar putea fi:\n<ol>\n<li>Neconformitate cu ceea ce s-a comandat - dimensiune, culoare, cantitate gre\u0219it\u0103.<\/li>\n<\/ol>\n<\/li>\n<li>Costurile de returnare pl\u0103tite de v\u00e2nz\u0103tor<\/li>\n<li>\u00cen cazul \u00een care cump\u0103r\u0103torul a deschis un pachet al unui produs pe care nu l-a comandat, vom rambursa banii doar pentru acele pachete care nu au fost deschise \u0219i sunt \u00een forma lor original\u0103.<\/li>\n<li>\u00cen cazul \u00een care produsele returnate au ajuns la noi nedeschise \u0219i \u00een ambalajul lor original, vom rambursa cump\u0103r\u0103torul \u00een termen de 30 de zile lucr\u0103toare.<\/li>\n<\/ol>\t\t\t\t\t\t\t\t<\/div>\n\t\t\t\t<\/div>\n\t\t\t\t\t<\/div>\n\t\t<\/div>\n\t\t\t\t\t<\/div>\n\t\t<\/section>\n\t\t\t\t<\/div>","protected":false},"excerpt":{"rendered":"<p>Terms and Conditions This terms apply to the goods purchased from dia24.eu online store Prices Prices of the products sold in the online store are shown next to the products. All prices shown include all taxes and are final before shipping charges. A delivery fee&#8230;<\/p>","protected":false},"author":1,"featured_media":0,"parent":0,"menu_order":0,"comment_status":"closed","ping_status":"closed","template":"","meta":{"footnotes":""},"class_list":["post-7454","page","type-page","status-publish","hentry"],"aioseo_notices":[],"_links":{"self":[{"href":"https:\/\/dia24.eu\/ro\/wp-json\/wp\/v2\/pages\/7454","targetHints":{"allow":["GET"]}}],"collection":[{"href":"https:\/\/dia24.eu\/ro\/wp-json\/wp\/v2\/pages"}],"about":[{"href":"https:\/\/dia24.eu\/ro\/wp-json\/wp\/v2\/types\/page"}],"author":[{"embeddable":true,"href":"https:\/\/dia24.eu\/ro\/wp-json\/wp\/v2\/users\/1"}],"replies":[{"embeddable":true,"href":"https:\/\/dia24.eu\/ro\/wp-json\/wp\/v2\/comments?post=7454"}],"version-history":[{"count":94,"href":"https:\/\/dia24.eu\/ro\/wp-json\/wp\/v2\/pages\/7454\/revisions"}],"predecessor-version":[{"id":10937,"href":"https:\/\/dia24.eu\/ro\/wp-json\/wp\/v2\/pages\/7454\/revisions\/10937"}],"wp:attachment":[{"href":"https:\/\/dia24.eu\/ro\/wp-json\/wp\/v2\/media?parent=7454"}],"curies":[{"name":"wp","href":"https:\/\/api.w.org\/{rel}","templated":true}]}}