{"id":7602,"date":"2023-03-03T21:00:52","date_gmt":"2023-03-03T19:00:52","guid":{"rendered":"https:\/\/dia24.eu\/?page_id=7602"},"modified":"2023-03-03T22:13:47","modified_gmt":"2023-03-03T20:13:47","slug":"questions-answers","status":"publish","type":"page","link":"https:\/\/dia24.eu\/ro\/questions-answers\/","title":{"rendered":"\u00centreb\u0103ri \u0219i r\u0103spunsuri"},"content":{"rendered":"<div data-elementor-type=\"wp-page\" data-elementor-id=\"7602\" class=\"elementor elementor-7602\">\n\t\t\t\t\t\t<section class=\"elementor-section elementor-top-section elementor-element elementor-element-6ea251b elementor-section-boxed elementor-section-height-default elementor-section-height-default\" data-id=\"6ea251b\" data-element_type=\"section\">\n\t\t\t\t\t\t<div class=\"elementor-container elementor-column-gap-default\">\n\t\t\t\t\t<div class=\"elementor-column elementor-col-100 elementor-top-column elementor-element elementor-element-0bfeff4\" data-id=\"0bfeff4\" data-element_type=\"column\">\n\t\t\t<div class=\"elementor-widget-wrap elementor-element-populated\">\n\t\t\t\t\t\t<div class=\"elementor-element elementor-element-836a1d9 elementor-widget elementor-widget-heading\" data-id=\"836a1d9\" data-element_type=\"widget\" data-widget_type=\"heading.default\">\n\t\t\t\t<div class=\"elementor-widget-container\">\n\t\t\t\t\t<h1 class=\"elementor-heading-title elementor-size-default\">\u00centreb\u0103ri \u0219i r\u0103spunsuri<\/h1>\t\t\t\t<\/div>\n\t\t\t\t<\/div>\n\t\t\t\t\t<\/div>\n\t\t<\/div>\n\t\t\t\t\t<\/div>\n\t\t<\/section>\n\t\t\t\t<section class=\"elementor-section elementor-top-section elementor-element elementor-element-2356efa elementor-section-boxed elementor-section-height-default elementor-section-height-default\" data-id=\"2356efa\" data-element_type=\"section\">\n\t\t\t\t\t\t<div class=\"elementor-container elementor-column-gap-default\">\n\t\t\t\t\t<div class=\"elementor-column elementor-col-66 elementor-top-column elementor-element elementor-element-99ef93c\" data-id=\"99ef93c\" data-element_type=\"column\">\n\t\t\t<div class=\"elementor-widget-wrap elementor-element-populated\">\n\t\t\t\t\t\t<div class=\"elementor-element elementor-element-72f8c4e elementor-widget elementor-widget-heading\" data-id=\"72f8c4e\" data-element_type=\"widget\" data-widget_type=\"heading.default\">\n\t\t\t\t<div class=\"elementor-widget-container\">\n\t\t\t\t\t<h3 class=\"elementor-heading-title elementor-size-default\">M\u0103surarea continu\u0103 a glucozei<\/h3>\t\t\t\t<\/div>\n\t\t\t\t<\/div>\n\t\t\t\t<div class=\"elementor-element elementor-element-00a7ca7 elementor-widget elementor-widget-accordion\" data-id=\"00a7ca7\" data-element_type=\"widget\" data-widget_type=\"accordion.default\">\n\t\t\t\t<div class=\"elementor-widget-container\">\n\t\t\t\t\t\t\t<div class=\"elementor-accordion\">\n\t\t\t\t\t\t\t<div class=\"elementor-accordion-item\">\n\t\t\t\t\t<div id=\"elementor-tab-title-6871\" class=\"elementor-tab-title\" data-tab=\"1\" role=\"button\" aria-controls=\"elementor-tab-content-6871\" aria-expanded=\"false\">\n\t\t\t\t\t\t\t\t\t\t\t\t<a class=\"elementor-accordion-title\" tabindex=\"0\">Pot utiliza xDrip cu un senzor Dexcom One?<\/a>\n\t\t\t\t\t<\/div>\n\t\t\t\t\t<div id=\"elementor-tab-content-6871\" class=\"elementor-tab-content elementor-clearfix\" data-tab=\"1\" role=\"region\" aria-labelledby=\"elementor-tab-title-6871\"><p>Da, xDrip este compatibil cu senzorii Dexcom ONE din 2021.<br \/>V\u0103 rug\u0103m s\u0103 folosi\u021bi cea mai recent\u0103 versiune de xDrip \u0219i s\u0103 urma\u021bi instruc\u021biunile <span style=\"text-decoration: underline;\"><strong><a href=\"https:\/\/xdrip.readthedocs.io\/en\/latest\/install\/g6\/\" target=\"_blank\" rel=\"noopener\">Instruc\u021biuni de instalare pentru senzorul G6\/ONE<\/a><\/strong><\/span>.<\/p><\/div>\n\t\t\t\t<\/div>\n\t\t\t\t\t\t\t<div class=\"elementor-accordion-item\">\n\t\t\t\t\t<div id=\"elementor-tab-title-6872\" class=\"elementor-tab-title\" data-tab=\"2\" role=\"button\" aria-controls=\"elementor-tab-content-6872\" aria-expanded=\"false\">\n\t\t\t\t\t\t\t\t\t\t\t\t<a class=\"elementor-accordion-title\" tabindex=\"0\">Pot extinde senzorul Dexcom ONE?<\/a>\n\t\t\t\t\t<\/div>\n\t\t\t\t\t<div id=\"elementor-tab-content-6872\" class=\"elementor-tab-content elementor-clearfix\" data-tab=\"2\" role=\"region\" aria-labelledby=\"elementor-tab-title-6872\"><p>De\u0219i produc\u0103torul a stabilit durata de via\u021b\u0103 a senzorului la 10 zile, pute\u021bi prelungi durata de via\u021b\u0103 dac\u0103 folosi\u021bi aplica\u021bia xDrip.<br \/>Pentru a face acest lucru, va trebui s\u0103 scoate\u021bi cu grij\u0103 transmi\u021b\u0103torul \u0219i s\u0103 a\u0219tepta\u021bi cel pu\u021bin 10 minute, apoi s\u0103 ata\u0219a\u021bi transmi\u021b\u0103torul \u00eenapoi la senzor \u0219i s\u0103 porni\u021bi acela\u0219i senzor ca \u0219i cum ar fi nou.<\/p><\/div>\n\t\t\t\t<\/div>\n\t\t\t\t\t\t\t<div class=\"elementor-accordion-item\">\n\t\t\t\t\t<div id=\"elementor-tab-title-6873\" class=\"elementor-tab-title\" data-tab=\"3\" role=\"button\" aria-controls=\"elementor-tab-content-6873\" aria-expanded=\"false\">\n\t\t\t\t\t\t\t\t\t\t\t\t<a class=\"elementor-accordion-title\" tabindex=\"0\">Pentru c\u00e2t timp pot prelungi durata de via\u021b\u0103 a senzorului?<\/a>\n\t\t\t\t\t<\/div>\n\t\t\t\t\t<div id=\"elementor-tab-content-6873\" class=\"elementor-tab-content elementor-clearfix\" data-tab=\"3\" role=\"region\" aria-labelledby=\"elementor-tab-title-6873\"><p>Durata de via\u021b\u0103 a senzorului este individual\u0103 \u0219i depinde de c\u00e2t de bine este ata\u0219at senzorul \u0219i dac\u0103 plasturele va rezista.<br \/>Unii utilizatori prelungesc senzorul p\u00e2n\u0103 la 5-10 zile.<br \/>Asta \u00eenseamn\u0103 un total de aproximativ 15-20 de zile.<\/p><\/div>\n\t\t\t\t<\/div>\n\t\t\t\t\t\t\t<div class=\"elementor-accordion-item\">\n\t\t\t\t\t<div id=\"elementor-tab-title-6874\" class=\"elementor-tab-title\" data-tab=\"4\" role=\"button\" aria-controls=\"elementor-tab-content-6874\" aria-expanded=\"false\">\n\t\t\t\t\t\t\t\t\t\t\t\t<a class=\"elementor-accordion-title\" tabindex=\"0\">\u00cen ce \u021b\u0103ri este acceptat Dexcom ONE<\/a>\n\t\t\t\t\t<\/div>\n\t\t\t\t\t<div id=\"elementor-tab-content-6874\" class=\"elementor-tab-content elementor-clearfix\" data-tab=\"4\" role=\"region\" aria-labelledby=\"elementor-tab-title-6874\"><p>Dexcom ONE este disponibil oficial doar \u00een \u021b\u0103rile europene enumerate.<br \/>Mai multe informa\u021bii pot fi g\u0103site pe site-ul oficial.<\/p><\/div>\n\t\t\t\t<\/div>\n\t\t\t\t\t\t\t<div class=\"elementor-accordion-item\">\n\t\t\t\t\t<div id=\"elementor-tab-title-6875\" class=\"elementor-tab-title\" data-tab=\"5\" role=\"button\" aria-controls=\"elementor-tab-content-6875\" aria-expanded=\"false\">\n\t\t\t\t\t\t\t\t\t\t\t\t<a class=\"elementor-accordion-title\" tabindex=\"0\">Pot s\u0103 descarc aplica\u021bia oficial\u0103 dac\u0103 Dexcom ONE nu este acceptat \u00een \u021bara mea?<\/a>\n\t\t\t\t\t<\/div>\n\t\t\t\t\t<div id=\"elementor-tab-content-6875\" class=\"elementor-tab-content elementor-clearfix\" data-tab=\"5\" role=\"region\" aria-labelledby=\"elementor-tab-title-6875\"><p>Din c\u00e2te \u0219tim noi, nu exist\u0103 o astfel de posibilitate.<br \/>Alternativ, pute\u021bi utiliza aplica\u021bia xDrip.<\/p><\/div>\n\t\t\t\t<\/div>\n\t\t\t\t\t\t\t<div class=\"elementor-accordion-item\">\n\t\t\t\t\t<div id=\"elementor-tab-title-6876\" class=\"elementor-tab-title\" data-tab=\"6\" role=\"button\" aria-controls=\"elementor-tab-content-6876\" aria-expanded=\"false\">\n\t\t\t\t\t\t\t\t\t\t\t\t<a class=\"elementor-accordion-title\" tabindex=\"0\">Ce este xDrip \u0219i care sunt capacit\u0103\u021bile sale?<\/a>\n\t\t\t\t\t<\/div>\n\t\t\t\t\t<div id=\"elementor-tab-content-6876\" class=\"elementor-tab-content elementor-clearfix\" data-tab=\"6\" role=\"region\" aria-labelledby=\"elementor-tab-title-6876\"><p>xDrip este o aplica\u021bie open-source care v\u0103 permite s\u0103 conecta\u021bi senzori de la diferi\u021bi produc\u0103tori.<br \/>Mai multe informa\u021bii pot fi g\u0103site aici: <span style=\"text-decoration: underline;\"><strong><a href=\"https:\/\/xdrip.readthedocs.io\/en\/latest\/use\/mainUI\/\" target=\"_blank\" rel=\"noopener\">xDrip+<\/a><\/strong><\/span><\/p><\/div>\n\t\t\t\t<\/div>\n\t\t\t\t\t\t\t<div class=\"elementor-accordion-item\">\n\t\t\t\t\t<div id=\"elementor-tab-title-6877\" class=\"elementor-tab-title\" data-tab=\"7\" role=\"button\" aria-controls=\"elementor-tab-content-6877\" aria-expanded=\"false\">\n\t\t\t\t\t\t\t\t\t\t\t\t<a class=\"elementor-accordion-title\" tabindex=\"0\">xDrip suport\u0103 alarme?<\/a>\n\t\t\t\t\t<\/div>\n\t\t\t\t\t<div id=\"elementor-tab-content-6877\" class=\"elementor-tab-content elementor-clearfix\" data-tab=\"7\" role=\"region\" aria-labelledby=\"elementor-tab-title-6877\"><p>xDrip are o gam\u0103 foarte larg\u0103 de caracteristici.<br \/>Alarmele de glicemie sc\u0103zut\u0103 \u0219i ridicat\u0103 sunt una dintre caracteristicile sale, pe care le pute\u021bi seta \u0219i configura singuri.<\/p><\/div>\n\t\t\t\t<\/div>\n\t\t\t\t\t\t\t<div class=\"elementor-accordion-item\">\n\t\t\t\t\t<div id=\"elementor-tab-title-6878\" class=\"elementor-tab-title\" data-tab=\"8\" role=\"button\" aria-controls=\"elementor-tab-content-6878\" aria-expanded=\"false\">\n\t\t\t\t\t\t\t\t\t\t\t\t<a class=\"elementor-accordion-title\" tabindex=\"0\">Este xDrip compatibil cu Novopen Echo Plus?<\/a>\n\t\t\t\t\t<\/div>\n\t\t\t\t\t<div id=\"elementor-tab-content-6878\" class=\"elementor-tab-content elementor-clearfix\" data-tab=\"8\" role=\"region\" aria-labelledby=\"elementor-tab-title-6878\"><p>Da, cele mai recente versiuni de xDrip accept\u0103 Novopen Echo Plus cu citire NFC.<br \/>Acest lucru v\u0103 permite s\u0103 \u00eenregistra\u021bi ultimele injec\u021bii direct \u00een aplica\u021bia xDrip. xDrip prezice apoi mi\u0219carea glicemiei cu c\u00e2teva ore \u00eenainte, utiliza\u021bi cu pruden\u021b\u0103.<\/p><\/div>\n\t\t\t\t<\/div>\n\t\t\t\t\t\t\t<div class=\"elementor-accordion-item\">\n\t\t\t\t\t<div id=\"elementor-tab-title-6879\" class=\"elementor-tab-title\" data-tab=\"9\" role=\"button\" aria-controls=\"elementor-tab-content-6879\" aria-expanded=\"false\">\n\t\t\t\t\t\t\t\t\t\t\t\t<a class=\"elementor-accordion-title\" tabindex=\"0\">De unde pot ob\u021bine ajutor cu \u00eentreb\u0103ri legate de xDrip?<\/a>\n\t\t\t\t\t<\/div>\n\t\t\t\t\t<div id=\"elementor-tab-content-6879\" class=\"elementor-tab-content elementor-clearfix\" data-tab=\"9\" role=\"region\" aria-labelledby=\"elementor-tab-title-6879\"><p><span style=\"text-decoration: underline;\"><strong><a href=\"https:\/\/www.facebook.com\/groups\/xDripG5\/\" target=\"_blank\" rel=\"noopener\">Grupul oficial xDrip pe Facebook<\/a><\/strong><\/span><br \/>\u00cen acest grup pute\u021bi pune \u00eentreb\u0103ri \u0219i cere ajutor de la al\u021bi utilizatori.<\/p><\/div>\n\t\t\t\t<\/div>\n\t\t\t\t\t\t\t\t\t\t<script type=\"application\/ld+json\">{\n    \"@context\": \"https:\\\/\\\/schema.org\",\n    \"@type\": \"FAQPage\",\n    \"mainEntity\": [\n        {\n            \"@type\": \"Question\",\n            \"name\": \"Can I use xDrip with a Dexcom One sensor?\",\n            \"acceptedAnswer\": {\n                \"@type\": \"Answer\",\n                \"text\": \"<p>Yes, xDrip supports Dexcom ONE sensors from 2021.<br \\\/>Please use the latest version of xDrip and follow the <span style=\\\"text-decoration: underline;\\\"><strong><a href=\\\"https:\\\/\\\/xdrip.readthedocs.io\\\/en\\\/latest\\\/install\\\/g6\\\/\\\" target=\\\"_blank\\\" rel=\\\"noopener\\\">installation instructions for the G6\\\/ONE sensor<\\\/a><\\\/strong><\\\/span>.<\\\/p>\"\n            }\n        },\n        {\n            \"@type\": \"Question\",\n            \"name\": \"Can I extend the Dexcom ONE sensor?\",\n            \"acceptedAnswer\": {\n                \"@type\": \"Answer\",\n                \"text\": \"<p>Although the manufacturer has set the lifetime of the sensor to 10 days, you can extend the lifetime if you use the xDrip app.<br \\\/>To do this, you will need to carefully remove the transmitter and wait at least 10 minutes, then attach the transmitter back to the sensor and start the same sensor as new.<\\\/p>\"\n            }\n        },\n        {\n            \"@type\": \"Question\",\n            \"name\": \"For how long can I extend the lifetime of the sensor?\",\n            \"acceptedAnswer\": {\n                \"@type\": \"Answer\",\n                \"text\": \"<p>The lifetime of the sensor is individual and depends on how well the sensor is attached and whether the patch will hold.<br \\\/>Some users prolong the sensor for up to 5-10 days.<br \\\/>That makes a total of about 15-20 days.<\\\/p>\"\n            }\n        },\n        {\n            \"@type\": \"Question\",\n            \"name\": \"In which countries is Dexcom ONE supported\",\n            \"acceptedAnswer\": {\n                \"@type\": \"Answer\",\n                \"text\": \"<p>Dexcom ONE is officially available only in listed European countries.<br \\\/>More information can be found on the official website.<\\\/p>\"\n            }\n        },\n        {\n            \"@type\": \"Question\",\n            \"name\": \"Can I download the official app if Dexcom ONE is not supported in my country?\",\n            \"acceptedAnswer\": {\n                \"@type\": \"Answer\",\n                \"text\": \"<p>As far as we know, there is no such possibility.<br \\\/>Alternatively, you can use the xDrip app.<\\\/p>\"\n            }\n        },\n        {\n            \"@type\": \"Question\",\n            \"name\": \"What is xDrip and what are its capabilities?\",\n            \"acceptedAnswer\": {\n                \"@type\": \"Answer\",\n                \"text\": \"<p>xDrip is an open-source app that allows you to connect sensors from different manufacturers.<br \\\/>More information can be found here: <span style=\\\"text-decoration: underline;\\\"><strong><a href=\\\"https:\\\/\\\/xdrip.readthedocs.io\\\/en\\\/latest\\\/use\\\/mainUI\\\/\\\" target=\\\"_blank\\\" rel=\\\"noopener\\\">xDrip+<\\\/a><\\\/strong><\\\/span><\\\/p>\"\n            }\n        },\n        {\n            \"@type\": \"Question\",\n            \"name\": \"Does xDrip support alarms?\",\n            \"acceptedAnswer\": {\n                \"@type\": \"Answer\",\n                \"text\": \"<p>xDrip has a very wide range of features.<br \\\/>Low and high blood glucose alarms are one of its features, you can set and configure them yourself.<\\\/p>\"\n            }\n        },\n        {\n            \"@type\": \"Question\",\n            \"name\": \"Does xDrip support Novopen Echo Plus?\",\n            \"acceptedAnswer\": {\n                \"@type\": \"Answer\",\n                \"text\": \"<p>Yes, the latest versions of xDrip support NFC readable Novopen Echo Plus.<br \\\/>This allows you to record your last injections directly into the xDrip app. The xDrip then predicts your blood sugar movement a few hours in advance, use with caution.<\\\/p>\"\n            }\n        },\n        {\n            \"@type\": \"Question\",\n            \"name\": \"Where can I get help with xDrip related questions?\",\n            \"acceptedAnswer\": {\n                \"@type\": \"Answer\",\n                \"text\": \"<p><span style=\\\"text-decoration: underline;\\\"><strong><a href=\\\"https:\\\/\\\/www.facebook.com\\\/groups\\\/xDripG5\\\/\\\" target=\\\"_blank\\\" rel=\\\"noopener\\\">Official xDrip group on Facebook<\\\/a><\\\/strong><\\\/span><br \\\/>In this group you can ask questions and ask for help from other users.<\\\/p>\"\n            }\n        }\n    ]\n}<\/script>\n\t\t\t\t\t<\/div>\n\t\t\t\t\t\t<\/div>\n\t\t\t\t<\/div>\n\t\t\t\t\t<\/div>\n\t\t<\/div>\n\t\t\t\t<div class=\"elementor-column elementor-col-33 elementor-top-column elementor-element elementor-element-82d50ad\" data-id=\"82d50ad\" data-element_type=\"column\">\n\t\t\t<div class=\"elementor-widget-wrap\">\n\t\t\t\t\t\t\t<\/div>\n\t\t<\/div>\n\t\t\t\t\t<\/div>\n\t\t<\/section>\n\t\t\t\t<section class=\"elementor-section elementor-top-section elementor-element elementor-element-bb1df42 elementor-section-boxed elementor-section-height-default elementor-section-height-default\" data-id=\"bb1df42\" data-element_type=\"section\">\n\t\t\t\t\t\t<div class=\"elementor-container elementor-column-gap-default\">\n\t\t\t\t\t<div class=\"elementor-column elementor-col-66 elementor-top-column elementor-element elementor-element-fb34621\" data-id=\"fb34621\" data-element_type=\"column\">\n\t\t\t<div class=\"elementor-widget-wrap elementor-element-populated\">\n\t\t\t\t\t\t<div class=\"elementor-element elementor-element-e288f14 elementor-widget elementor-widget-heading\" data-id=\"e288f14\" data-element_type=\"widget\" data-widget_type=\"heading.default\">\n\t\t\t\t<div class=\"elementor-widget-container\">\n\t\t\t\t\t<h3 class=\"elementor-heading-title elementor-size-default\">Produse, data de expirare, transport<\/h3>\t\t\t\t<\/div>\n\t\t\t\t<\/div>\n\t\t\t\t<div class=\"elementor-element elementor-element-03d2d43 elementor-widget elementor-widget-accordion\" data-id=\"03d2d43\" data-element_type=\"widget\" data-widget_type=\"accordion.default\">\n\t\t\t\t<div class=\"elementor-widget-container\">\n\t\t\t\t\t\t\t<div class=\"elementor-accordion\">\n\t\t\t\t\t\t\t<div class=\"elementor-accordion-item\">\n\t\t\t\t\t<div id=\"elementor-tab-title-4001\" class=\"elementor-tab-title\" data-tab=\"1\" role=\"button\" aria-controls=\"elementor-tab-content-4001\" aria-expanded=\"false\">\n\t\t\t\t\t\t\t\t\t\t\t\t<a class=\"elementor-accordion-title\" tabindex=\"0\">Care este data de expirare a produselor v\u00e2ndute?<\/a>\n\t\t\t\t\t<\/div>\n\t\t\t\t\t<div id=\"elementor-tab-content-4001\" class=\"elementor-tab-content elementor-clearfix\" data-tab=\"1\" role=\"region\" aria-labelledby=\"elementor-tab-title-4001\"><p>Toate produsele v\u00e2ndute au cea mai bun\u0103 dat\u0103 de expirare posibil\u0103.<br \/>Multe produse au o perioad\u0103 de valabilitate de 2-3 ani.<\/p><\/div>\n\t\t\t\t<\/div>\n\t\t\t\t\t\t\t<div class=\"elementor-accordion-item\">\n\t\t\t\t\t<div id=\"elementor-tab-title-4002\" class=\"elementor-tab-title\" data-tab=\"2\" role=\"button\" aria-controls=\"elementor-tab-content-4002\" aria-expanded=\"false\">\n\t\t\t\t\t\t\t\t\t\t\t\t<a class=\"elementor-accordion-title\" tabindex=\"0\">Este posibil s\u0103 urm\u0103ri\u021bi o achizi\u021bie cu un num\u0103r de urm\u0103rire?<\/a>\n\t\t\t\t\t<\/div>\n\t\t\t\t\t<div id=\"elementor-tab-content-4002\" class=\"elementor-tab-content elementor-clearfix\" data-tab=\"2\" role=\"region\" aria-labelledby=\"elementor-tab-title-4002\"><p>Da, folosim numai expedieri recomandate.<br \/>De \u00eendat\u0103 ce comanda dvs. este expediat\u0103, ve\u021bi g\u0103si codul de urm\u0103rire \u00een detaliile comenzii.<\/p><\/div>\n\t\t\t\t<\/div>\n\t\t\t\t\t\t\t\t\t\t<script type=\"application\/ld+json\">{\n    \"@context\": \"https:\\\/\\\/schema.org\",\n    \"@type\": \"FAQPage\",\n    \"mainEntity\": [\n        {\n            \"@type\": \"Question\",\n            \"name\": \"What is the expiry date of the products sold?\",\n            \"acceptedAnswer\": {\n                \"@type\": \"Answer\",\n                \"text\": \"<p>All products sold have the best possible expiry date.<br \\\/>Many products have a 2-3 year validity period.<\\\/p>\"\n            }\n        },\n        {\n            \"@type\": \"Question\",\n            \"name\": \"Is it possible to track a purchase with a tracking number?\",\n            \"acceptedAnswer\": {\n                \"@type\": \"Answer\",\n                \"text\": \"<p>Yes, we only use registered shipments.<br \\\/>As soon as your order is dispatched, you will find the tracking code in the order details.<\\\/p>\"\n            }\n        }\n    ]\n}<\/script>\n\t\t\t\t\t<\/div>\n\t\t\t\t\t\t<\/div>\n\t\t\t\t<\/div>\n\t\t\t\t\t<\/div>\n\t\t<\/div>\n\t\t\t\t<div class=\"elementor-column elementor-col-33 elementor-top-column elementor-element elementor-element-acaf749\" data-id=\"acaf749\" data-element_type=\"column\">\n\t\t\t<div class=\"elementor-widget-wrap\">\n\t\t\t\t\t\t\t<\/div>\n\t\t<\/div>\n\t\t\t\t\t<\/div>\n\t\t<\/section>\n\t\t\t\t<\/div>","protected":false},"excerpt":{"rendered":"<p>\u00centreb\u0103ri \u0219i r\u0103spunsuri Masurarea continua a glicemiei Pot utiliza xDrip cu un senzor Dexcom One? Da, xDrip accept\u0103 senzorii Dexcom ONE din 2021. V\u0103 rug\u0103m s\u0103 utiliza\u021bi cea mai recent\u0103 versiune de xDrip \u0219i s\u0103 urma\u021bi instruc\u021biunile de instalare pentru senzorul G6\/ONE. Pot extinde senzorul Dexcom ONE...<\/p>","protected":false},"author":1,"featured_media":0,"parent":0,"menu_order":0,"comment_status":"closed","ping_status":"closed","template":"","meta":{"footnotes":""},"class_list":["post-7602","page","type-page","status-publish","hentry"],"aioseo_notices":[],"_links":{"self":[{"href":"https:\/\/dia24.eu\/ro\/wp-json\/wp\/v2\/pages\/7602","targetHints":{"allow":["GET"]}}],"collection":[{"href":"https:\/\/dia24.eu\/ro\/wp-json\/wp\/v2\/pages"}],"about":[{"href":"https:\/\/dia24.eu\/ro\/wp-json\/wp\/v2\/types\/page"}],"author":[{"embeddable":true,"href":"https:\/\/dia24.eu\/ro\/wp-json\/wp\/v2\/users\/1"}],"replies":[{"embeddable":true,"href":"https:\/\/dia24.eu\/ro\/wp-json\/wp\/v2\/comments?post=7602"}],"version-history":[{"count":62,"href":"https:\/\/dia24.eu\/ro\/wp-json\/wp\/v2\/pages\/7602\/revisions"}],"predecessor-version":[{"id":7674,"href":"https:\/\/dia24.eu\/ro\/wp-json\/wp\/v2\/pages\/7602\/revisions\/7674"}],"wp:attachment":[{"href":"https:\/\/dia24.eu\/ro\/wp-json\/wp\/v2\/media?parent=7602"}],"curies":[{"name":"wp","href":"https:\/\/api.w.org\/{rel}","templated":true}]}}