{"id":9016,"date":"2023-06-06T02:00:35","date_gmt":"2023-06-05T23:00:35","guid":{"rendered":"https:\/\/dia24.eu\/?page_id=9016"},"modified":"2023-06-06T02:14:09","modified_gmt":"2023-06-05T23:14:09","slug":"quantity-discounts","status":"publish","type":"page","link":"https:\/\/dia24.eu\/ro\/quantity-discounts\/","title":{"rendered":"Reduceri de cantitate"},"content":{"rendered":"<div data-elementor-type=\"wp-page\" data-elementor-id=\"9016\" class=\"elementor elementor-9016\">\n\t\t\t\t\t\t<section class=\"elementor-section elementor-top-section elementor-element elementor-element-b116fce elementor-section-boxed elementor-section-height-default elementor-section-height-default\" data-id=\"b116fce\" data-element_type=\"section\">\n\t\t\t\t\t\t<div class=\"elementor-container elementor-column-gap-default\">\n\t\t\t\t\t<div class=\"elementor-column elementor-col-100 elementor-top-column elementor-element elementor-element-17b2801\" data-id=\"17b2801\" data-element_type=\"column\">\n\t\t\t<div class=\"elementor-widget-wrap elementor-element-populated\">\n\t\t\t\t\t\t<div class=\"elementor-element elementor-element-c0f3ccc elementor-widget elementor-widget-heading\" data-id=\"c0f3ccc\" data-element_type=\"widget\" data-widget_type=\"heading.default\">\n\t\t\t\t<div class=\"elementor-widget-container\">\n\t\t\t\t\t<h1 class=\"elementor-heading-title elementor-size-default\">Reduceri de cantitate<\/h1>\t\t\t\t<\/div>\n\t\t\t\t<\/div>\n\t\t\t\t<div class=\"elementor-element elementor-element-ecacf47 elementor-widget elementor-widget-text-editor\" data-id=\"ecacf47\" data-element_type=\"widget\" data-widget_type=\"text-editor.default\">\n\t\t\t\t<div class=\"elementor-widget-container\">\n\t\t\t\t\t\t\t\t\t<p>\u00cen magazinul nostru ve\u021bi g\u0103si multe produse care sunt disponibile cu o reducere suplimentar\u0103 dac\u0103 cump\u0103ra\u021bi mai multe produse.<\/p><h2><strong>Reduceri<\/strong><\/h2><ol><li>Un tabel cu reducerile de cantitate poate fi g\u0103sit sub fiecare descriere de produs.<\/li><li>\u00cen cazul \u00een care un produs nu are un tabel de reduceri de cantitate, din p\u0103cate, nu va fi posibil s\u0103 \u00eel achizi\u021biona\u021bi \u00een cantit\u0103\u021bi mai mari cu o reducere.<\/li><\/ol><h2>Termene de livrare pentru comenzi \u00een vrac<\/h2><ol><li>V\u0103 rug\u0103m s\u0103 fi\u021bi preg\u0103ti\u021bi pentru c\u0103 ar putea dura mai mult timp pentru a preg\u0103ti comanda \u00een vrac.<\/li><li>Preg\u0103tirea unei comenzi \u00een vrac poate dura p\u00e2n\u0103 la o s\u0103pt\u0103m\u00e2n\u0103 lucr\u0103toare.\u00a0<\/li><\/ol><h2>B2B \u0219i comenzi mari<\/h2><ol><li>Dac\u0103 sunte\u021bi o companie \u0219i dori\u021bi s\u0103 comanda\u021bi o cantitate mai mare, v\u0103 rug\u0103m s\u0103 ne contacta\u021bi \u0219i s\u0103 ne trimite\u021bi o cerere de ofert\u0103.<\/li><\/ol>\t\t\t\t\t\t\t\t<\/div>\n\t\t\t\t<\/div>\n\t\t\t\t\t<\/div>\n\t\t<\/div>\n\t\t\t\t\t<\/div>\n\t\t<\/section>\n\t\t\t\t<\/div>","protected":false},"excerpt":{"rendered":"<p>Reduceri de cantitate \u00cen magazinul nostru ve\u021bi g\u0103si multe produse care sunt disponibile cu o reducere suplimentar\u0103 dac\u0103 cump\u0103ra\u021bi mai multe. Reduceri Un tabel cu reduceri de cantitate poate fi g\u0103sit sub descrierea fiec\u0103rui produs. Dac\u0103 un produs nu are o reducere de cantitate...<\/p>","protected":false},"author":1,"featured_media":0,"parent":0,"menu_order":0,"comment_status":"closed","ping_status":"closed","template":"","meta":{"footnotes":""},"class_list":["post-9016","page","type-page","status-publish","hentry"],"aioseo_notices":[],"_links":{"self":[{"href":"https:\/\/dia24.eu\/ro\/wp-json\/wp\/v2\/pages\/9016","targetHints":{"allow":["GET"]}}],"collection":[{"href":"https:\/\/dia24.eu\/ro\/wp-json\/wp\/v2\/pages"}],"about":[{"href":"https:\/\/dia24.eu\/ro\/wp-json\/wp\/v2\/types\/page"}],"author":[{"embeddable":true,"href":"https:\/\/dia24.eu\/ro\/wp-json\/wp\/v2\/users\/1"}],"replies":[{"embeddable":true,"href":"https:\/\/dia24.eu\/ro\/wp-json\/wp\/v2\/comments?post=9016"}],"version-history":[{"count":4,"href":"https:\/\/dia24.eu\/ro\/wp-json\/wp\/v2\/pages\/9016\/revisions"}],"predecessor-version":[{"id":9021,"href":"https:\/\/dia24.eu\/ro\/wp-json\/wp\/v2\/pages\/9016\/revisions\/9021"}],"wp:attachment":[{"href":"https:\/\/dia24.eu\/ro\/wp-json\/wp\/v2\/media?parent=9016"}],"curies":[{"name":"wp","href":"https:\/\/api.w.org\/{rel}","templated":true}]}}